{"id":70115,"date":"2024-10-29T11:56:52","date_gmt":"2024-10-29T11:56:52","guid":{"rendered":"https:\/\/skinstudio.ee\/?post_type=product&#038;p=70115"},"modified":"2025-12-19T15:09:34","modified_gmt":"2025-12-19T15:09:34","slug":"521-silhouette-pants-refill","status":"publish","type":"product","link":"https:\/\/skinstudio.ee\/lt\/catalog\/arosha\/521-silhouette-pants-refill\/","title":{"rendered":"521 Silhouette Pants Refill"},"content":{"rendered":"<p data-start=\"2330\" data-end=\"2619\">Arosha 521 SILHOUETTE PANTS Refill yra aktyvinantis tirpalas, skirtas pakartotiniam tampri\u0173 naudojimui ir padedantis palaikyti k\u016bno kont\u016br\u0173 korekcijos rezultatus bei ma\u017einti celiulito matomum\u0105. Produktas pritaikytas reguliariam naudojimui namuose ir u\u017etikrina ilgalaik\u012f prie\u017ei\u016bros poveik\u012f.<\/p>\n<p data-start=\"2621\" data-end=\"3033\">Aktyvusis tirpalas pasi\u017eymi inovatyvia liposomine transdermine tiekimo sistema su kapsuliuotais aktyviaisiais ingredientais, kurie padeda tikslingai veikti problemines zonas ir gerinti bendr\u0105 odos i\u0161vaizd\u0105. Didel\u0117 kofeino ir L-karnitino koncentracija palaiko med\u017eiag\u0173 apykaitos aktyvum\u0105 ir lipolitinius procesus, o ferment\u0173 kompleksas padeda gerinti odos tekst\u016br\u0105 bei ma\u017einti \u201eapelsino \u017eievel\u0117s\u201c efekto matomum\u0105.<\/p>\n<p data-start=\"3035\" data-end=\"3164\">Produktas puikiai papildo SILHOUETTE PANTS sistem\u0105 ir padeda i\u0161laikyti tolygius bei ilgalaikius rezultatus reguliariai naudojant.<\/p>\n<p data-start=\"3166\" data-end=\"3207\"><strong data-start=\"3166\" data-end=\"3207\">Produktas negr\u0105\u017einamas ir nekei\u010diamas<\/strong><\/p>\n","protected":false},"excerpt":{"rendered":"<p data-start=\"3888\" data-end=\"3934\">K\u016bno kont\u016br\u0173 formavimo prie\u017ei\u016bros aktyvatorius<\/p>\n<h2 data-start=\"3939\" data-end=\"4235\"><strong data-start=\"3939\" data-end=\"3987\">Arosha &#8211; 521 SILHOUETTE PANTS Refill Savyb\u0117s<\/strong><\/h2>\n<p data-start=\"3939\" data-end=\"4235\">\u2714\ufe0f Prailgina k\u016bno kont\u016br\u0173 korekcijos efekt\u0105<br data-start=\"4033\" data-end=\"4036\" \/>\u2714\ufe0f Padeda palaikyti anticeliulitin\u0117s prie\u017ei\u016bros rezultatus<br data-start=\"4094\" data-end=\"4097\" \/>\u2714\ufe0f U\u017etikrina patog\u0173 naudojim\u0105 nam\u0173 s\u0105lygomis<br data-start=\"4141\" data-end=\"4144\" \/>\u2714\ufe0f Padeda i\u0161saugoti odos stangrum\u0105 ir glotnum\u0105<br data-start=\"4190\" data-end=\"4193\" \/>\u2714\ufe0f Idealiai tinka reguliariam naudojimui<\/p>\n","protected":false},"featured_media":70117,"template":"","meta":[],"pwb-brand":[1225],"product_brand":[],"product_cat":[758],"product_tag":[],"giftcard-category":[],"class_list":{"0":"post-70115","1":"product","2":"type-product","3":"status-publish","4":"has-post-thumbnail","6":"pwb-brand-arosha","7":"product_cat-kuno-prieziura","9":"first","10":"instock","11":"taxable","12":"shipping-taxable","13":"purchasable","14":"product-type-simple"},"acf":[],"brands":[{"id":1225,"name":"Arosha","slug":"arosha"}],"_links":{"self":[{"href":"https:\/\/skinstudio.ee\/lt\/wp-json\/wp\/v2\/product\/70115","targetHints":{"allow":["GET"]}}],"collection":[{"href":"https:\/\/skinstudio.ee\/lt\/wp-json\/wp\/v2\/product"}],"about":[{"href":"https:\/\/skinstudio.ee\/lt\/wp-json\/wp\/v2\/types\/product"}],"version-history":[{"count":0,"href":"https:\/\/skinstudio.ee\/lt\/wp-json\/wp\/v2\/product\/70115\/revisions"}],"wp:featuredmedia":[{"embeddable":true,"href":"https:\/\/skinstudio.ee\/lt\/wp-json\/wp\/v2\/media\/70117"}],"wp:attachment":[{"href":"https:\/\/skinstudio.ee\/lt\/wp-json\/wp\/v2\/media?parent=70115"}],"wp:term":[{"taxonomy":"pwb-brand","embeddable":true,"href":"https:\/\/skinstudio.ee\/lt\/wp-json\/wp\/v2\/pwb-brand?post=70115"},{"taxonomy":"product_brand","embeddable":true,"href":"https:\/\/skinstudio.ee\/lt\/wp-json\/wp\/v2\/product_brand?post=70115"},{"taxonomy":"product_cat","embeddable":true,"href":"https:\/\/skinstudio.ee\/lt\/wp-json\/wp\/v2\/product_cat?post=70115"},{"taxonomy":"product_tag","embeddable":true,"href":"https:\/\/skinstudio.ee\/lt\/wp-json\/wp\/v2\/product_tag?post=70115"},{"taxonomy":"giftcard-category","embeddable":true,"href":"https:\/\/skinstudio.ee\/lt\/wp-json\/wp\/v2\/giftcard-category?post=70115"}],"curies":[{"name":"wp","href":"https:\/\/api.w.org\/{rel}","templated":true}]}}