{"id":70126,"date":"2024-10-26T10:44:16","date_gmt":"2024-10-26T10:44:16","guid":{"rendered":"https:\/\/skinstudio.ee\/?post_type=product&#038;p=70126"},"modified":"2025-12-19T15:09:34","modified_gmt":"2025-12-19T15:09:34","slug":"520-nio-drain-pants","status":"publish","type":"product","link":"https:\/\/skinstudio.ee\/lt\/catalog\/arosha\/520-nio-drain-pants\/","title":{"rendered":"520 Nio Drain Pants"},"content":{"rendered":"<p data-start=\"2388\" data-end=\"2717\">Arosha 520 NIO DRAIN PANTS yra profesionali drenuojanti k\u016bno prie\u017ei\u016bros sistema, skirta ma\u017einti patinim\u0105, sunkumo poj\u016bt\u012f kojose ir suma\u017e\u0117jus\u012f audini\u0173 tonus\u0105. Produkto veiksmingumas pagr\u012fstas NIOCONTROL\u2122 technologija \u2013 inovatyvia aktyvi\u0173j\u0173 med\u017eiag\u0173 tiekimo sistema, u\u017etikrinan\u010dia auk\u0161t\u0105 j\u0173 biologin\u012f prieinamum\u0105 tikslin\u0117se zonose.<\/p>\n<p data-start=\"2719\" data-end=\"3098\">Aktyvus kompleksas su ber\u017eo ekstraktu ir Negyvosios j\u016bros druskomis padeda greitai suma\u017einti patinim\u0105, palaiko odos detoksikacijos ir remineralizacijos procesus bei gerina bendr\u0105 odos komfort\u0105 ir i\u0161vaizd\u0105. Centella asiatica ekstraktas ir escinas skatina mikrocirkuliacij\u0105 ir padeda palaikyti kraujagysli\u0173 tonus\u0105, taip prisid\u0117dami prie patinimo ir sunkumo poj\u016b\u010dio kojose ma\u017einimo.<\/p>\n<p data-start=\"3100\" data-end=\"3265\">Produktas puikiai tinka kompleksin\u0117ms k\u016bno prie\u017ei\u016bros programoms ir yra skirtas reguliariam naudojimui drenuojan\u010dios bei k\u016bno kont\u016brus formuojan\u010dios prie\u017ei\u016bros metu.<\/p>\n<p data-start=\"3267\" data-end=\"3308\"><strong data-start=\"3267\" data-end=\"3308\">Produktas negr\u0105\u017einamas ir nekei\u010diamas<\/strong><\/p>\n<p data-start=\"3310\" data-end=\"4128\">\n","protected":false},"excerpt":{"rendered":"<p data-start=\"4130\" data-end=\"4156\">Drenuojanti k\u016bno prie\u017ei\u016bra<\/p>\n<h2 data-start=\"4161\" data-end=\"4462\"><strong data-start=\"4161\" data-end=\"4201\">Arosha &#8211; 520 NIO DRAIN PANTS Savyb\u0117s<\/strong><\/h2>\n<p data-start=\"4161\" data-end=\"4462\">\u2714\ufe0f Padeda ma\u017einti patinim\u0105 ir suteikia lengvumo poj\u016bt\u012f kojose<br data-start=\"4265\" data-end=\"4268\" \/>\u2714\ufe0f Palaiko drenuojan\u010dius ir detoksikuojan\u010dius odos procesus<br data-start=\"4327\" data-end=\"4330\" \/>\u2714\ufe0f Padeda gerinti mikrocirkuliacij\u0105<br data-start=\"4365\" data-end=\"4368\" \/>\u2714\ufe0f Prisideda prie k\u016bno kont\u016br\u0173 formavimo<br data-start=\"4408\" data-end=\"4411\" \/>\u2714\ufe0f Padaro od\u0105 glotnesn\u0119, stangresn\u0119 ir pri\u017ei\u016br\u0117t\u0105<\/p>\n","protected":false},"featured_media":63144,"template":"","meta":[],"pwb-brand":[1225],"product_brand":[],"product_cat":[758],"product_tag":[],"giftcard-category":[],"class_list":{"0":"post-70126","1":"product","2":"type-product","3":"status-publish","4":"has-post-thumbnail","6":"pwb-brand-arosha","7":"product_cat-kuno-prieziura","9":"first","10":"instock","11":"taxable","12":"shipping-taxable","13":"purchasable","14":"product-type-simple"},"acf":[],"brands":[{"id":1225,"name":"Arosha","slug":"arosha"}],"_links":{"self":[{"href":"https:\/\/skinstudio.ee\/lt\/wp-json\/wp\/v2\/product\/70126","targetHints":{"allow":["GET"]}}],"collection":[{"href":"https:\/\/skinstudio.ee\/lt\/wp-json\/wp\/v2\/product"}],"about":[{"href":"https:\/\/skinstudio.ee\/lt\/wp-json\/wp\/v2\/types\/product"}],"version-history":[{"count":0,"href":"https:\/\/skinstudio.ee\/lt\/wp-json\/wp\/v2\/product\/70126\/revisions"}],"wp:featuredmedia":[{"embeddable":true,"href":"https:\/\/skinstudio.ee\/lt\/wp-json\/wp\/v2\/media\/63144"}],"wp:attachment":[{"href":"https:\/\/skinstudio.ee\/lt\/wp-json\/wp\/v2\/media?parent=70126"}],"wp:term":[{"taxonomy":"pwb-brand","embeddable":true,"href":"https:\/\/skinstudio.ee\/lt\/wp-json\/wp\/v2\/pwb-brand?post=70126"},{"taxonomy":"product_brand","embeddable":true,"href":"https:\/\/skinstudio.ee\/lt\/wp-json\/wp\/v2\/product_brand?post=70126"},{"taxonomy":"product_cat","embeddable":true,"href":"https:\/\/skinstudio.ee\/lt\/wp-json\/wp\/v2\/product_cat?post=70126"},{"taxonomy":"product_tag","embeddable":true,"href":"https:\/\/skinstudio.ee\/lt\/wp-json\/wp\/v2\/product_tag?post=70126"},{"taxonomy":"giftcard-category","embeddable":true,"href":"https:\/\/skinstudio.ee\/lt\/wp-json\/wp\/v2\/giftcard-category?post=70126"}],"curies":[{"name":"wp","href":"https:\/\/api.w.org\/{rel}","templated":true}]}}