{"id":70140,"date":"2024-09-20T09:21:27","date_gmt":"2024-09-20T09:21:27","guid":{"rendered":"https:\/\/skinstudio.ee\/?post_type=product&#038;p=70140"},"modified":"2025-12-19T15:09:34","modified_gmt":"2025-12-19T15:09:34","slug":"503-bodyslim","status":"publish","type":"product","link":"https:\/\/skinstudio.ee\/lt\/catalog\/arosha\/503-bodyslim\/","title":{"rendered":"503 Bodyslim"},"content":{"rendered":"<p data-start=\"2369\" data-end=\"2747\">Arosha 503 BODYSLIM yra k\u016bn\u0105 formuojantis bodis, pasi\u017eymintis bio-infraraudonuoju, drenuojan\u010diu ir stangrinan\u010diu poveikiu, skirtas silueto prie\u017ei\u016brai ir odos tonuso palaikymui. Produktas pritaikytas reguliariam d\u0117v\u0117jimui ir gali b\u016bti naudojamas tiek kaip savaranki\u0161ka k\u016bno prie\u017ei\u016bros priemon\u0117, tiek kartu su kosmetin\u0117mis ar profesionaliomis k\u016bno prie\u017ei\u016bros programomis.<\/p>\n<p data-start=\"2749\" data-end=\"3112\">Bodis pagamintas naudojant inovatyvi\u0105 Dermofibra\u00ae technologij\u0105 &#8211; poliesterio pluo\u0161t\u0105 su nanotechnologij\u0173 b\u016bdu integruotais organiniais kristalais. K\u016bno nat\u016bralios \u0161ilumos veikiami kristalai atspindi \u0161vies\u0105 bio-infraraudon\u0173j\u0173 spinduli\u0173 diapazone be i\u0161orinio \u0161viesos \u0161altinio. \u0160is \u0161velnus poveikis palaiko nat\u016bralius odos ir poodini\u0173 audini\u0173 fiziologinius procesus.<\/p>\n<p data-start=\"3114\" data-end=\"3441\">Bio-infraraudonasis poveikis padeda skatinti mikrocirkuliacij\u0105 ir med\u017eiag\u0173 apykaitos procesus, palaiko drenuojant\u012f efekt\u0105 ir gerina bendr\u0105 odos i\u0161vaizd\u0105. \u0160iluminis poveikis suteikia komforto d\u0117vint ir padeda atpalaiduoti raumenis. Reguliariai naudojant oda tampa lygesn\u0117, stangresn\u0117 ir elastingesn\u0117, o k\u016bno kont\u016brai &#8211; ry\u0161kesni.<\/p>\n<p data-start=\"3443\" data-end=\"3610\">Arosha anticeliulitin\u0117 linija su Dermofibra\u00ae technologija sukurta ilgalaikei ir sistemingai k\u016bno prie\u017ei\u016brai, daug d\u0117mesio skiriant komfortui ir pastoviems rezultatams.<\/p>\n<p data-start=\"3612\" data-end=\"3653\"><strong data-start=\"3612\" data-end=\"3653\">Produktas negr\u0105\u017einamas ir nekei\u010diamas<\/strong><\/p>\n","protected":false},"excerpt":{"rendered":"<p data-start=\"4121\" data-end=\"4144\">K\u016bn\u0105 formuojantis bodis<\/p>\n<h2 data-start=\"4149\" data-end=\"4404\"><strong data-start=\"4149\" data-end=\"4191\">Arosha &#8211; 503 BODYSLIM Bodysuit Savyb\u0117s<\/strong><\/h2>\n<p data-start=\"4149\" data-end=\"4404\">\u2714\ufe0f Padeda dirbti su lokaliomis riebal\u0173 sankaupomis<br data-start=\"4244\" data-end=\"4247\" \/>\u2714\ufe0f Skatina med\u017eiag\u0173 apykaitos procesus<br data-start=\"4285\" data-end=\"4288\" \/>\u2714\ufe0f I\u0161ry\u0161kina k\u016bno kont\u016brus<br data-start=\"4314\" data-end=\"4317\" \/>\u2714\ufe0f Gerina odos stangrum\u0105 ir elastingum\u0105<br data-start=\"4356\" data-end=\"4359\" \/>\u2714\ufe0f Tinka po proced\u016br\u0173 rezultatams palaikyti<\/p>\n","protected":false},"featured_media":63149,"template":"","meta":[],"pwb-brand":[1225],"product_brand":[],"product_cat":[758],"product_tag":[],"giftcard-category":[],"class_list":{"0":"post-70140","1":"product","2":"type-product","3":"status-publish","4":"has-post-thumbnail","6":"pwb-brand-arosha","7":"product_cat-kuno-prieziura","9":"first","10":"instock","11":"taxable","12":"shipping-taxable","13":"purchasable","14":"product-type-variable"},"acf":[],"brands":[{"id":1225,"name":"Arosha","slug":"arosha"}],"_links":{"self":[{"href":"https:\/\/skinstudio.ee\/lt\/wp-json\/wp\/v2\/product\/70140","targetHints":{"allow":["GET"]}}],"collection":[{"href":"https:\/\/skinstudio.ee\/lt\/wp-json\/wp\/v2\/product"}],"about":[{"href":"https:\/\/skinstudio.ee\/lt\/wp-json\/wp\/v2\/types\/product"}],"version-history":[{"count":0,"href":"https:\/\/skinstudio.ee\/lt\/wp-json\/wp\/v2\/product\/70140\/revisions"}],"wp:featuredmedia":[{"embeddable":true,"href":"https:\/\/skinstudio.ee\/lt\/wp-json\/wp\/v2\/media\/63149"}],"wp:attachment":[{"href":"https:\/\/skinstudio.ee\/lt\/wp-json\/wp\/v2\/media?parent=70140"}],"wp:term":[{"taxonomy":"pwb-brand","embeddable":true,"href":"https:\/\/skinstudio.ee\/lt\/wp-json\/wp\/v2\/pwb-brand?post=70140"},{"taxonomy":"product_brand","embeddable":true,"href":"https:\/\/skinstudio.ee\/lt\/wp-json\/wp\/v2\/product_brand?post=70140"},{"taxonomy":"product_cat","embeddable":true,"href":"https:\/\/skinstudio.ee\/lt\/wp-json\/wp\/v2\/product_cat?post=70140"},{"taxonomy":"product_tag","embeddable":true,"href":"https:\/\/skinstudio.ee\/lt\/wp-json\/wp\/v2\/product_tag?post=70140"},{"taxonomy":"giftcard-category","embeddable":true,"href":"https:\/\/skinstudio.ee\/lt\/wp-json\/wp\/v2\/giftcard-category?post=70140"}],"curies":[{"name":"wp","href":"https:\/\/api.w.org\/{rel}","templated":true}]}}