{"id":70157,"date":"2024-09-12T12:34:53","date_gmt":"2024-09-12T12:34:53","guid":{"rendered":"https:\/\/skinstudio.ee\/?post_type=product&#038;p=70157"},"modified":"2025-12-19T15:09:34","modified_gmt":"2025-12-19T15:09:34","slug":"500-pressopants","status":"publish","type":"product","link":"https:\/\/skinstudio.ee\/lt\/catalog\/arosha\/500-pressopants\/","title":{"rendered":"500 Pressopants"},"content":{"rendered":"<p data-start=\"2545\" data-end=\"2869\">Arosha 500 PRESSOPANTS yra k\u016bn\u0105 koreguojan\u010dios tampr\u0117s, pasi\u017eymin\u010dios bio-infraraudonuoju, drenuojan\u010diu ir stangrinan\u010diu poveikiu, sukurtos naudojant inovatyvi\u0105 Dermofibra\u00ae technologij\u0105. Produktas skirtas reguliariam d\u0117v\u0117jimui ir visapusi\u0161kai silueto prie\u017ei\u016brai, padedant palaikyti odos tonus\u0105 ir ma\u017einti celiulito matomum\u0105.<\/p>\n<p data-start=\"2871\" data-end=\"3125\">Tampr\u0117s padeda skatinti mikrocirkuliacij\u0105, palaiko drenuojan\u010dius procesus ir prisideda prie \u201eapelsino \u017eievel\u0117s\u201c efekto matomumo ma\u017einimo. Reguliariai naudojant oda tampa lygesn\u0117, stangresn\u0117 ir elastingesn\u0117, o k\u016bno kont\u016brai &#8211; ry\u0161kesni ir labiau i\u0161reik\u0161ti.<\/p>\n<p data-start=\"3127\" data-end=\"3548\">Dermofibra\u00ae technologija pagr\u012fsta poliesterio pluo\u0161tu su nanotechnologij\u0173 b\u016bdu integruotais organiniais kristalais. K\u016bno nat\u016bralios \u0161ilumos veikiami kristalai atspindi \u0161vies\u0105 bio-infraraudon\u0173j\u0173 spinduli\u0173 diapazone be i\u0161orinio \u0161viesos \u0161altinio. \u0160is \u0161velnus bio-infraraudonasis poveikis palaiko nat\u016bralius fiziologinius procesus odoje ir poodiniuose audiniuose, skatindamas mikrocirkuliacij\u0105 ir med\u017eiag\u0173 apykaitos aktyvum\u0105.<\/p>\n<p data-start=\"3550\" data-end=\"3828\">Papildomas Resistex\u00ae Silver pluo\u0161to intarpas, turintis 99,9% gryno sidabro, suteikia nat\u016bral\u0173 antibakterin\u012f poveik\u012f ir padidina komfort\u0105 ilgalaikio d\u0117v\u0117jimo metu. Bio-infraraudon\u0173j\u0173 spinduli\u0173 sukuriamas \u0161iluminis efektas padeda atpalaiduoti raumenis ir suteikia lengvumo poj\u016bt\u012f.<\/p>\n<p data-start=\"3830\" data-end=\"3994\">Arosha Dermofibra\u00ae technologija paremta anticeliulitin\u0117 linija sukurta ilgalaikei ir sistemingai k\u016bno prie\u017ei\u016brai, orientuojantis \u012f komfort\u0105 ir pastovius rezultatus.<\/p>\n<p data-start=\"3996\" data-end=\"4037\"><strong data-start=\"3996\" data-end=\"4037\">Produktas negr\u0105\u017einamas ir nekei\u010diamas<\/strong><\/p>\n","protected":false},"excerpt":{"rendered":"<p data-start=\"4519\" data-end=\"4541\">K\u016bno formavimo tampr\u0117s<\/p>\n<h2 data-start=\"4546\" data-end=\"4829\"><strong data-start=\"4546\" data-end=\"4582\">Arosha &#8211; 500 PRESSOPANTS Savyb\u0117s<\/strong><\/h2>\n<p data-start=\"4546\" data-end=\"4829\">\u2714\ufe0f Palaiko limfodrena\u017e\u0105 ir padeda ma\u017einti patinim\u0105<br data-start=\"4635\" data-end=\"4638\" \/>\u2714\ufe0f Gerina mikrocirkuliacij\u0105 ir audini\u0173 apr\u016bpinim\u0105 deguonimi<br data-start=\"4697\" data-end=\"4700\" \/>\u2714\ufe0f Padeda ma\u017einti celiulito matomum\u0105<br data-start=\"4736\" data-end=\"4739\" \/>\u2714\ufe0f Sustiprina k\u016bno formavimo proced\u016br\u0173 poveik\u012f<br data-start=\"4785\" data-end=\"4788\" \/>\u2714\ufe0f Suteikia lengvumo ir komforto poj\u016bt\u012f<\/p>\n","protected":false},"featured_media":63154,"template":"","meta":[],"pwb-brand":[1225],"product_brand":[],"product_cat":[758],"product_tag":[],"giftcard-category":[],"class_list":{"0":"post-70157","1":"product","2":"type-product","3":"status-publish","4":"has-post-thumbnail","6":"pwb-brand-arosha","7":"product_cat-kuno-prieziura","9":"first","10":"instock","11":"taxable","12":"shipping-taxable","13":"purchasable","14":"product-type-variable"},"acf":[],"brands":[{"id":1225,"name":"Arosha","slug":"arosha"}],"_links":{"self":[{"href":"https:\/\/skinstudio.ee\/lt\/wp-json\/wp\/v2\/product\/70157","targetHints":{"allow":["GET"]}}],"collection":[{"href":"https:\/\/skinstudio.ee\/lt\/wp-json\/wp\/v2\/product"}],"about":[{"href":"https:\/\/skinstudio.ee\/lt\/wp-json\/wp\/v2\/types\/product"}],"version-history":[{"count":0,"href":"https:\/\/skinstudio.ee\/lt\/wp-json\/wp\/v2\/product\/70157\/revisions"}],"wp:featuredmedia":[{"embeddable":true,"href":"https:\/\/skinstudio.ee\/lt\/wp-json\/wp\/v2\/media\/63154"}],"wp:attachment":[{"href":"https:\/\/skinstudio.ee\/lt\/wp-json\/wp\/v2\/media?parent=70157"}],"wp:term":[{"taxonomy":"pwb-brand","embeddable":true,"href":"https:\/\/skinstudio.ee\/lt\/wp-json\/wp\/v2\/pwb-brand?post=70157"},{"taxonomy":"product_brand","embeddable":true,"href":"https:\/\/skinstudio.ee\/lt\/wp-json\/wp\/v2\/product_brand?post=70157"},{"taxonomy":"product_cat","embeddable":true,"href":"https:\/\/skinstudio.ee\/lt\/wp-json\/wp\/v2\/product_cat?post=70157"},{"taxonomy":"product_tag","embeddable":true,"href":"https:\/\/skinstudio.ee\/lt\/wp-json\/wp\/v2\/product_tag?post=70157"},{"taxonomy":"giftcard-category","embeddable":true,"href":"https:\/\/skinstudio.ee\/lt\/wp-json\/wp\/v2\/giftcard-category?post=70157"}],"curies":[{"name":"wp","href":"https:\/\/api.w.org\/{rel}","templated":true}]}}