{"id":70173,"date":"2024-09-12T12:21:02","date_gmt":"2024-09-12T12:21:02","guid":{"rendered":"https:\/\/skinstudio.ee\/?post_type=product&#038;p=70173"},"modified":"2025-12-19T15:09:34","modified_gmt":"2025-12-19T15:09:34","slug":"518-b-tone","status":"publish","type":"product","link":"https:\/\/skinstudio.ee\/lt\/catalog\/arosha\/518-b-tone\/","title":{"rendered":"518 B-Tone"},"content":{"rendered":"<p data-start=\"2212\" data-end=\"2488\">Arosha 518 B-TONE yra dvifazis serumas, skirtas odos restrukt\u016brizacijai ir giliam maitinimui, sukurtas odos stangrumui, tonusui ir elastingumui gerinti. Produktas tinka visapusi\u0161kai k\u016bno prie\u017ei\u016brai ir ypa\u010d rekomenduojamas po svorio ma\u017e\u0117jimo, n\u0117\u0161tumo ar suma\u017e\u0117jus odos tankiui.<\/p>\n<p data-start=\"2490\" data-end=\"2889\">Serumo sinerginis atnaujinamasis poveikis pasiekiamas derinant abi fazes. Vir\u0161utin\u0117 aliejin\u0117 faz\u0117 praturtinta sald\u017ei\u0173j\u0173 migdol\u0173, simondsij\u0173 ir er\u0161k\u0117tuogi\u0173 aliejais bei fermentuot\u0173 aliej\u0173 kompleksu, kuriame yra alyvuogi\u0173, argano, saul\u0117gr\u0105\u017e\u0173 s\u0117kl\u0173, Glycyrrhiza uralensis ir shiunko aliejai. \u0160i sud\u0117tis intensyviai maitina od\u0105, padeda ma\u017einti strij\u0173 matomum\u0105 ir suteikia odai \u0161velnumo bei \u0161ilko poj\u016bt\u012f.<\/p>\n<p data-start=\"2891\" data-end=\"3234\">Apatin\u0117 vandens faz\u0117 sukurta naudojant unikali\u0105 Architekt Define technologij\u0105, kuri palaiko odos strukt\u016br\u0105 ir padeda ma\u017einti gravitacinio suglebimo po\u017eymius. Formul\u0117 skatina elastino skaidul\u0173 restrukt\u016brizacij\u0105, stimuliuoja naujo kolageno sintez\u0119 ir gerina nat\u016brali\u0105 odos dr\u0117kinimo sistem\u0105, tod\u0117l oda atrodo stangresn\u0117, elastingesn\u0117 ir lygesn\u0117.<\/p>\n<p data-start=\"3236\" data-end=\"3350\">Inovatyvi dvifaz\u0117 tekst\u016bra leid\u017eia serumui lengvai pasiskirstyti ir greitai \u012fsigerti, nepaliekant riebaus poj\u016b\u010dio.<\/p>\n<p data-start=\"3352\" data-end=\"3371\"><strong data-start=\"3352\" data-end=\"3362\">T\u016bris:<\/strong> 100 ml<\/p>\n","protected":false},"excerpt":{"rendered":"<p data-start=\"3773\" data-end=\"3834\">Dvifazis serumas odos restrukt\u016brizacijai ir giliam maitinimui<\/p>\n<h2 data-start=\"3839\" data-end=\"4120\"><strong data-start=\"3839\" data-end=\"3870\">Arosha &#8211; 518 B-TONE Savyb\u0117s<\/strong><\/h2>\n<p data-start=\"3839\" data-end=\"4120\">\u2714\ufe0f Padeda gerinti odos stangrum\u0105 ir elastingum\u0105<br data-start=\"3920\" data-end=\"3923\" \/>\u2714\ufe0f Palaiko odos tonuso atk\u016brim\u0105<br data-start=\"3954\" data-end=\"3957\" \/>\u2714\ufe0f Tinka odai po svorio ma\u017e\u0117jimo ar n\u0117\u0161tumo<br data-start=\"4000\" data-end=\"4003\" \/>\u2714\ufe0f Padeda stiprinti ir vizualiai patobulinti problemines zonas<br data-start=\"4065\" data-end=\"4068\" \/>\u2714\ufe0f Palaiko odos atsinaujinimo ir kolageno procesus<\/p>\n","protected":false},"featured_media":63159,"template":"","meta":[],"pwb-brand":[1225],"product_brand":[],"product_cat":[758],"product_tag":[],"giftcard-category":[],"class_list":{"0":"post-70173","1":"product","2":"type-product","3":"status-publish","4":"has-post-thumbnail","6":"pwb-brand-arosha","7":"product_cat-kuno-prieziura","9":"first","10":"instock","11":"taxable","12":"shipping-taxable","13":"purchasable","14":"product-type-simple"},"acf":[],"brands":[{"id":1225,"name":"Arosha","slug":"arosha"}],"_links":{"self":[{"href":"https:\/\/skinstudio.ee\/lt\/wp-json\/wp\/v2\/product\/70173","targetHints":{"allow":["GET"]}}],"collection":[{"href":"https:\/\/skinstudio.ee\/lt\/wp-json\/wp\/v2\/product"}],"about":[{"href":"https:\/\/skinstudio.ee\/lt\/wp-json\/wp\/v2\/types\/product"}],"version-history":[{"count":0,"href":"https:\/\/skinstudio.ee\/lt\/wp-json\/wp\/v2\/product\/70173\/revisions"}],"wp:featuredmedia":[{"embeddable":true,"href":"https:\/\/skinstudio.ee\/lt\/wp-json\/wp\/v2\/media\/63159"}],"wp:attachment":[{"href":"https:\/\/skinstudio.ee\/lt\/wp-json\/wp\/v2\/media?parent=70173"}],"wp:term":[{"taxonomy":"pwb-brand","embeddable":true,"href":"https:\/\/skinstudio.ee\/lt\/wp-json\/wp\/v2\/pwb-brand?post=70173"},{"taxonomy":"product_brand","embeddable":true,"href":"https:\/\/skinstudio.ee\/lt\/wp-json\/wp\/v2\/product_brand?post=70173"},{"taxonomy":"product_cat","embeddable":true,"href":"https:\/\/skinstudio.ee\/lt\/wp-json\/wp\/v2\/product_cat?post=70173"},{"taxonomy":"product_tag","embeddable":true,"href":"https:\/\/skinstudio.ee\/lt\/wp-json\/wp\/v2\/product_tag?post=70173"},{"taxonomy":"giftcard-category","embeddable":true,"href":"https:\/\/skinstudio.ee\/lt\/wp-json\/wp\/v2\/giftcard-category?post=70173"}],"curies":[{"name":"wp","href":"https:\/\/api.w.org\/{rel}","templated":true}]}}