{"id":70183,"date":"2024-01-12T12:00:37","date_gmt":"2024-01-12T12:00:37","guid":{"rendered":"https:\/\/skinstudio.ee\/?post_type=product&#038;p=70183"},"modified":"2025-12-19T15:09:34","modified_gmt":"2025-12-19T15:09:34","slug":"516-cellunight","status":"publish","type":"product","link":"https:\/\/skinstudio.ee\/lt\/catalog\/arosha\/516-cellunight\/","title":{"rendered":"516 Cellunight"},"content":{"rendered":"<div class=\"page\" title=\"Page 10\">\n<div class=\"section\">\n<div class=\"layoutArea\">\n<div class=\"column\">\n<p data-start=\"2240\" data-end=\"2512\">Arosha 516 CELLUNIGHT yra intensyvi naktin\u0117 k\u016bno prie\u017ei\u016bros priemon\u0117, skirta odos netobulumams, susijusiems su progresuojan\u010diu celiulitu, koreguoti. Formul\u0117 sukurta naudoti vakare, kai oda yra imlesn\u0117 aktyviosioms med\u017eiagoms ir suaktyv\u0117ja nat\u016bral\u016bs atsinaujinimo procesai.<\/p>\n<p data-start=\"2514\" data-end=\"2731\">Reguliariai naudojant vakaro prie\u017ei\u016broje, 516 CELLUNIGHT padeda pagerinti bendr\u0105 odos kokyb\u0119, suteikia jai glotnumo, stangrumo ir vizualaus tonuso, taip pat sustiprina ir pailgina anticeliulitini\u0173 program\u0173 rezultatus.<\/p>\n<p data-start=\"2733\" data-end=\"2770\"><strong data-start=\"2733\" data-end=\"2770\">Pagrindin\u0117s veikliosios med\u017eiagos<\/strong><\/p>\n<p data-start=\"2772\" data-end=\"2956\"><strong data-start=\"2772\" data-end=\"2788\">NOCTURSHAPE\u2122<\/strong> \u2013 biotechnologin\u0117 j\u016brin\u0117s kilm\u0117s veiklioji med\u017eiaga, padedanti ma\u017einti riebal\u0173 kaupim\u0105si nakt\u012f, veikiant nukturin\u0105 \u2013 baltym\u0105, dalyvaujant\u012f lipid\u0173 kaupime miego metu.<\/p>\n<p data-start=\"2958\" data-end=\"3048\"><strong data-start=\"2958\" data-end=\"2970\">Kofeinas<\/strong> \u2013 palaiko lipolitinius procesus ir padeda ma\u017einti riebalini\u0173 l\u0105steli\u0173 t\u016br\u012f.<\/p>\n<p data-start=\"3050\" data-end=\"3161\"><strong data-start=\"3050\" data-end=\"3064\">Karnitinas<\/strong> \u2013 dalyvauja l\u0105steli\u0173 energijos apykaitoje ir skatina riebal\u0173 naudojim\u0105 kaip energijos \u0161altin\u012f.<\/p>\n<p data-start=\"3163\" data-end=\"3252\"><strong data-start=\"3163\" data-end=\"3177\">Kolagenaz\u0117<\/strong> \u2013 padeda gerinti odos strukt\u016br\u0105 ir ma\u017einti fibrozini\u0173 nelygum\u0173 matomum\u0105.<\/p>\n<p data-start=\"3254\" data-end=\"3364\"><strong data-start=\"3254\" data-end=\"3303\">Taukmed\u017eio sviestas, migdol\u0173 ir ry\u017ei\u0173 aliejai<\/strong> \u2013 maitina od\u0105, didina jos elastingum\u0105 ir u\u017etikrina komfort\u0105.<\/p>\n<p data-start=\"3366\" data-end=\"3383\"><strong data-start=\"3366\" data-end=\"3376\">T\u016bris:<\/strong> 200 ml<\/p>\n<\/div>\n<\/div>\n<\/div>\n<\/div>\n","protected":false},"excerpt":{"rendered":"<div class=\"page\" title=\"Page 10\">\n<div class=\"section\">\n<div class=\"layoutArea\">\n<div class=\"column\">\n<p data-start=\"3682\" data-end=\"3745\">Naktin\u0117 k\u016bno prie\u017ei\u016bra celiulito korekcijai<\/p>\n<h2 data-start=\"3747\" data-end=\"4004\"><strong data-start=\"3747\" data-end=\"3782\">Arosha &#8211; 516 CELLUNIGHT Savyb\u0117s<\/strong><\/h2>\n<p data-start=\"3747\" data-end=\"4004\">\u2714\ufe0f Aktyvina naktinius lipolitinius procesus<br data-start=\"3828\" data-end=\"3831\" \/>\u2714\ufe0f Ma\u017eina celiulito sukeltus nelygumus<br data-start=\"3869\" data-end=\"3872\" \/>\u2714\ufe0f Gerina odos tank\u012f ir strukt\u016br\u0105<br data-start=\"3905\" data-end=\"3908\" \/>\u2714\ufe0f Didina audini\u0173 stangrum\u0105 ir elastingum\u0105<br data-start=\"3950\" data-end=\"3953\" \/>\u2714\ufe0f Sustiprina anticeliulitin\u0117s prie\u017ei\u016bros poveik\u012f<\/p>\n<\/div>\n<\/div>\n<\/div>\n<\/div>\n","protected":false},"featured_media":63164,"template":"","meta":[],"pwb-brand":[1225],"product_brand":[],"product_cat":[758],"product_tag":[],"giftcard-category":[],"class_list":{"0":"post-70183","1":"product","2":"type-product","3":"status-publish","4":"has-post-thumbnail","6":"pwb-brand-arosha","7":"product_cat-kuno-prieziura","9":"first","10":"instock","11":"taxable","12":"shipping-taxable","13":"purchasable","14":"product-type-simple"},"acf":[],"brands":[{"id":1225,"name":"Arosha","slug":"arosha"}],"_links":{"self":[{"href":"https:\/\/skinstudio.ee\/lt\/wp-json\/wp\/v2\/product\/70183","targetHints":{"allow":["GET"]}}],"collection":[{"href":"https:\/\/skinstudio.ee\/lt\/wp-json\/wp\/v2\/product"}],"about":[{"href":"https:\/\/skinstudio.ee\/lt\/wp-json\/wp\/v2\/types\/product"}],"version-history":[{"count":0,"href":"https:\/\/skinstudio.ee\/lt\/wp-json\/wp\/v2\/product\/70183\/revisions"}],"wp:featuredmedia":[{"embeddable":true,"href":"https:\/\/skinstudio.ee\/lt\/wp-json\/wp\/v2\/media\/63164"}],"wp:attachment":[{"href":"https:\/\/skinstudio.ee\/lt\/wp-json\/wp\/v2\/media?parent=70183"}],"wp:term":[{"taxonomy":"pwb-brand","embeddable":true,"href":"https:\/\/skinstudio.ee\/lt\/wp-json\/wp\/v2\/pwb-brand?post=70183"},{"taxonomy":"product_brand","embeddable":true,"href":"https:\/\/skinstudio.ee\/lt\/wp-json\/wp\/v2\/product_brand?post=70183"},{"taxonomy":"product_cat","embeddable":true,"href":"https:\/\/skinstudio.ee\/lt\/wp-json\/wp\/v2\/product_cat?post=70183"},{"taxonomy":"product_tag","embeddable":true,"href":"https:\/\/skinstudio.ee\/lt\/wp-json\/wp\/v2\/product_tag?post=70183"},{"taxonomy":"giftcard-category","embeddable":true,"href":"https:\/\/skinstudio.ee\/lt\/wp-json\/wp\/v2\/giftcard-category?post=70183"}],"curies":[{"name":"wp","href":"https:\/\/api.w.org\/{rel}","templated":true}]}}