{"id":70194,"date":"2024-01-12T11:24:54","date_gmt":"2024-01-12T11:24:54","guid":{"rendered":"https:\/\/skinstudio.ee\/?post_type=product&#038;p=70194"},"modified":"2025-12-19T15:09:34","modified_gmt":"2025-12-19T15:09:34","slug":"504-lipolytic","status":"publish","type":"product","link":"https:\/\/skinstudio.ee\/lt\/catalog\/arosha\/504-lipolytic\/","title":{"rendered":"504 Lipolytic"},"content":{"rendered":"<div class=\"page\" title=\"Page 13\">\n<div class=\"section\">\n<div class=\"layoutArea\">\n<div class=\"column\">\n<p data-start=\"2255\" data-end=\"2573\">Arosha 504 LIPOLYTIC yra intensyvus atkuriamasis kremas, skirtas lokali\u0173 riebal\u0173 sankaup\u0173 korekcijai ir k\u016bno kont\u016br\u0173 formavimo palaikymui juosmens, pilvo, klub\u0173 ir \u0161laun\u0173 srityse. Produktas sukurtas tikslinei kosmetinei prie\u017ei\u016brai problemin\u0117se vietose, kuriose matomi riebal\u0173 sankaup\u0173 po\u017eymiai ir nelygi odos tekst\u016bra.<\/p>\n<p data-start=\"2575\" data-end=\"2870\">Formul\u0117 pagr\u012fsta inovatyvia DRONE\u2122 technologija su selektyvia COSMETIC DRONE\u2122 veikli\u0173j\u0173 med\u017eiag\u0173 pristatymo sistema, kuri u\u017etikrina tikslin\u012f aktyvi\u0173j\u0173 komponent\u0173 poveik\u012f riebal\u0173 sankaup\u0173 zonose. Toks kryptingas veikimas padeda pagerinti odos i\u0161vaizd\u0105 ir palaiko ai\u0161kesni\u0173 k\u016bno kont\u016br\u0173 formavim\u0105.<\/p>\n<h3 data-start=\"2872\" data-end=\"2913\"><strong data-start=\"2876\" data-end=\"2913\">Pagrindin\u0117s veikliosios med\u017eiagos<\/strong><\/h3>\n<p data-start=\"2915\" data-end=\"3106\"><strong data-start=\"2915\" data-end=\"2934\">COSMETIC DRONE\u2122<\/strong> \u2013 naujos kartos lipolitin\u0117 veiklioji med\u017eiaga su selektyvia pristatymo sistema, nukreipta \u012f adipocitus. Palaiko riebal\u0173 skaidymo procesus ir padeda ma\u017einti j\u0173 kaupim\u0105si.<\/p>\n<p data-start=\"3108\" data-end=\"3204\"><strong data-start=\"3108\" data-end=\"3120\">Kofeinas<\/strong> \u2013 palaiko lipolitin\u012f aktyvum\u0105 ir padeda ma\u017einti riebal\u0173 kaupim\u0105si odos l\u0105stel\u0117se.<\/p>\n<p data-start=\"3206\" data-end=\"3317\"><strong data-start=\"3206\" data-end=\"3220\">Karnitinas<\/strong> \u2013 dalyvauja l\u0105steli\u0173 energijos apykaitoje ir skatina riebal\u0173 naudojim\u0105 kaip energijos \u0161altin\u012f.<\/p>\n<p data-start=\"3319\" data-end=\"3409\"><strong data-start=\"3319\" data-end=\"3341\">Fosfatidilcholinas<\/strong> \u2013 padeda ma\u017einti adipocit\u0173 t\u016br\u012f lokali\u0173 riebal\u0173 sankaup\u0173 srityse.<\/p>\n<p data-start=\"3411\" data-end=\"3509\"><strong data-start=\"3411\" data-end=\"3445\">Escinas ir centel\u0117s ekstraktas<\/strong> \u2013 palaiko mikrocirkuliacij\u0105 ir drena\u017e\u0105, gerindami odos b\u016bkl\u0119.<\/p>\n<p data-start=\"3511\" data-end=\"3629\"><strong data-start=\"3511\" data-end=\"3545\">Termoaktyvus komponentas (VBE)<\/strong> \u2013 suteikia \u0161ildant\u012f poveik\u012f, kuris sustiprina kosmetin\u012f veikim\u0105 problemin\u0117se zon\u0101s.<\/p>\n<p data-start=\"3631\" data-end=\"3648\"><strong data-start=\"3631\" data-end=\"3641\">T\u016bris:<\/strong> 200 ml<\/p>\n<\/div>\n<\/div>\n<\/div>\n<\/div>\n","protected":false},"excerpt":{"rendered":"<div class=\"page\" title=\"Page 13\">\n<div class=\"section\">\n<div class=\"layoutArea\">\n<div class=\"column\">\n<p data-start=\"3902\" data-end=\"3972\">Intensyvus kremas lokaliam k\u016bno kont\u016br\u0173 formavimui<\/p>\n<h2 data-start=\"3974\" data-end=\"4012\"><strong data-start=\"3978\" data-end=\"4012\">Arosha &#8211; 504 LIPOLYTIC Savyb\u0117s<\/strong><\/h2>\n<p>\u2714\ufe0f Aktyvina riebal\u0173 skaidymo procesus<br data-start=\"989\" data-end=\"992\" \/>\u2714\ufe0f Ma\u017eina lokali\u0173 riebal\u0173 sankaupas<br data-start=\"1027\" data-end=\"1030\" \/>\u2714\ufe0f Gerina odos tekst\u016br\u0105 ir tank\u012f<br data-start=\"1062\" data-end=\"1065\" \/>\u2714\ufe0f Padeda formuoti k\u016bno kont\u016brus<br data-start=\"1097\" data-end=\"1100\" \/>\u2714\ufe0f Sustiprina anticeliulitin\u0117s prie\u017ei\u016bros poveik\u012f<\/p>\n<\/div>\n<\/div>\n<\/div>\n<\/div>\n","protected":false},"featured_media":63169,"template":"","meta":[],"pwb-brand":[1225],"product_brand":[],"product_cat":[758],"product_tag":[],"giftcard-category":[],"class_list":{"0":"post-70194","1":"product","2":"type-product","3":"status-publish","4":"has-post-thumbnail","6":"pwb-brand-arosha","7":"product_cat-kuno-prieziura","9":"first","10":"instock","11":"taxable","12":"shipping-taxable","13":"purchasable","14":"product-type-simple"},"acf":[],"brands":[{"id":1225,"name":"Arosha","slug":"arosha"}],"_links":{"self":[{"href":"https:\/\/skinstudio.ee\/lt\/wp-json\/wp\/v2\/product\/70194","targetHints":{"allow":["GET"]}}],"collection":[{"href":"https:\/\/skinstudio.ee\/lt\/wp-json\/wp\/v2\/product"}],"about":[{"href":"https:\/\/skinstudio.ee\/lt\/wp-json\/wp\/v2\/types\/product"}],"version-history":[{"count":0,"href":"https:\/\/skinstudio.ee\/lt\/wp-json\/wp\/v2\/product\/70194\/revisions"}],"wp:featuredmedia":[{"embeddable":true,"href":"https:\/\/skinstudio.ee\/lt\/wp-json\/wp\/v2\/media\/63169"}],"wp:attachment":[{"href":"https:\/\/skinstudio.ee\/lt\/wp-json\/wp\/v2\/media?parent=70194"}],"wp:term":[{"taxonomy":"pwb-brand","embeddable":true,"href":"https:\/\/skinstudio.ee\/lt\/wp-json\/wp\/v2\/pwb-brand?post=70194"},{"taxonomy":"product_brand","embeddable":true,"href":"https:\/\/skinstudio.ee\/lt\/wp-json\/wp\/v2\/product_brand?post=70194"},{"taxonomy":"product_cat","embeddable":true,"href":"https:\/\/skinstudio.ee\/lt\/wp-json\/wp\/v2\/product_cat?post=70194"},{"taxonomy":"product_tag","embeddable":true,"href":"https:\/\/skinstudio.ee\/lt\/wp-json\/wp\/v2\/product_tag?post=70194"},{"taxonomy":"giftcard-category","embeddable":true,"href":"https:\/\/skinstudio.ee\/lt\/wp-json\/wp\/v2\/giftcard-category?post=70194"}],"curies":[{"name":"wp","href":"https:\/\/api.w.org\/{rel}","templated":true}]}}