{"id":70205,"date":"2024-01-12T11:14:18","date_gmt":"2024-01-12T11:14:18","guid":{"rendered":"https:\/\/skinstudio.ee\/?post_type=product&#038;p=70205"},"modified":"2025-12-19T15:09:34","modified_gmt":"2025-12-19T15:09:34","slug":"511-stretch-marks","status":"publish","type":"product","link":"https:\/\/skinstudio.ee\/lt\/catalog\/arosha\/511-stretch-marks\/","title":{"rendered":"511 Stretch Marks"},"content":{"rendered":"<div class=\"page\" title=\"Page 16\">\n<div class=\"section\">\n<div class=\"layoutArea\">\n<div class=\"column\">\n<p data-start=\"1892\" data-end=\"2159\">Arosha 511 STRETCH MARKS yra atkuriamasis k\u016bno kremas, skirtas strij\u0173 i\u0161vaizdai gerinti ir bendrai odos kokybei stiprinti. Formul\u0117 palaiko l\u0105steli\u0173 regeneracij\u0105 ir audini\u0173 rekompaktizacij\u0105, pad\u0117dama suma\u017einti esam\u0173 strij\u0173 matomum\u0105 ir u\u017ekirsti keli\u0105 nauj\u0173 atsiradimui.<\/p>\n<p data-start=\"2161\" data-end=\"2352\">Kremas padeda pagerinti odos tonus\u0105 ir elastingum\u0105, suteikdamas odai glotnesn\u0119 ir tolygesn\u0119 i\u0161vaizd\u0105. Tinka odai, paveiktai n\u0117\u0161tumo, \u017eindymo, k\u016bno svorio svyravim\u0173 ar staigaus svorio kritimo.<\/p>\n<p data-start=\"2354\" data-end=\"2391\"><strong data-start=\"2354\" data-end=\"2391\">Pagrindin\u0117s veikliosios med\u017eiagos<\/strong><\/p>\n<p data-start=\"2393\" data-end=\"2685\"><strong data-start=\"2393\" data-end=\"2407\">VANISTRYL\u2122<\/strong> &#8211; inovatyvi j\u016brin\u0117s kilm\u0117s veiklioji med\u017eiaga, veikianti pagrindinius strij\u0173 susidarymo mechanizmus. Padeda apsaugoti jungiam\u0105j\u012f audin\u012f nuo irimo ir palaiko tarpl\u0105stelin\u0117s matricos atk\u016brim\u0105, gerindama odos elastingum\u0105. Klini\u0161kai patikrinta d\u0117l geb\u0117jimo ma\u017einti strij\u0173 matomum\u0105.<\/p>\n<p data-start=\"2687\" data-end=\"2796\"><strong data-start=\"2687\" data-end=\"2700\">Kolagenas<\/strong> &#8211; strukt\u016brinis dermos baltymas, padedantis dr\u0117kinti od\u0105 ir pagerinti jos \u0161velnum\u0105 bei komfort\u0105.<\/p>\n<p data-start=\"2798\" data-end=\"2960\"><strong data-start=\"2798\" data-end=\"2821\">Organinis silikonas<\/strong> &#8211; vandenyje tirpus silikono darinys, palaikantis audini\u0173 regeneracij\u0105 ir odos tonus\u0105. Klini\u0161kai \u012frodytas veiksmingumas strij\u0173 prie\u017ei\u016broje.<\/p>\n<p data-start=\"2962\" data-end=\"2979\"><strong data-start=\"2962\" data-end=\"2972\">T\u016bris:<\/strong> 200 ml<\/p>\n<\/div>\n<\/div>\n<\/div>\n<\/div>\n","protected":false},"excerpt":{"rendered":"<div class=\"page\" title=\"Page 16\">\n<div class=\"section\">\n<div class=\"layoutArea\">\n<div class=\"column\">\n<div class=\"page\" title=\"Page 16\">\n<div class=\"section\">\n<div class=\"layoutArea\">\n<div class=\"column\">\n<p data-start=\"3100\" data-end=\"3124\">Atkuriamasis k\u016bno kremas<\/p>\n<h2 data-start=\"3126\" data-end=\"3164\"><strong data-start=\"3126\" data-end=\"3164\">Arosha &#8211; 511 STRETCH MARKS Savyb\u0117s<\/strong><\/h2>\n<p data-start=\"3166\" data-end=\"3355\">\u2714\ufe0f Ma\u017eina strij\u0173 matomum\u0105<br data-start=\"3191\" data-end=\"3194\" \/>\u2714\ufe0f Palaiko odos regeneracij\u0105 ir tank\u012f<br data-start=\"3231\" data-end=\"3234\" \/>\u2714\ufe0f Gerina odos elastingum\u0105 ir tonus\u0105<br data-start=\"3270\" data-end=\"3273\" \/>\u2714\ufe0f Lygina odos tekst\u016br\u0105 ir pavir\u0161i\u0173<br data-start=\"3308\" data-end=\"3311\" \/>\u2714\ufe0f Padeda i\u0161vengti nauj\u0173 strij\u0173 atsiradimo<\/p>\n<\/div>\n<\/div>\n<\/div>\n<\/div>\n<\/div>\n<\/div>\n<\/div>\n<\/div>\n","protected":false},"featured_media":63174,"template":"","meta":[],"pwb-brand":[1225],"product_brand":[],"product_cat":[758],"product_tag":[],"giftcard-category":[],"class_list":{"0":"post-70205","1":"product","2":"type-product","3":"status-publish","4":"has-post-thumbnail","6":"pwb-brand-arosha","7":"product_cat-kuno-prieziura","9":"first","10":"instock","11":"taxable","12":"shipping-taxable","13":"purchasable","14":"product-type-simple"},"acf":[],"brands":[{"id":1225,"name":"Arosha","slug":"arosha"}],"_links":{"self":[{"href":"https:\/\/skinstudio.ee\/lt\/wp-json\/wp\/v2\/product\/70205","targetHints":{"allow":["GET"]}}],"collection":[{"href":"https:\/\/skinstudio.ee\/lt\/wp-json\/wp\/v2\/product"}],"about":[{"href":"https:\/\/skinstudio.ee\/lt\/wp-json\/wp\/v2\/types\/product"}],"version-history":[{"count":0,"href":"https:\/\/skinstudio.ee\/lt\/wp-json\/wp\/v2\/product\/70205\/revisions"}],"wp:featuredmedia":[{"embeddable":true,"href":"https:\/\/skinstudio.ee\/lt\/wp-json\/wp\/v2\/media\/63174"}],"wp:attachment":[{"href":"https:\/\/skinstudio.ee\/lt\/wp-json\/wp\/v2\/media?parent=70205"}],"wp:term":[{"taxonomy":"pwb-brand","embeddable":true,"href":"https:\/\/skinstudio.ee\/lt\/wp-json\/wp\/v2\/pwb-brand?post=70205"},{"taxonomy":"product_brand","embeddable":true,"href":"https:\/\/skinstudio.ee\/lt\/wp-json\/wp\/v2\/product_brand?post=70205"},{"taxonomy":"product_cat","embeddable":true,"href":"https:\/\/skinstudio.ee\/lt\/wp-json\/wp\/v2\/product_cat?post=70205"},{"taxonomy":"product_tag","embeddable":true,"href":"https:\/\/skinstudio.ee\/lt\/wp-json\/wp\/v2\/product_tag?post=70205"},{"taxonomy":"giftcard-category","embeddable":true,"href":"https:\/\/skinstudio.ee\/lt\/wp-json\/wp\/v2\/giftcard-category?post=70205"}],"curies":[{"name":"wp","href":"https:\/\/api.w.org\/{rel}","templated":true}]}}