{"id":70215,"date":"2024-01-12T11:09:26","date_gmt":"2024-01-12T11:09:26","guid":{"rendered":"https:\/\/skinstudio.ee\/?post_type=product&#038;p=70215"},"modified":"2025-12-19T15:09:34","modified_gmt":"2025-12-19T15:09:34","slug":"517-sugargel-scrub","status":"publish","type":"product","link":"https:\/\/skinstudio.ee\/lt\/catalog\/arosha\/517-sugargel-scrub\/","title":{"rendered":"517 Sugargel Scrub"},"content":{"rendered":"<div class=\"page\" title=\"Page 3\">\n<div class=\"section\">\n<div class=\"layoutArea\">\n<div class=\"column\">\n<p data-start=\"2124\" data-end=\"2416\">Arosha 517 SUGARGEL SCRUB yra inovatyvus \u0161vei\u010diamasis gelis\u2013\u0161veitiklis veidui ir k\u016bnui, pasi\u017eymintis transformuojama tekst\u016bra. Tepant ant sausos odos, masa\u017eo metu gelis virsta aliejumi, o kontaktuojant su vandeniu \u2014 \u0161velniu pieneliu, u\u017etikrinan\u010diu daugiaetap\u012f valym\u0105 ir komforti\u0161k\u0105 prie\u017ei\u016br\u0105.<\/p>\n<p data-start=\"2418\" data-end=\"2771\">Formul\u0117 sujungia cukraus kristal\u0173 \u0161veln\u0173 \u0161vei\u010diam\u0105j\u012f poveik\u012f su avokad\u0173 ir sald\u017ei\u0173j\u0173 migdol\u0173 aliej\u0173 maitinan\u010diomis bei mink\u0161tinan\u010diomis savyb\u0117mis. Toks derinys padeda efektyviai pa\u0161alinti negyvas odos l\u0105steles, palaiko odos atsinaujinim\u0105 ir i\u0161saugo jos \u0161velnum\u0105, elastingum\u0105 bei dr\u0117kinim\u0105. Po naudojimo oda atrodo lygesn\u0117, gaivesn\u0117 ir labiau pri\u017ei\u016br\u0117ta.<\/p>\n<p data-start=\"2773\" data-end=\"2810\"><strong data-start=\"2773\" data-end=\"2810\">Pagrindin\u0117s veikliosios med\u017eiagos<\/strong><\/p>\n<p data-start=\"2812\" data-end=\"2993\"><strong data-start=\"2812\" data-end=\"2822\">Cukrus<\/strong> \u2013 \u0161velniai \u0161vei\u010dia od\u0105, pa\u0161alindamas negyvas l\u0105steles ir skatindamas odos atsinaujinim\u0105. Tirpdamas vandenyje papildomai maitina od\u0105, suteikdamas jai mink\u0161tumo ir dr\u0117gm\u0117s.<\/p>\n<p data-start=\"2995\" data-end=\"3188\"><strong data-start=\"2995\" data-end=\"3014\">Avokad\u0173 aliejus<\/strong> \u2013 maitina od\u0105 ir palaiko jos regeneracij\u0105, padeda atkurti hidrolipidin\u0119 pusiausvyr\u0105 bei gerina elastingum\u0105. Ypa\u010d tinka sausai, papilk\u0117jusiai, dehidratuotai ar jautriai odai.<\/p>\n<p data-start=\"3190\" data-end=\"3357\"><strong data-start=\"3190\" data-end=\"3219\">Sald\u017ei\u0173j\u0173 migdol\u0173 aliejus<\/strong> \u2013 suteikia intensyv\u0173 dr\u0117kinim\u0105 ir mink\u0161tinant\u012f poveik\u012f, palaiko odos komfort\u0105 ir skatina jos atsinaujinim\u0105 d\u0117l vitamin\u0173 ir antioksidant\u0173.<\/p>\n<p data-start=\"3359\" data-end=\"3376\"><strong data-start=\"3359\" data-end=\"3369\">T\u016bris:<\/strong> 200 ml<\/p>\n<\/div>\n<\/div>\n<\/div>\n<\/div>\n","protected":false},"excerpt":{"rendered":"<div class=\"page\" title=\"Page 3\">\n<div class=\"section\">\n<div class=\"layoutArea\">\n<div class=\"column\">\n<div class=\"page\" title=\"Page 3\">\n<div class=\"section\">\n<div class=\"layoutArea\">\n<div class=\"column\">\n<p data-start=\"3767\" data-end=\"3790\">Gelis\u2013aliejus \u0161veitimui<\/p>\n<h2 data-start=\"3792\" data-end=\"4021\"><strong data-start=\"3792\" data-end=\"3831\">Arosha &#8211; 517 SUGARGEL SCRUB Savyb\u0117s<\/strong><\/h2>\n<p data-start=\"3792\" data-end=\"4021\">\u2714\ufe0f \u0160velniai valo ir \u0161vei\u010dia od\u0105<br data-start=\"3865\" data-end=\"3868\" \/>\u2714\ufe0f Palaiko odos atsinaujinim\u0105 ir glotnum\u0105<br data-start=\"3909\" data-end=\"3912\" \/>\u2714\ufe0f Skatina mikrocirkuliacij\u0105 ir tonus\u0105<br data-start=\"3950\" data-end=\"3953\" \/>\u2714\ufe0f Maitina ir mink\u0161tina od\u0105 valymo metu<br data-start=\"3992\" data-end=\"3995\" \/>\u2714\ufe0f Tinka veidui ir k\u016bnui<\/p>\n<\/div>\n<\/div>\n<\/div>\n<\/div>\n<\/div>\n<\/div>\n<\/div>\n<\/div>\n","protected":false},"featured_media":63179,"template":"","meta":[],"pwb-brand":[1225],"product_brand":[],"product_cat":[765,758],"product_tag":[],"giftcard-category":[],"class_list":{"0":"post-70215","1":"product","2":"type-product","3":"status-publish","4":"has-post-thumbnail","6":"pwb-brand-arosha","7":"product_cat-dovanos-ideja","8":"product_cat-kuno-prieziura","10":"first","11":"instock","12":"sale","13":"taxable","14":"shipping-taxable","15":"purchasable","16":"product-type-simple"},"acf":[],"brands":[{"id":1225,"name":"Arosha","slug":"arosha"}],"_links":{"self":[{"href":"https:\/\/skinstudio.ee\/lt\/wp-json\/wp\/v2\/product\/70215","targetHints":{"allow":["GET"]}}],"collection":[{"href":"https:\/\/skinstudio.ee\/lt\/wp-json\/wp\/v2\/product"}],"about":[{"href":"https:\/\/skinstudio.ee\/lt\/wp-json\/wp\/v2\/types\/product"}],"version-history":[{"count":0,"href":"https:\/\/skinstudio.ee\/lt\/wp-json\/wp\/v2\/product\/70215\/revisions"}],"wp:featuredmedia":[{"embeddable":true,"href":"https:\/\/skinstudio.ee\/lt\/wp-json\/wp\/v2\/media\/63179"}],"wp:attachment":[{"href":"https:\/\/skinstudio.ee\/lt\/wp-json\/wp\/v2\/media?parent=70215"}],"wp:term":[{"taxonomy":"pwb-brand","embeddable":true,"href":"https:\/\/skinstudio.ee\/lt\/wp-json\/wp\/v2\/pwb-brand?post=70215"},{"taxonomy":"product_brand","embeddable":true,"href":"https:\/\/skinstudio.ee\/lt\/wp-json\/wp\/v2\/product_brand?post=70215"},{"taxonomy":"product_cat","embeddable":true,"href":"https:\/\/skinstudio.ee\/lt\/wp-json\/wp\/v2\/product_cat?post=70215"},{"taxonomy":"product_tag","embeddable":true,"href":"https:\/\/skinstudio.ee\/lt\/wp-json\/wp\/v2\/product_tag?post=70215"},{"taxonomy":"giftcard-category","embeddable":true,"href":"https:\/\/skinstudio.ee\/lt\/wp-json\/wp\/v2\/giftcard-category?post=70215"}],"curies":[{"name":"wp","href":"https:\/\/api.w.org\/{rel}","templated":true}]}}