{"id":70226,"date":"2024-01-12T11:07:43","date_gmt":"2024-01-12T11:07:43","guid":{"rendered":"https:\/\/skinstudio.ee\/?post_type=product&#038;p=70226"},"modified":"2025-12-19T15:09:34","modified_gmt":"2025-12-19T15:09:34","slug":"513-breast-decollete","status":"publish","type":"product","link":"https:\/\/skinstudio.ee\/lt\/catalog\/arosha\/513-breast-decollete\/","title":{"rendered":"513 Breast &amp; D\u00e9collet\u00e9"},"content":{"rendered":"<div class=\"page\" title=\"Page 18\">\n<div class=\"section\">\n<div class=\"layoutArea\">\n<div class=\"column\">\n<p data-start=\"1800\" data-end=\"2045\">Arosha 513 BREAST &amp; D\u00c9COLLET\u00c9 yra reintegruojantis gelis, skirtas kr\u016btin\u0117s ir dekolt\u0117 srities odos prie\u017ei\u016brai, kai oda yra praradusi stangrum\u0105 ir tonus\u0105. Priemon\u0117 padeda palaikyti audini\u0173 tank\u012f ir pagerinti odos i\u0161vaizd\u0105 \u0161ioje jautrioje srityje.<\/p>\n<p data-start=\"2047\" data-end=\"2302\">Formul\u0117je esantys kruop\u0161\u010diai atrinkti augaliniai ekstraktai veikia sinergi\u0161kai, pad\u0117dami stiprinti od\u0105, gerinti jos elastingum\u0105 ir vizualiai tobulinti kont\u016brus. Reguliariai naudojant kr\u016btin\u0117s ir dekolt\u0117 oda atrodo stangresn\u0117, lygesn\u0117 ir labiau pri\u017ei\u016br\u0117ta.<\/p>\n<p data-start=\"2304\" data-end=\"2341\"><strong data-start=\"2304\" data-end=\"2341\">Pagrindin\u0117s veikliosios med\u017eiagos<\/strong><\/p>\n<p data-start=\"2343\" data-end=\"2509\"><strong data-start=\"2343\" data-end=\"2374\">Kigelia africana ekstraktas<\/strong> \u2013 augalin\u0117s kilm\u0117s veiklioji med\u017eiaga, turtinga flavonoidais ir saponinais, padedanti gerinti odos stangrum\u0105, tonus\u0105 ir audini\u0173 tank\u012f.<\/p>\n<p data-start=\"2511\" data-end=\"2711\"><strong data-start=\"2511\" data-end=\"2534\">Organinis silikonas<\/strong> \u2013 vandenyje tirpus silikono darinys, palaikantis audini\u0173 regeneracij\u0105 ir gerinantis odos tonus\u0105. Jo veiksmingumas suma\u017e\u0117jusio stangrumo odos prie\u017ei\u016broje klini\u0161kai patvirtintas.<\/p>\n<p data-start=\"2713\" data-end=\"2938\"><strong data-start=\"2713\" data-end=\"2733\">Moringos aliejus<\/strong> \u2013 maitinamasis augalinis emolientas, padedantis stiprinti odos barjer\u0105 ir u\u017etikrinantis intensyv\u0173 dr\u0117kinim\u0105. Klinikiniai tyrimai parod\u0117, kad jo dr\u0117kinamasis poveikis yra stipresnis nei taukmed\u017eio sviesto.<\/p>\n<p data-start=\"2940\" data-end=\"2957\"><strong data-start=\"2940\" data-end=\"2950\">T\u016bris:<\/strong> 100 ml<\/p>\n<\/div>\n<\/div>\n<\/div>\n<\/div>\n","protected":false},"excerpt":{"rendered":"<div class=\"page\" title=\"Page 18\">\n<div class=\"section\">\n<div class=\"layoutArea\">\n<div class=\"column\">\n<p data-start=\"3109\" data-end=\"3131\">Reintegruojantis gelis<\/p>\n<h2 data-start=\"3133\" data-end=\"3381\"><strong data-start=\"3133\" data-end=\"3176\">Arosha &#8211; 513 BREAST &amp; D\u00c9COLLET\u00c9 Savyb\u0117s<\/strong><\/h2>\n<p data-start=\"3133\" data-end=\"3381\">\u2714\ufe0f Stiprina kr\u016btin\u0117s ir dekolt\u0117 od\u0105<br data-start=\"3214\" data-end=\"3217\" \/>\u2714\ufe0f Gerina audini\u0173 elastingum\u0105 ir tank\u012f<br data-start=\"3255\" data-end=\"3258\" \/>\u2714\ufe0f Skatina odos tonuso ger\u0117jim\u0105<br data-start=\"3289\" data-end=\"3292\" \/>\u2714\ufe0f Palaiko pri\u017ei\u016br\u0117tos kr\u016btin\u0117s zonos i\u0161vaizd\u0105<br data-start=\"3338\" data-end=\"3341\" \/>\u2714\ufe0f Greitai \u012fsigeria, nepalieka lipnumo<\/p>\n<\/div>\n<\/div>\n<\/div>\n<\/div>\n","protected":false},"featured_media":63185,"template":"","meta":[],"pwb-brand":[1225],"product_brand":[],"product_cat":[758],"product_tag":[],"giftcard-category":[],"class_list":{"0":"post-70226","1":"product","2":"type-product","3":"status-publish","4":"has-post-thumbnail","6":"pwb-brand-arosha","7":"product_cat-kuno-prieziura","9":"first","10":"instock","11":"taxable","12":"shipping-taxable","13":"purchasable","14":"product-type-simple"},"acf":[],"brands":[{"id":1225,"name":"Arosha","slug":"arosha"}],"_links":{"self":[{"href":"https:\/\/skinstudio.ee\/lt\/wp-json\/wp\/v2\/product\/70226","targetHints":{"allow":["GET"]}}],"collection":[{"href":"https:\/\/skinstudio.ee\/lt\/wp-json\/wp\/v2\/product"}],"about":[{"href":"https:\/\/skinstudio.ee\/lt\/wp-json\/wp\/v2\/types\/product"}],"version-history":[{"count":0,"href":"https:\/\/skinstudio.ee\/lt\/wp-json\/wp\/v2\/product\/70226\/revisions"}],"wp:featuredmedia":[{"embeddable":true,"href":"https:\/\/skinstudio.ee\/lt\/wp-json\/wp\/v2\/media\/63185"}],"wp:attachment":[{"href":"https:\/\/skinstudio.ee\/lt\/wp-json\/wp\/v2\/media?parent=70226"}],"wp:term":[{"taxonomy":"pwb-brand","embeddable":true,"href":"https:\/\/skinstudio.ee\/lt\/wp-json\/wp\/v2\/pwb-brand?post=70226"},{"taxonomy":"product_brand","embeddable":true,"href":"https:\/\/skinstudio.ee\/lt\/wp-json\/wp\/v2\/product_brand?post=70226"},{"taxonomy":"product_cat","embeddable":true,"href":"https:\/\/skinstudio.ee\/lt\/wp-json\/wp\/v2\/product_cat?post=70226"},{"taxonomy":"product_tag","embeddable":true,"href":"https:\/\/skinstudio.ee\/lt\/wp-json\/wp\/v2\/product_tag?post=70226"},{"taxonomy":"giftcard-category","embeddable":true,"href":"https:\/\/skinstudio.ee\/lt\/wp-json\/wp\/v2\/giftcard-category?post=70226"}],"curies":[{"name":"wp","href":"https:\/\/api.w.org\/{rel}","templated":true}]}}