{"id":70235,"date":"2024-01-12T11:04:59","date_gmt":"2024-01-12T11:04:59","guid":{"rendered":"https:\/\/skinstudio.ee\/?post_type=product&#038;p=70235"},"modified":"2025-12-19T15:09:34","modified_gmt":"2025-12-19T15:09:34","slug":"510-peeling","status":"publish","type":"product","link":"https:\/\/skinstudio.ee\/lt\/catalog\/arosha\/510-peeling\/","title":{"rendered":"510 Peeling"},"content":{"rendered":"<div class=\"page\" title=\"Page 4\">\n<div class=\"section\">\n<div class=\"layoutArea\">\n<div class=\"column\">\n<p data-start=\"1524\" data-end=\"1788\">Arosha 510 PEELING yra gaivinantis fermentinis k\u016bno \u0161vei\u010diamasis pur\u0161kiklis, skirtas \u0161velniam ir laipsni\u0161kam odos atnaujinimui. Priemon\u0117 subtiliai pa\u0161alina pavir\u0161in\u012f surag\u0117jus\u012f sluoksn\u012f, pagerindama odos tekst\u016br\u0105 ir suteikdama jai gaivesn\u0119 bei skaistesn\u0119 i\u0161vaizd\u0105.<\/p>\n<p data-start=\"1790\" data-end=\"2005\">Formul\u0117 tinkama kasdieniam naudojimui ir u\u017etikrina labai \u0161veln\u0173, pavir\u0161in\u012f \u0161veitim\u0105 be sudirginimo. Reguliarus naudojimas padeda paruo\u0161ti od\u0105 tolesnei prie\u017ei\u016brai ir optimizuoja Boost\/Body linijos krem\u0173 veiksmingum\u0105.<\/p>\n<p data-start=\"2007\" data-end=\"2044\"><strong data-start=\"2007\" data-end=\"2044\">Pagrindin\u0117s veikliosios med\u017eiagos<\/strong><\/p>\n<p data-start=\"2046\" data-end=\"2293\"><strong data-start=\"2046\" data-end=\"2107\">Vaisi\u0173 ekstraktai (papaja, mango, kivis, bra\u0161k\u0117, citrina)<\/strong> \u2013 u\u017etikrina \u0161veln\u0173 fermentin\u012f \u0161veitim\u0105, padeda pa\u0161alinti negyvas odos l\u0105steles ir pavir\u0161inius ne\u0161varumus, paruo\u0161dami od\u0105 geresniam veikli\u0173j\u0173 med\u017eiag\u0173 \u012fsisavinimui v\u0117lesn\u0117se proced\u016brose.<\/p>\n<p data-start=\"2295\" data-end=\"2453\"><strong data-start=\"2295\" data-end=\"2320\">\u0160vei\u010diamasis peptidas<\/strong> \u2013 biologi\u0161kai aktyvus peptidas, palaikantis nat\u016bralius raginio sluoksnio atsinaujinimo procesus ir padedantis gerinti odos tekst\u016br\u0105.<\/p>\n<p data-start=\"2455\" data-end=\"2472\"><strong data-start=\"2455\" data-end=\"2465\">T\u016bris:<\/strong> 120 ml<\/p>\n<p data-start=\"2474\" data-end=\"2570\">\n<\/div>\n<\/div>\n<\/div>\n<\/div>\n","protected":false},"excerpt":{"rendered":"<p data-start=\"2572\" data-end=\"2591\">Fermentin\u0117 emulsija<\/p>\n<h2 data-start=\"2593\" data-end=\"2836\"><strong data-start=\"2593\" data-end=\"2625\">Arosha &#8211; 510 PEELING Savyb\u0117s<\/strong><\/h2>\n<p data-start=\"2593\" data-end=\"2836\">\u2714\ufe0f U\u017etikrina \u0161veln\u0173 fermentin\u012f \u0161veitim\u0105<br data-start=\"2667\" data-end=\"2670\" \/>\u2714\ufe0f Palaiko nat\u016bralius odos atsinaujinimo procesus<br data-start=\"2719\" data-end=\"2722\" \/>\u2714\ufe0f Gerina odos tekst\u016br\u0105 ir ton\u0105<br data-start=\"2753\" data-end=\"2756\" \/>\u2714\ufe0f Padidina odos imlum\u0105 prie\u017ei\u016bros priemon\u0117ms<br data-start=\"2801\" data-end=\"2804\" \/>\u2714\ufe0f Palieka od\u0105 lygi\u0105 ir gaivi\u0105<\/p>\n","protected":false},"featured_media":63190,"template":"","meta":[],"pwb-brand":[1225],"product_brand":[],"product_cat":[758],"product_tag":[],"giftcard-category":[],"class_list":{"0":"post-70235","1":"product","2":"type-product","3":"status-publish","4":"has-post-thumbnail","6":"pwb-brand-arosha","7":"product_cat-kuno-prieziura","9":"first","10":"instock","11":"taxable","12":"shipping-taxable","13":"purchasable","14":"product-type-simple"},"acf":[],"brands":[{"id":1225,"name":"Arosha","slug":"arosha"}],"_links":{"self":[{"href":"https:\/\/skinstudio.ee\/lt\/wp-json\/wp\/v2\/product\/70235","targetHints":{"allow":["GET"]}}],"collection":[{"href":"https:\/\/skinstudio.ee\/lt\/wp-json\/wp\/v2\/product"}],"about":[{"href":"https:\/\/skinstudio.ee\/lt\/wp-json\/wp\/v2\/types\/product"}],"version-history":[{"count":0,"href":"https:\/\/skinstudio.ee\/lt\/wp-json\/wp\/v2\/product\/70235\/revisions"}],"wp:featuredmedia":[{"embeddable":true,"href":"https:\/\/skinstudio.ee\/lt\/wp-json\/wp\/v2\/media\/63190"}],"wp:attachment":[{"href":"https:\/\/skinstudio.ee\/lt\/wp-json\/wp\/v2\/media?parent=70235"}],"wp:term":[{"taxonomy":"pwb-brand","embeddable":true,"href":"https:\/\/skinstudio.ee\/lt\/wp-json\/wp\/v2\/pwb-brand?post=70235"},{"taxonomy":"product_brand","embeddable":true,"href":"https:\/\/skinstudio.ee\/lt\/wp-json\/wp\/v2\/product_brand?post=70235"},{"taxonomy":"product_cat","embeddable":true,"href":"https:\/\/skinstudio.ee\/lt\/wp-json\/wp\/v2\/product_cat?post=70235"},{"taxonomy":"product_tag","embeddable":true,"href":"https:\/\/skinstudio.ee\/lt\/wp-json\/wp\/v2\/product_tag?post=70235"},{"taxonomy":"giftcard-category","embeddable":true,"href":"https:\/\/skinstudio.ee\/lt\/wp-json\/wp\/v2\/giftcard-category?post=70235"}],"curies":[{"name":"wp","href":"https:\/\/api.w.org\/{rel}","templated":true}]}}