{"id":70246,"date":"2024-01-12T11:04:07","date_gmt":"2024-01-12T11:04:07","guid":{"rendered":"https:\/\/skinstudio.ee\/?post_type=product&#038;p=70246"},"modified":"2025-12-19T15:09:34","modified_gmt":"2025-12-19T15:09:34","slug":"514-texture","status":"publish","type":"product","link":"https:\/\/skinstudio.ee\/lt\/catalog\/arosha\/514-texture\/","title":{"rendered":"514 Texture"},"content":{"rendered":"<p data-start=\"1923\" data-end=\"2180\">Arosha 514 TEXTURE yra sodri k\u016bno emulsija, pasi\u017eyminti maitinan\u010diu ir elastingum\u0105 gerinan\u010diu poveikiu. Formul\u0117 padeda i\u0161lyginti ir dr\u0117kinti od\u0105, kartu u\u017etikrindama \u0161veln\u0173 pavir\u0161in\u012f \u0161veitim\u0105, kuris prisideda prie tolygesn\u0117s ir pri\u017ei\u016br\u0117tesn\u0117s odos tekst\u016bros.<\/p>\n<p data-start=\"2182\" data-end=\"2415\">Emulsija skirta reguliariam naudojimui ir pastebimai gerina bendr\u0105 odos kokyb\u0119, suteikdama jai glotnumo, mink\u0161tumo ir atgaivintos i\u0161vaizdos. Priemon\u0117 palaiko odos komfort\u0105 ir sustiprina v\u0117lesni\u0173 k\u016bno prie\u017ei\u016bros produkt\u0173 veiksmingum\u0105.<\/p>\n<p data-start=\"2417\" data-end=\"2454\"><strong data-start=\"2417\" data-end=\"2454\">Pagrindin\u0117s veikliosios med\u017eiagos<\/strong><\/p>\n<p data-start=\"2456\" data-end=\"2617\"><strong data-start=\"2456\" data-end=\"2485\">Sald\u017ei\u0173j\u0173 migdol\u0173 aliejus<\/strong> \u2013 maitinanti ir mink\u0161tinanti sudedamoji dalis, palaikanti odos elastingum\u0105 ir padedanti sul\u0117tinti prie\u0161laikinius sen\u0117jimo procesus.<\/p>\n<p data-start=\"2619\" data-end=\"2778\"><strong data-start=\"2619\" data-end=\"2642\">Taukmed\u017eio sviestas<\/strong> \u2013 intensyviai maitina ir mink\u0161tina od\u0105 d\u0117l didel\u0117s riebal\u0173 r\u016bg\u0161\u010di\u0173 ir vitamin\u0173 koncentracijos, padeda palaikyti odos apsaugin\u012f barjer\u0105.<\/p>\n<p data-start=\"2780\" data-end=\"2985\"><strong data-start=\"2780\" data-end=\"2800\">Glikolio r\u016bg\u0161tis<\/strong> \u2013 alfa hidroksir\u016bg\u0161tis, turinti \u0161vei\u010diam\u0173j\u0173 savybi\u0173, padedanti pa\u0161alinti negyvas odos l\u0105steles ir pavir\u0161inius ne\u0161varumus, palaikanti epidermio atsinaujinim\u0105 ir gerinanti odos tekst\u016br\u0105.<\/p>\n<p data-start=\"2987\" data-end=\"3085\"><strong data-start=\"2987\" data-end=\"3007\">Avi\u017e\u0173 ekstraktas<\/strong> \u2013 suteikia raminam\u0105j\u012f ir dr\u0117kinam\u0105j\u012f poveik\u012f, padeda palaikyti odos komfort\u0105.<\/p>\n<p data-start=\"3087\" data-end=\"3236\"><strong data-start=\"3087\" data-end=\"3109\">Medetk\u0173 ekstraktas<\/strong> \u2013 augalin\u0117s kilm\u0117s sudedamoji dalis su raminamosiomis savyb\u0117mis, padedanti ma\u017einti odos jautrum\u0105 ir palaikyti jos pusiausvyr\u0105.<\/p>\n<p data-start=\"3238\" data-end=\"3255\"><strong data-start=\"3238\" data-end=\"3248\">T\u016bris:<\/strong> 200 ml<\/p>\n<p data-start=\"3257\" data-end=\"3370\">\n","protected":false},"excerpt":{"rendered":"<div class=\"page\" title=\"Page 5\">\n<div class=\"section\">\n<div class=\"layoutArea\">\n<div class=\"column\">\n<p data-start=\"3372\" data-end=\"3414\">Maitinamasis ir atnaujinamasis k\u016bno kremas<\/p>\n<h2 data-start=\"3416\" data-end=\"3656\"><strong data-start=\"3416\" data-end=\"3448\">Arosha &#8211; 514 TEXTURE Savyb\u0117s<\/strong><\/h2>\n<p data-start=\"3416\" data-end=\"3656\">\u2714\ufe0f I\u0161lygina odos tekst\u016br\u0105 ir reljef\u0105<br data-start=\"3487\" data-end=\"3490\" \/>\u2714\ufe0f Palaiko \u0161veln\u0173 pavir\u0161in\u012f atsinaujinim\u0105<br data-start=\"3531\" data-end=\"3534\" \/>\u2714\ufe0f Didina odos glotnum\u0105 ir mink\u0161tum\u0105<br data-start=\"3570\" data-end=\"3573\" \/>\u2714\ufe0f Gerina elastingum\u0105 ir bendr\u0105 tonus\u0105<br data-start=\"3611\" data-end=\"3614\" \/>\u2714\ufe0f Sustiprina k\u016bno prie\u017ei\u016bros efektyvum\u0105<\/p>\n<\/div>\n<\/div>\n<\/div>\n<\/div>\n","protected":false},"featured_media":63195,"template":"","meta":[],"pwb-brand":[1225],"product_brand":[],"product_cat":[765,758],"product_tag":[],"giftcard-category":[],"class_list":{"0":"post-70246","1":"product","2":"type-product","3":"status-publish","4":"has-post-thumbnail","6":"pwb-brand-arosha","7":"product_cat-dovanu-ideja","8":"product_cat-kuno-prieziura","10":"first","11":"instock","12":"taxable","13":"shipping-taxable","14":"purchasable","15":"product-type-simple"},"acf":[],"brands":[{"id":1225,"name":"Arosha","slug":"arosha"}],"_links":{"self":[{"href":"https:\/\/skinstudio.ee\/lt\/wp-json\/wp\/v2\/product\/70246","targetHints":{"allow":["GET"]}}],"collection":[{"href":"https:\/\/skinstudio.ee\/lt\/wp-json\/wp\/v2\/product"}],"about":[{"href":"https:\/\/skinstudio.ee\/lt\/wp-json\/wp\/v2\/types\/product"}],"version-history":[{"count":0,"href":"https:\/\/skinstudio.ee\/lt\/wp-json\/wp\/v2\/product\/70246\/revisions"}],"wp:featuredmedia":[{"embeddable":true,"href":"https:\/\/skinstudio.ee\/lt\/wp-json\/wp\/v2\/media\/63195"}],"wp:attachment":[{"href":"https:\/\/skinstudio.ee\/lt\/wp-json\/wp\/v2\/media?parent=70246"}],"wp:term":[{"taxonomy":"pwb-brand","embeddable":true,"href":"https:\/\/skinstudio.ee\/lt\/wp-json\/wp\/v2\/pwb-brand?post=70246"},{"taxonomy":"product_brand","embeddable":true,"href":"https:\/\/skinstudio.ee\/lt\/wp-json\/wp\/v2\/product_brand?post=70246"},{"taxonomy":"product_cat","embeddable":true,"href":"https:\/\/skinstudio.ee\/lt\/wp-json\/wp\/v2\/product_cat?post=70246"},{"taxonomy":"product_tag","embeddable":true,"href":"https:\/\/skinstudio.ee\/lt\/wp-json\/wp\/v2\/product_tag?post=70246"},{"taxonomy":"giftcard-category","embeddable":true,"href":"https:\/\/skinstudio.ee\/lt\/wp-json\/wp\/v2\/giftcard-category?post=70246"}],"curies":[{"name":"wp","href":"https:\/\/api.w.org\/{rel}","templated":true}]}}