{"id":70256,"date":"2024-01-12T11:02:54","date_gmt":"2024-01-12T11:02:54","guid":{"rendered":"https:\/\/skinstudio.ee\/?post_type=product&#038;p=70256"},"modified":"2025-12-19T15:09:34","modified_gmt":"2025-12-19T15:09:34","slug":"501-nio-drain","status":"publish","type":"product","link":"https:\/\/skinstudio.ee\/lt\/catalog\/arosha\/501-nio-drain\/","title":{"rendered":"501 Nio Drain"},"content":{"rendered":"<div class=\"page\" title=\"Page 6\">\n<div class=\"section\">\n<div class=\"layoutArea\">\n<div class=\"column\">\n<p data-start=\"2052\" data-end=\"2313\">Arosha 501 NIO DRAIN yra intensyvus drenuojantis k\u016bno gelinis kremas, pasi\u017eymintis tonizuojan\u010diu ir kraujagysles stiprinan\u010diu poveikiu. Priemon\u0117 padeda gerinti mikrocirkuliacij\u0105 ir limfos tek\u0117jim\u0105, prisideda prie patinim\u0173 ma\u017einimo ir sunkumo poj\u016b\u010dio suma\u017e\u0117jimo.<\/p>\n<p data-start=\"2315\" data-end=\"2631\">Formul\u0117 sukurta naudojant <strong data-start=\"2341\" data-end=\"2369\">NIOCONTROL\u2122 technologij\u0105<\/strong> \u2013 inovatyvi\u0105 niosomin\u0119 veikli\u0173j\u0173 med\u017eiag\u0173 tiekimo sistem\u0105, kuri didina j\u0173 biologin\u012f prieinamum\u0105 ir u\u017etikrina laipsni\u0161k\u0105 i\u0161siskyrim\u0105 ilgalaikiam rezultatui. Ypa\u010d lengva tekst\u016bra greitai \u012fsigeria ir nepalieka riebaus sluoksnio, tod\u0117l tinka reguliariam naudojimui.<\/p>\n<p data-start=\"2633\" data-end=\"2670\"><strong data-start=\"2633\" data-end=\"2670\">Pagrindin\u0117s veikliosios med\u017eiagos<\/strong><\/p>\n<p data-start=\"2672\" data-end=\"2794\"><strong data-start=\"2672\" data-end=\"2687\">NIOCONTROL\u2122<\/strong> \u2013 niosomin\u0117 tiekimo sistema, gerinanti veikli\u0173j\u0173 med\u017eiag\u0173 \u012fsiskverbim\u0105 \u012f od\u0105 ir didinanti j\u0173 veiksmingum\u0105.<\/p>\n<p data-start=\"2796\" data-end=\"2939\"><strong data-start=\"2796\" data-end=\"2836\">Arklio ka\u0161tono ekstraktas ir escinas<\/strong> \u2013 padeda stiprinti kraujagysli\u0173 sieneles, palaiko mikrocirkuliacij\u0105 ir pasi\u017eymi drenuojan\u010diu poveikiu.<\/p>\n<p data-start=\"2941\" data-end=\"3046\"><strong data-start=\"2941\" data-end=\"2973\">Centella asiatica ekstraktas<\/strong> \u2013 gerina odos mikrocirkuliacij\u0105, palaiko limfodrena\u017e\u0105 ir audini\u0173 tonus\u0105.<\/p>\n<p data-start=\"3048\" data-end=\"3131\"><strong data-start=\"3048\" data-end=\"3063\">Trehaliroz\u0117<\/strong> \u2013 u\u017etikrina ilgalaik\u012f dr\u0117kinim\u0105 ir suteikia antioksidacin\u0119 apsaug\u0105.<\/p>\n<p data-start=\"3133\" data-end=\"3263\"><strong data-start=\"3133\" data-end=\"3192\">Vitaminas E, sald\u017ei\u0173j\u0173 migdol\u0173 aliejus ir ry\u017ei\u0173 aliejus<\/strong> \u2013 maitina od\u0105, stiprina apsaugin\u012f barjer\u0105 ir palaiko odos elastingum\u0105.<\/p>\n<p data-start=\"3265\" data-end=\"3282\"><strong data-start=\"3265\" data-end=\"3275\">T\u016bris:<\/strong> 200 ml<\/p>\n<\/div>\n<\/div>\n<\/div>\n<\/div>\n","protected":false},"excerpt":{"rendered":"<div class=\"page\" title=\"Page 6\">\n<div class=\"section\">\n<div class=\"layoutArea\">\n<div class=\"column\">\n<p data-start=\"3590\" data-end=\"3628\">Intensyvus drenuojantis gelinis kremas<\/p>\n<h2 data-start=\"3630\" data-end=\"3878\"><strong data-start=\"3630\" data-end=\"3664\">Arosha &#8211; 501 NIO DRAIN Savyb\u0117s<\/strong><\/h2>\n<p data-start=\"3630\" data-end=\"3878\">\u2714\ufe0f Palaiko limfodrena\u017e\u0105 ir mikrocirkuliacij\u0105<br data-start=\"3711\" data-end=\"3714\" \/>\u2714\ufe0f Padeda ma\u017einti patinimus ir sunkumo poj\u016bt\u012f<br data-start=\"3759\" data-end=\"3762\" \/>\u2714\ufe0f Skatina perteklinio skys\u010dio pasi\u0161alinim\u0105<br data-start=\"3805\" data-end=\"3808\" \/>\u2714\ufe0f Gerina odos tonus\u0105 ir elastingum\u0105<br data-start=\"3844\" data-end=\"3847\" \/>\u2714\ufe0f Tinka naudoti po proced\u016br\u0173<\/p>\n<\/div>\n<\/div>\n<\/div>\n<\/div>\n","protected":false},"featured_media":63200,"template":"","meta":[],"pwb-brand":[1225],"product_brand":[],"product_cat":[758],"product_tag":[],"giftcard-category":[],"class_list":{"0":"post-70256","1":"product","2":"type-product","3":"status-publish","4":"has-post-thumbnail","6":"pwb-brand-arosha","7":"product_cat-kuno-prieziura","9":"first","10":"instock","11":"taxable","12":"shipping-taxable","13":"purchasable","14":"product-type-simple"},"acf":[],"brands":[{"id":1225,"name":"Arosha","slug":"arosha"}],"_links":{"self":[{"href":"https:\/\/skinstudio.ee\/lt\/wp-json\/wp\/v2\/product\/70256","targetHints":{"allow":["GET"]}}],"collection":[{"href":"https:\/\/skinstudio.ee\/lt\/wp-json\/wp\/v2\/product"}],"about":[{"href":"https:\/\/skinstudio.ee\/lt\/wp-json\/wp\/v2\/types\/product"}],"version-history":[{"count":0,"href":"https:\/\/skinstudio.ee\/lt\/wp-json\/wp\/v2\/product\/70256\/revisions"}],"wp:featuredmedia":[{"embeddable":true,"href":"https:\/\/skinstudio.ee\/lt\/wp-json\/wp\/v2\/media\/63200"}],"wp:attachment":[{"href":"https:\/\/skinstudio.ee\/lt\/wp-json\/wp\/v2\/media?parent=70256"}],"wp:term":[{"taxonomy":"pwb-brand","embeddable":true,"href":"https:\/\/skinstudio.ee\/lt\/wp-json\/wp\/v2\/pwb-brand?post=70256"},{"taxonomy":"product_brand","embeddable":true,"href":"https:\/\/skinstudio.ee\/lt\/wp-json\/wp\/v2\/product_brand?post=70256"},{"taxonomy":"product_cat","embeddable":true,"href":"https:\/\/skinstudio.ee\/lt\/wp-json\/wp\/v2\/product_cat?post=70256"},{"taxonomy":"product_tag","embeddable":true,"href":"https:\/\/skinstudio.ee\/lt\/wp-json\/wp\/v2\/product_tag?post=70256"},{"taxonomy":"giftcard-category","embeddable":true,"href":"https:\/\/skinstudio.ee\/lt\/wp-json\/wp\/v2\/giftcard-category?post=70256"}],"curies":[{"name":"wp","href":"https:\/\/api.w.org\/{rel}","templated":true}]}}