{"id":70265,"date":"2024-01-12T11:00:56","date_gmt":"2024-01-12T11:00:56","guid":{"rendered":"https:\/\/skinstudio.ee\/?post_type=product&#038;p=70265"},"modified":"2025-12-19T15:09:34","modified_gmt":"2025-12-19T15:09:34","slug":"515-cellulite","status":"publish","type":"product","link":"https:\/\/skinstudio.ee\/lt\/catalog\/arosha\/515-cellulite\/","title":{"rendered":"515 Cellulite"},"content":{"rendered":"<div class=\"page\" title=\"Page 9\">\n<div class=\"section\">\n<div class=\"layoutArea\">\n<div class=\"column\">\n<p data-start=\"1965\" data-end=\"2198\">Arosha 515 CELLULITE yra intensyvus k\u016bno kremas, skirtas kovai su celiulitu ir skys\u010di\u0173 kaupimosi audiniuose ma\u017einimui. Priemon\u0117 palaiko mikrocirkuliacij\u0105, skatina lipolitinius procesus ir padeda pagerinti odos glotnum\u0105 bei stangrum\u0105.<\/p>\n<p data-start=\"2200\" data-end=\"2494\">Formul\u0117je esantis inovatyvus <strong data-start=\"2229\" data-end=\"2245\">SLIM COMPLEX<\/strong>, kartu su kofeinu ir karnitinu, veikia sinergi\u0161kai, pad\u0117damas ma\u017einti riebal\u0173 sankaupas ir celiulito matomum\u0105. Augaliniai aliejai ir taukmed\u017eio sviestas maitina od\u0105, gerina jos elastingum\u0105 ir suteikia komforto poj\u016bt\u012f, oda tampa lygesn\u0117 ir tankesn\u0117.<\/p>\n<p data-start=\"2496\" data-end=\"2533\"><strong data-start=\"2496\" data-end=\"2533\">Pagrindin\u0117s veikliosios med\u017eiagos<\/strong><\/p>\n<p data-start=\"2535\" data-end=\"2735\"><strong data-start=\"2535\" data-end=\"2551\">SLIM COMPLEX<\/strong> \u2013 kompleksas, pagr\u012fstas niacino dariniais ir mentoliu, kuris aktyvina odos mikrocirkuliacij\u0105, palaiko audini\u0173 apr\u016bpinim\u0105 deguonimi ir med\u017eiag\u0173 apykaitos procesus be ry\u0161kaus dirginimo.<\/p>\n<p data-start=\"2737\" data-end=\"2891\"><strong data-start=\"2737\" data-end=\"2774\">LIPO-ACTIVE (kofeinas ir escinas)<\/strong> \u2013 lipolitin\u012f ir drenuojant\u012f poveik\u012f turin\u010di\u0173 veikli\u0173j\u0173 med\u017eiag\u0173 derinys, padedantis ma\u017einti riebalinio audinio t\u016br\u012f.<\/p>\n<p data-start=\"2893\" data-end=\"2998\"><strong data-start=\"2893\" data-end=\"2907\">Karnitinas<\/strong> \u2013 palaiko l\u0105steli\u0173 energijos apykait\u0105 ir skatina riebal\u0173 naudojim\u0105 kaip energijos \u0161altin\u012f.<\/p>\n<p data-start=\"3000\" data-end=\"3150\"><strong data-start=\"3000\" data-end=\"3060\">Eterini\u0173 aliej\u0173 mi\u0161inys (imbieras, ciber\u017eol\u0117, cinamonas)<\/strong> \u2013 padeda gerinti mikrocirkuliacij\u0105 ir limfodrena\u017e\u0105, stiprindamas bendr\u0105 produkto poveik\u012f.<\/p>\n<p data-start=\"3152\" data-end=\"3292\"><strong data-start=\"3152\" data-end=\"3219\">Taukmed\u017eio sviestas, sald\u017ei\u0173j\u0173 migdol\u0173 aliejus ir ry\u017ei\u0173 aliejus<\/strong> \u2013 maitina od\u0105, gerina jos elastingum\u0105 ir padeda i\u0161lyginti odos tekst\u016br\u0105.<\/p>\n<p data-start=\"3294\" data-end=\"3311\"><strong data-start=\"3294\" data-end=\"3304\">T\u016bris:<\/strong> 200 ml<\/p>\n<\/div>\n<\/div>\n<\/div>\n<\/div>\n","protected":false},"excerpt":{"rendered":"<div class=\"page\" title=\"Page 9\">\n<div class=\"section\">\n<div class=\"layoutArea\">\n<div class=\"column\">\n<p data-start=\"3438\" data-end=\"3474\">Intensyvus liekninamasis k\u016bno kremas<\/p>\n<h2 data-start=\"3476\" data-end=\"3718\"><strong data-start=\"3476\" data-end=\"3510\">Arosha &#8211; 515 CELLULITE Savyb\u0117s<\/strong><\/h2>\n<p data-start=\"3476\" data-end=\"3718\">\u2714\ufe0f Palaiko celiulito matomumo ma\u017einim\u0105<br data-start=\"3551\" data-end=\"3554\" \/>\u2714\ufe0f Gerina mikrocirkuliacij\u0105 ir limfodrena\u017e\u0105<br data-start=\"3597\" data-end=\"3600\" \/>\u2714\ufe0f Skatina lipolitinius procesus odoje<br data-start=\"3638\" data-end=\"3641\" \/>\u2714\ufe0f Didina odos stangrum\u0105 ir glotnum\u0105<br data-start=\"3677\" data-end=\"3680\" \/>\u2714\ufe0f Padeda formuoti tolygesn\u012f siluet\u0105<\/p>\n<\/div>\n<\/div>\n<\/div>\n<\/div>\n","protected":false},"featured_media":63205,"template":"","meta":[],"pwb-brand":[1225],"product_brand":[],"product_cat":[758],"product_tag":[],"giftcard-category":[],"class_list":{"0":"post-70265","1":"product","2":"type-product","3":"status-publish","4":"has-post-thumbnail","6":"pwb-brand-arosha","7":"product_cat-kuno-prieziura","9":"first","10":"instock","11":"taxable","12":"shipping-taxable","13":"purchasable","14":"product-type-simple"},"acf":[],"brands":[{"id":1225,"name":"Arosha","slug":"arosha"}],"_links":{"self":[{"href":"https:\/\/skinstudio.ee\/lt\/wp-json\/wp\/v2\/product\/70265","targetHints":{"allow":["GET"]}}],"collection":[{"href":"https:\/\/skinstudio.ee\/lt\/wp-json\/wp\/v2\/product"}],"about":[{"href":"https:\/\/skinstudio.ee\/lt\/wp-json\/wp\/v2\/types\/product"}],"version-history":[{"count":0,"href":"https:\/\/skinstudio.ee\/lt\/wp-json\/wp\/v2\/product\/70265\/revisions"}],"wp:featuredmedia":[{"embeddable":true,"href":"https:\/\/skinstudio.ee\/lt\/wp-json\/wp\/v2\/media\/63205"}],"wp:attachment":[{"href":"https:\/\/skinstudio.ee\/lt\/wp-json\/wp\/v2\/media?parent=70265"}],"wp:term":[{"taxonomy":"pwb-brand","embeddable":true,"href":"https:\/\/skinstudio.ee\/lt\/wp-json\/wp\/v2\/pwb-brand?post=70265"},{"taxonomy":"product_brand","embeddable":true,"href":"https:\/\/skinstudio.ee\/lt\/wp-json\/wp\/v2\/product_brand?post=70265"},{"taxonomy":"product_cat","embeddable":true,"href":"https:\/\/skinstudio.ee\/lt\/wp-json\/wp\/v2\/product_cat?post=70265"},{"taxonomy":"product_tag","embeddable":true,"href":"https:\/\/skinstudio.ee\/lt\/wp-json\/wp\/v2\/product_tag?post=70265"},{"taxonomy":"giftcard-category","embeddable":true,"href":"https:\/\/skinstudio.ee\/lt\/wp-json\/wp\/v2\/giftcard-category?post=70265"}],"curies":[{"name":"wp","href":"https:\/\/api.w.org\/{rel}","templated":true}]}}