{"id":70359,"date":"2024-04-17T11:15:14","date_gmt":"2024-04-17T11:15:14","guid":{"rendered":"https:\/\/skinstudio.ee\/?post_type=product&#038;p=70359"},"modified":"2025-12-24T12:26:24","modified_gmt":"2025-12-24T12:26:24","slug":"sunforgettable-brush-on-shield-glow","status":"publish","type":"product","link":"https:\/\/skinstudio.ee\/lt\/catalog\/colorescience\/sunforgettable-brush-on-shield-glow\/","title":{"rendered":"Sunforgettable Brush-On Shield Glow"},"content":{"rendered":"<p data-start=\"1890\" data-end=\"2210\">Colorescience Brush-On Shield Glow SPF 50 \u2013 tai biri mineralin\u0117 apsaugin\u0117 nuo saul\u0117s pudra su integruotu \u0161epet\u0117liu, kuri sujungia odos atspalvio suvienodinim\u0105 ir auk\u0161to lygio apsaug\u0105 nuo saul\u0117s. Priemon\u0117 padeda vizualiai i\u0161lyginti veido spalv\u0105, maskuoti smulkius netobulumus ir apsaugoti od\u0105 nuo kenksming\u0173 UV spinduli\u0173.<\/p>\n<p data-start=\"2212\" data-end=\"2562\">Pudra u\u017etikrina plataus spektro SPF 50\/PA++++ apsaug\u0105 ir tinka kasdieniam naudojimui. Ji nesausina odos, nei\u0161ry\u0161kina pleiskanojimo ir padeda u\u017ekirsti keli\u0105 b\u0117rimams, pigmentacijai bei prie\u0161laikini\u0173 rauk\u0161li\u0173 atsiradimui. Lengva tekst\u016bra su \u0161velniu perlamutriniu \u0161vyt\u0117jimu tolygiai pasiskirsto ant odos, nesub\u0117ga ir suteikia komforto poj\u016bt\u012f vis\u0105 dien\u0105.<\/p>\n<p data-start=\"2564\" data-end=\"2799\">Integruotas \u0161epet\u0117lis leid\u017eia greitai, higieni\u0161kai ir patogiai u\u017etepti priemon\u0119 bet kuriuo metu ir bet kurioje vietoje, tod\u0117l ji idealiai tinka SPF apsaugos atnaujinimui ant makia\u017eo. Tinka visiems odos tipams ir visoms am\u017eiaus grup\u0117ms.<\/p>\n<p data-start=\"2801\" data-end=\"2817\"><strong data-start=\"2801\" data-end=\"2811\">T\u016bris:<\/strong> 4,2 g<\/p>\n","protected":false},"excerpt":{"rendered":"<p data-start=\"3181\" data-end=\"3220\">Apsaugin\u0117 nuo saul\u0117s pudra su \u0161epet\u0117liu<\/p>\n<h2 data-start=\"3222\" data-end=\"3510\"><strong data-start=\"3222\" data-end=\"3277\">COLORESCIENCE &#8211; Brush-On Shield Glow Savyb\u0117s<\/strong><\/h2>\n<p data-start=\"3222\" data-end=\"3510\">\u2714\ufe0f U\u017etikrina plataus spektro UVA ir UVB apsaug\u0105<br data-start=\"3327\" data-end=\"3330\" \/>\u2714\ufe0f Padeda i\u0161vengti fotosen\u0117jimo po\u017eymi\u0173<br data-start=\"3369\" data-end=\"3372\" \/>\u2714\ufe0f Sulygina odos atspalv\u012f ir suteikia \u0161vyt\u0117jimo<br data-start=\"3419\" data-end=\"3422\" \/>\u2714\ufe0f Tinka SPF apsaugos atnaujinimui dienos metu<br data-start=\"3468\" data-end=\"3471\" \/>\u2714\ufe0f Palaiko odos komfort\u0105 ir dr\u0117kinim\u0105<\/p>\n","protected":false},"featured_media":70360,"template":"","meta":[],"pwb-brand":[1230],"product_brand":[],"product_cat":[771,732],"product_tag":[],"giftcard-category":[],"class_list":{"0":"post-70359","1":"product","2":"type-product","3":"status-publish","4":"has-post-thumbnail","6":"pwb-brand-colorescience","7":"product_cat-makiazas","8":"product_cat-spf-apsauga","10":"first","11":"instock","12":"taxable","13":"shipping-taxable","14":"purchasable","15":"product-type-simple"},"acf":[],"brands":[{"id":1230,"name":"Colorescience","slug":"colorescience"}],"_links":{"self":[{"href":"https:\/\/skinstudio.ee\/lt\/wp-json\/wp\/v2\/product\/70359","targetHints":{"allow":["GET"]}}],"collection":[{"href":"https:\/\/skinstudio.ee\/lt\/wp-json\/wp\/v2\/product"}],"about":[{"href":"https:\/\/skinstudio.ee\/lt\/wp-json\/wp\/v2\/types\/product"}],"version-history":[{"count":0,"href":"https:\/\/skinstudio.ee\/lt\/wp-json\/wp\/v2\/product\/70359\/revisions"}],"wp:featuredmedia":[{"embeddable":true,"href":"https:\/\/skinstudio.ee\/lt\/wp-json\/wp\/v2\/media\/70360"}],"wp:attachment":[{"href":"https:\/\/skinstudio.ee\/lt\/wp-json\/wp\/v2\/media?parent=70359"}],"wp:term":[{"taxonomy":"pwb-brand","embeddable":true,"href":"https:\/\/skinstudio.ee\/lt\/wp-json\/wp\/v2\/pwb-brand?post=70359"},{"taxonomy":"product_brand","embeddable":true,"href":"https:\/\/skinstudio.ee\/lt\/wp-json\/wp\/v2\/product_brand?post=70359"},{"taxonomy":"product_cat","embeddable":true,"href":"https:\/\/skinstudio.ee\/lt\/wp-json\/wp\/v2\/product_cat?post=70359"},{"taxonomy":"product_tag","embeddable":true,"href":"https:\/\/skinstudio.ee\/lt\/wp-json\/wp\/v2\/product_tag?post=70359"},{"taxonomy":"giftcard-category","embeddable":true,"href":"https:\/\/skinstudio.ee\/lt\/wp-json\/wp\/v2\/giftcard-category?post=70359"}],"curies":[{"name":"wp","href":"https:\/\/api.w.org\/{rel}","templated":true}]}}