{"id":70371,"date":"2024-03-25T13:59:13","date_gmt":"2024-03-25T13:59:13","guid":{"rendered":"https:\/\/skinstudio.ee\/?post_type=product&#038;p=70371"},"modified":"2025-12-24T12:26:24","modified_gmt":"2025-12-24T12:26:24","slug":"barrier-pro-essential-moisturizer","status":"publish","type":"product","link":"https:\/\/skinstudio.ee\/lt\/catalog\/colorescience\/barrier-pro-essential-moisturizer\/","title":{"rendered":"Barrier Pro Essential Moisturizer"},"content":{"rendered":"<p data-start=\"1475\" data-end=\"1837\">Colorescience Barrier Pro Essential Moisturizer yra lengvas dr\u0117kinamasis kremas su klini\u0161kai patikrinta formule, padedantis atkurti odos dr\u0117gm\u0117s lyg\u012f ir palaikyti apsauginio barjero sveikat\u0105. Kremas padeda stiprinti odos apsaugines funkcijas, subalansuoti mikrobiom\u0105 ir pagerinti odos tekst\u016br\u0105, suteikdamas odai didesn\u012f atsparum\u0105, spindes\u012f ir sveikesn\u0119 i\u0161vaizd\u0105.<\/p>\n<p data-start=\"1839\" data-end=\"2131\">Formul\u0117 sukurta bendradarbiaujant su odos sveikatos specialistais ir paremta specialiai sukurta, patentuojama sudedam\u0173j\u0173 dali\u0173 kombinacija. Tinka visiems odos tipams, \u012fskaitant jautri\u0105 od\u0105, ir puikiai \u012fsilieja \u012f kasdien\u0119 odos prie\u017ei\u016bros rutin\u0105, paruo\u0161dama od\u0105 apsaugai nuo saul\u0117s ir makia\u017eui.<\/p>\n<p data-start=\"2133\" data-end=\"2149\"><strong data-start=\"2133\" data-end=\"2143\">T\u016bris:<\/strong> 50 ml<\/p>\n","protected":false},"excerpt":{"rendered":"<p data-start=\"2315\" data-end=\"2342\">Lengvas dr\u0117kinamasis kremas<\/p>\n<h2 data-start=\"2344\" data-end=\"2608\"><strong data-start=\"2344\" data-end=\"2405\">COLORESCIENCE &#8211; Barrier Pro Essential Moisturizer Savyb\u0117s<\/strong><\/h2>\n<p data-start=\"2344\" data-end=\"2608\">\u2714\ufe0f U\u017etikrina daugiasluoksn\u012f odos dr\u0117kinim\u0105<br data-start=\"2450\" data-end=\"2453\" \/>\u2714\ufe0f Palaiko odos geb\u0117jim\u0105 i\u0161laikyti dr\u0117gm\u0119<br data-start=\"2494\" data-end=\"2497\" \/>\u2714\ufe0f Stiprina odos apsaugin\u012f barjer\u0105<br data-start=\"2531\" data-end=\"2534\" \/>\u2714\ufe0f Padeda subalansuoti odos mikrobiom\u0105<br data-start=\"2572\" data-end=\"2575\" \/>\u2714\ufe0f Paruo\u0161ia od\u0105 SPF ir makia\u017eui<\/p>\n","protected":false},"featured_media":70372,"template":"","meta":[],"pwb-brand":[1230],"product_brand":[],"product_cat":[738,746,740,748],"product_tag":[],"giftcard-category":[],"class_list":{"0":"post-70371","1":"product","2":"type-product","3":"status-publish","4":"has-post-thumbnail","6":"pwb-brand-colorescience","7":"product_cat-drekinimas","8":"product_cat-jautriai-odai","9":"product_cat-sausai-odai","10":"product_cat-taukainai-adai-lt","12":"first","13":"instock","14":"taxable","15":"shipping-taxable","16":"purchasable","17":"product-type-simple"},"acf":[],"brands":[{"id":1230,"name":"Colorescience","slug":"colorescience"}],"_links":{"self":[{"href":"https:\/\/skinstudio.ee\/lt\/wp-json\/wp\/v2\/product\/70371","targetHints":{"allow":["GET"]}}],"collection":[{"href":"https:\/\/skinstudio.ee\/lt\/wp-json\/wp\/v2\/product"}],"about":[{"href":"https:\/\/skinstudio.ee\/lt\/wp-json\/wp\/v2\/types\/product"}],"version-history":[{"count":0,"href":"https:\/\/skinstudio.ee\/lt\/wp-json\/wp\/v2\/product\/70371\/revisions"}],"wp:featuredmedia":[{"embeddable":true,"href":"https:\/\/skinstudio.ee\/lt\/wp-json\/wp\/v2\/media\/70372"}],"wp:attachment":[{"href":"https:\/\/skinstudio.ee\/lt\/wp-json\/wp\/v2\/media?parent=70371"}],"wp:term":[{"taxonomy":"pwb-brand","embeddable":true,"href":"https:\/\/skinstudio.ee\/lt\/wp-json\/wp\/v2\/pwb-brand?post=70371"},{"taxonomy":"product_brand","embeddable":true,"href":"https:\/\/skinstudio.ee\/lt\/wp-json\/wp\/v2\/product_brand?post=70371"},{"taxonomy":"product_cat","embeddable":true,"href":"https:\/\/skinstudio.ee\/lt\/wp-json\/wp\/v2\/product_cat?post=70371"},{"taxonomy":"product_tag","embeddable":true,"href":"https:\/\/skinstudio.ee\/lt\/wp-json\/wp\/v2\/product_tag?post=70371"},{"taxonomy":"giftcard-category","embeddable":true,"href":"https:\/\/skinstudio.ee\/lt\/wp-json\/wp\/v2\/giftcard-category?post=70371"}],"curies":[{"name":"wp","href":"https:\/\/api.w.org\/{rel}","templated":true}]}}