{"id":70385,"date":"2024-03-25T13:42:49","date_gmt":"2024-03-25T13:42:49","guid":{"rendered":"https:\/\/skinstudio.ee\/?post_type=product&#038;p=70385"},"modified":"2025-12-24T12:26:24","modified_gmt":"2025-12-24T12:26:24","slug":"barrier-pro-1-step-cleanser","status":"publish","type":"product","link":"https:\/\/skinstudio.ee\/lt\/catalog\/colorescience\/barrier-pro-1-step-cleanser\/","title":{"rendered":"Barrier Pro\u2122 1-Step Cleanser"},"content":{"rendered":"<p data-start=\"2146\" data-end=\"2360\">Colorescience Barrier Pro\u2122 1-Step Cleanser \u2013 tai daugiafunkcin\u0117 veido valymo priemon\u0117, skirta efektyviai pa\u0161alinti makia\u017e\u0105 ir mineralines apsaugos nuo saul\u0117s priemones vienu \u017eingsniu, nereikalaujant dvigubo valymo.<\/p>\n<p data-start=\"2362\" data-end=\"2717\">Formul\u0117 padeda palaikyti odos apsaugin\u012f barjer\u0105, skatina mikrobiomo pusiausvyr\u0105 ir u\u017etikrina \u0161veln\u0173 pavir\u0161in\u012f \u0161veitim\u0105, gerindama odos tekst\u016br\u0105 be agresyvi\u0173 sudedam\u0173j\u0173 dali\u0173. Nekomedogenin\u0117, be kvapi\u0173j\u0173 med\u017eiag\u0173 formul\u0117 lengvai putoja, greitai nusiplauna ir nepalieka sausumo ar dirginimo poj\u016b\u010dio. Po valymo oda jau\u010diasi gaivi, sudr\u0117kinta ir subalansuota.<\/p>\n<p data-start=\"2719\" data-end=\"2849\">Priemon\u0117 tinka kasdieniam naudojimui ryte ir vakare bei paruo\u0161ia od\u0105 tolimesniems prie\u017ei\u016bros etapams.<br data-start=\"2820\" data-end=\"2823\" \/>Tinka visiems odos tipams.<\/p>\n<p data-start=\"2851\" data-end=\"2868\"><strong data-start=\"2851\" data-end=\"2861\">T\u016bris:<\/strong> 150 ml<\/p>\n<p data-start=\"2870\" data-end=\"2884\">\n","protected":false},"excerpt":{"rendered":"<p data-start=\"3577\" data-end=\"3598\">Veido valymo priemon\u0117<\/p>\n<h2 data-start=\"3600\" data-end=\"3883\"><strong data-start=\"3600\" data-end=\"3656\">COLORESCIENCE &#8211; Barrier Pro\u2122 1-Step Cleanser Savyb\u0117s<\/strong><\/h2>\n<p data-start=\"3600\" data-end=\"3883\">\u2714\ufe0f Efektyviai pa\u0161alina makia\u017e\u0105 ir mineralin\u012f SPF<br data-start=\"3707\" data-end=\"3710\" \/>\u2714\ufe0f Palaiko odos apsaugin\u012f barjer\u0105 ir mikrobiom\u0105<br data-start=\"3757\" data-end=\"3760\" \/>\u2714\ufe0f U\u017etikrina \u0161veln\u0173 ir komforti\u0161k\u0105 valym\u0105<br data-start=\"3801\" data-end=\"3804\" \/>\u2714\ufe0f Pagerina odos glotnum\u0105 ir tekst\u016br\u0105<br data-start=\"3841\" data-end=\"3844\" \/>\u2714\ufe0f Paruo\u0161ia od\u0105 tolimesnei prie\u017ei\u016brai<\/p>\n","protected":false},"featured_media":70386,"template":"","meta":[],"pwb-brand":[1230],"product_brand":[],"product_cat":[746,740,748,718],"product_tag":[],"giftcard-category":[],"class_list":{"0":"post-70385","1":"product","2":"type-product","3":"status-publish","4":"has-post-thumbnail","6":"pwb-brand-colorescience","7":"product_cat-jautriai-odai","8":"product_cat-sausai-odai","9":"product_cat-taukainai-adai-lt","10":"product_cat-valymas","12":"first","13":"instock","14":"taxable","15":"shipping-taxable","16":"purchasable","17":"product-type-simple"},"acf":[],"brands":[{"id":1230,"name":"Colorescience","slug":"colorescience"}],"_links":{"self":[{"href":"https:\/\/skinstudio.ee\/lt\/wp-json\/wp\/v2\/product\/70385","targetHints":{"allow":["GET"]}}],"collection":[{"href":"https:\/\/skinstudio.ee\/lt\/wp-json\/wp\/v2\/product"}],"about":[{"href":"https:\/\/skinstudio.ee\/lt\/wp-json\/wp\/v2\/types\/product"}],"version-history":[{"count":0,"href":"https:\/\/skinstudio.ee\/lt\/wp-json\/wp\/v2\/product\/70385\/revisions"}],"wp:featuredmedia":[{"embeddable":true,"href":"https:\/\/skinstudio.ee\/lt\/wp-json\/wp\/v2\/media\/70386"}],"wp:attachment":[{"href":"https:\/\/skinstudio.ee\/lt\/wp-json\/wp\/v2\/media?parent=70385"}],"wp:term":[{"taxonomy":"pwb-brand","embeddable":true,"href":"https:\/\/skinstudio.ee\/lt\/wp-json\/wp\/v2\/pwb-brand?post=70385"},{"taxonomy":"product_brand","embeddable":true,"href":"https:\/\/skinstudio.ee\/lt\/wp-json\/wp\/v2\/product_brand?post=70385"},{"taxonomy":"product_cat","embeddable":true,"href":"https:\/\/skinstudio.ee\/lt\/wp-json\/wp\/v2\/product_cat?post=70385"},{"taxonomy":"product_tag","embeddable":true,"href":"https:\/\/skinstudio.ee\/lt\/wp-json\/wp\/v2\/product_tag?post=70385"},{"taxonomy":"giftcard-category","embeddable":true,"href":"https:\/\/skinstudio.ee\/lt\/wp-json\/wp\/v2\/giftcard-category?post=70385"}],"curies":[{"name":"wp","href":"https:\/\/api.w.org\/{rel}","templated":true}]}}