{"id":70396,"date":"2024-03-25T10:31:51","date_gmt":"2024-03-25T10:31:51","guid":{"rendered":"https:\/\/skinstudio.ee\/?post_type=product&#038;p=70396"},"modified":"2025-12-24T12:26:24","modified_gmt":"2025-12-24T12:26:24","slug":"brush-cleaning-wipes","status":"publish","type":"product","link":"https:\/\/skinstudio.ee\/lt\/catalog\/colorescience\/brush-cleaning-wipes\/","title":{"rendered":"Brush Cleaning Wipes"},"content":{"rendered":"<p data-start=\"1450\" data-end=\"1770\">Colorescience Brush Cleaning Wipes \u2013 tai specialiai sukurtos servet\u0117l\u0117s, skirtos efektyviai pa\u0161alinti makia\u017eo ir mineralini\u0173 produkt\u0173 liku\u010dius nuo \u0161epet\u0117li\u0173. Reguliarus naudojimas padeda palaikyti \u0161epet\u0117li\u0173 higien\u0105, prailgina \u0161ereli\u0173 tarnavimo laik\u0105 ir u\u017etikrina optimal\u0173 Colorescience Sunforgettable\u2122 \u0161epet\u0117li\u0173 veikim\u0105.<\/p>\n<p data-start=\"1772\" data-end=\"1974\">Formul\u0117 su apelsin\u0173 ir citrin\u0173 eteriniais aliejais \u0161velniai valo \u0161erelius, nepa\u017eeisdama j\u0173 strukt\u016bros. Servet\u0117l\u0117s patogios naudoti ir tinka reguliariai \u0161epet\u0117li\u0173 prie\u017ei\u016brai tiek namuose, tiek kelion\u0117se.<\/p>\n<p data-start=\"1976\" data-end=\"1995\"><strong data-start=\"1976\" data-end=\"1987\">Kiekis:<\/strong> 20 vnt.<\/p>\n<p data-start=\"1997\" data-end=\"2493\">\n","protected":false},"excerpt":{"rendered":"<p data-start=\"2495\" data-end=\"2522\">\u0160epet\u0117li\u0173 valymo servet\u0117l\u0117s<\/p>\n<h2 data-start=\"2524\" data-end=\"2791\"><strong data-start=\"2524\" data-end=\"2572\">COLORESCIENCE &#8211; Brush Cleaning Wipes Savyb\u0117s<\/strong><\/h2>\n<p data-start=\"2524\" data-end=\"2791\">\u2714\ufe0f U\u017etikrina efektyv\u0173 \u0161epet\u0117li\u0173 valym\u0105<br data-start=\"2613\" data-end=\"2616\" \/>\u2714\ufe0f Padeda prailginti \u0161ereli\u0173 naudojimo laik\u0105<br data-start=\"2660\" data-end=\"2663\" \/>\u2714\ufe0f Palaiko optimal\u0173 \u0161epet\u0117li\u0173 veikim\u0105<br data-start=\"2700\" data-end=\"2703\" \/>\u2714\ufe0f Patogios naudoti namuose ir kelion\u0117se<br data-start=\"2743\" data-end=\"2746\" \/>\u2714\ufe0f Suteikia gaiv\u0173 citrusini\u0173 vaisi\u0173 aromat\u0105<\/p>\n","protected":false},"featured_media":70397,"template":"","meta":[],"pwb-brand":[1230],"product_brand":[],"product_cat":[771],"product_tag":[],"giftcard-category":[],"class_list":{"0":"post-70396","1":"product","2":"type-product","3":"status-publish","4":"has-post-thumbnail","6":"pwb-brand-colorescience","7":"product_cat-makiazas","9":"first","10":"instock","11":"taxable","12":"shipping-taxable","13":"purchasable","14":"product-type-simple"},"acf":[],"brands":[{"id":1230,"name":"Colorescience","slug":"colorescience"}],"_links":{"self":[{"href":"https:\/\/skinstudio.ee\/lt\/wp-json\/wp\/v2\/product\/70396","targetHints":{"allow":["GET"]}}],"collection":[{"href":"https:\/\/skinstudio.ee\/lt\/wp-json\/wp\/v2\/product"}],"about":[{"href":"https:\/\/skinstudio.ee\/lt\/wp-json\/wp\/v2\/types\/product"}],"version-history":[{"count":0,"href":"https:\/\/skinstudio.ee\/lt\/wp-json\/wp\/v2\/product\/70396\/revisions"}],"wp:featuredmedia":[{"embeddable":true,"href":"https:\/\/skinstudio.ee\/lt\/wp-json\/wp\/v2\/media\/70397"}],"wp:attachment":[{"href":"https:\/\/skinstudio.ee\/lt\/wp-json\/wp\/v2\/media?parent=70396"}],"wp:term":[{"taxonomy":"pwb-brand","embeddable":true,"href":"https:\/\/skinstudio.ee\/lt\/wp-json\/wp\/v2\/pwb-brand?post=70396"},{"taxonomy":"product_brand","embeddable":true,"href":"https:\/\/skinstudio.ee\/lt\/wp-json\/wp\/v2\/product_brand?post=70396"},{"taxonomy":"product_cat","embeddable":true,"href":"https:\/\/skinstudio.ee\/lt\/wp-json\/wp\/v2\/product_cat?post=70396"},{"taxonomy":"product_tag","embeddable":true,"href":"https:\/\/skinstudio.ee\/lt\/wp-json\/wp\/v2\/product_tag?post=70396"},{"taxonomy":"giftcard-category","embeddable":true,"href":"https:\/\/skinstudio.ee\/lt\/wp-json\/wp\/v2\/giftcard-category?post=70396"}],"curies":[{"name":"wp","href":"https:\/\/api.w.org\/{rel}","templated":true}]}}