{"id":70409,"date":"2023-08-19T09:50:10","date_gmt":"2023-08-19T09:50:10","guid":{"rendered":"https:\/\/skinstudio.ee\/?post_type=product&#038;p=70409"},"modified":"2025-12-24T12:26:24","modified_gmt":"2025-12-24T12:26:24","slug":"no-show-mineral-sunscreen-spf-50","status":"publish","type":"product","link":"https:\/\/skinstudio.ee\/lt\/catalog\/colorescience\/no-show-mineral-sunscreen-spf-50\/","title":{"rendered":"No-Show\u2122 Mineral Sunscreen SPF 50"},"content":{"rendered":"<p data-start=\"1832\" data-end=\"2038\">Colorescience No-Show\u2122 Mineral Sunscreen SPF 50 \u2013 tai visi\u0161kai mineralinis, permatomas apsauginis kremas nuo saul\u0117s, sukurtas kasdienei auk\u0161to lygio apsaugai be matomo SPF efekto ant odos.<\/p>\n<p data-start=\"2040\" data-end=\"2298\">Lengva, nesvari tekst\u016bra tolygiai pasiskirsto, greitai \u012fsigeria ir nepalieka balt\u0173 \u017eymi\u0173. Formul\u0117 sujungia patentuot\u0105 ne nano cinko oksid\u0105 su raminan\u010diomis ir dr\u0117kinan\u010diomis sudedamosiomis dalimis, kurios padeda i\u0161laikyti od\u0105 \u0161velni\u0105, glotni\u0105 ir komforti\u0161k\u0105.<\/p>\n<p data-start=\"2300\" data-end=\"2573\">Patentuoja <strong data-start=\"2311\" data-end=\"2328\">EnviroScreen\u00ae<\/strong> technologija u\u017etikrina plataus spektro apsaug\u0105 nuo UVA ir UVB spinduli\u0173, aplinkos tar\u0161os, m\u0117lynosios \u0161viesos ir infraraudonosios spinduliuot\u0117s. Kremas neturi chemini\u0173 filtr\u0173 ir idealiai tinka ie\u0161kantiems 100% mineralinio SPF su nematomu fini\u0161u.<\/p>\n<p data-start=\"2575\" data-end=\"2724\">Priemon\u0117 suteikia efektyvi\u0105 SPF 50 apsaug\u0105 su iki 40 minu\u010di\u0173 atsparumu vandeniui ir kartu pagerina bendr\u0105 odos i\u0161vaizd\u0105.<br data-start=\"2695\" data-end=\"2698\" \/>Tinka visiems odos tipams.<\/p>\n<p data-start=\"2726\" data-end=\"2742\"><strong data-start=\"2726\" data-end=\"2736\">T\u016bris:<\/strong> 50 ml<\/p>\n","protected":false},"excerpt":{"rendered":"<p data-start=\"3020\" data-end=\"3060\">Mineralinis apsauginis kremas nuo saul\u0117s<\/p>\n<h2 data-start=\"3062\" data-end=\"3349\"><strong data-start=\"3062\" data-end=\"3141\">COLORESCIENCE &#8211; No-Show\u2122 Mineral Sunscreen SPF 50 Savyb\u0117s<\/strong><\/h2>\n<p data-start=\"3062\" data-end=\"3349\">\u2714\ufe0f U\u017etikrina nematom\u0105 mineralin\u0119 SPF 50 apsaug\u0105<br data-start=\"3191\" data-end=\"3194\" \/>\u2714\ufe0f Apsaugo nuo UVA, UVB ir aplinkos veiksni\u0173<br data-start=\"3238\" data-end=\"3241\" \/>\u2714\ufe0f Nepaliek\u0430 balt\u0173 \u017eymi\u0173 ant odos<br data-start=\"3274\" data-end=\"3277\" \/>\u2714\ufe0f Palaiko odos komfort\u0105 ir dr\u0117kinim\u0105<br data-start=\"3314\" data-end=\"3317\" \/>\u2714\ufe0f Tinka kasdieniam naudojimui<\/p>\n","protected":false},"featured_media":70412,"template":"","meta":[],"pwb-brand":[1230],"product_brand":[],"product_cat":[732],"product_tag":[],"giftcard-category":[],"class_list":{"0":"post-70409","1":"product","2":"type-product","3":"status-publish","4":"has-post-thumbnail","6":"pwb-brand-colorescience","7":"product_cat-spf-apsauga","9":"first","10":"instock","11":"taxable","12":"shipping-taxable","13":"purchasable","14":"product-type-simple"},"acf":[],"brands":[{"id":1230,"name":"Colorescience","slug":"colorescience"}],"_links":{"self":[{"href":"https:\/\/skinstudio.ee\/lt\/wp-json\/wp\/v2\/product\/70409","targetHints":{"allow":["GET"]}}],"collection":[{"href":"https:\/\/skinstudio.ee\/lt\/wp-json\/wp\/v2\/product"}],"about":[{"href":"https:\/\/skinstudio.ee\/lt\/wp-json\/wp\/v2\/types\/product"}],"version-history":[{"count":0,"href":"https:\/\/skinstudio.ee\/lt\/wp-json\/wp\/v2\/product\/70409\/revisions"}],"wp:featuredmedia":[{"embeddable":true,"href":"https:\/\/skinstudio.ee\/lt\/wp-json\/wp\/v2\/media\/70412"}],"wp:attachment":[{"href":"https:\/\/skinstudio.ee\/lt\/wp-json\/wp\/v2\/media?parent=70409"}],"wp:term":[{"taxonomy":"pwb-brand","embeddable":true,"href":"https:\/\/skinstudio.ee\/lt\/wp-json\/wp\/v2\/pwb-brand?post=70409"},{"taxonomy":"product_brand","embeddable":true,"href":"https:\/\/skinstudio.ee\/lt\/wp-json\/wp\/v2\/product_brand?post=70409"},{"taxonomy":"product_cat","embeddable":true,"href":"https:\/\/skinstudio.ee\/lt\/wp-json\/wp\/v2\/product_cat?post=70409"},{"taxonomy":"product_tag","embeddable":true,"href":"https:\/\/skinstudio.ee\/lt\/wp-json\/wp\/v2\/product_tag?post=70409"},{"taxonomy":"giftcard-category","embeddable":true,"href":"https:\/\/skinstudio.ee\/lt\/wp-json\/wp\/v2\/giftcard-category?post=70409"}],"curies":[{"name":"wp","href":"https:\/\/api.w.org\/{rel}","templated":true}]}}