{"id":70426,"date":"2023-05-24T17:57:05","date_gmt":"2023-05-24T17:57:05","guid":{"rendered":"https:\/\/skinstudio.ee\/?post_type=product&#038;p=70426"},"modified":"2025-12-24T12:26:24","modified_gmt":"2025-12-24T12:26:24","slug":"sunforgettable-brush-on-shield-spf-30","status":"publish","type":"product","link":"https:\/\/skinstudio.ee\/lt\/catalog\/colorescience\/sunforgettable-brush-on-shield-spf-30\/","title":{"rendered":"Sunforgettable\u00ae Brush-On Shield SPF 30"},"content":{"rendered":"<p data-start=\"2292\" data-end=\"2604\">Colorescience Sunforgettable\u00ae Brush-On Shield SPF 30 \u2013 tai mineralin\u0117 apsaugin\u0117 pudra nuo saul\u0117s su integruotu \u0161epet\u0117liu, u\u017etikrinanti patikim\u0105 apsaug\u0105 nuo UVA ir UVB spinduli\u0173 tiek naudojant atskirai, tiek tepant ant makia\u017eo. Priemon\u0117 leid\u017eia lengvai u\u017ebaigti makia\u017e\u0105 ir i\u0161laikyti apsaug\u0105 nuo saul\u0117s vis\u0105 dien\u0105.<\/p>\n<p data-start=\"2606\" data-end=\"2974\">Plataus spektro SPF 30 \/ PA++++ formul\u0117 sukurta naudojant 100% fizinius mineralinius filtrus ir pasi\u017eymi lengva, nesvaria tekst\u016bra. Pudra tolygiai pasiskirsto ant odos, jos neapsunkina ir nesukuria kauk\u0117s efekto. Skirtingai nei daugelis apsaugini\u0173 priemoni\u0173 nuo saul\u0117s, ji si\u016bloma keli\u0173 atspalvi\u0173, suteikdama nat\u016bral\u0173 ir nepastebim\u0105 padengim\u0105 be porcelaninio bly\u0161kumo.<\/p>\n<p data-start=\"2976\" data-end=\"3227\">Priemon\u0117 atspari vandeniui iki 80 minu\u010di\u0173 ir idealiai tinka apsaugos nuo saul\u0117s atnaujinimui dienos metu. Integruotas \u0161epet\u0117lis su antimikrobiniais \u0161ereliais u\u017etikrina higieni\u0161k\u0105 ir patog\u0173 naudojim\u0105 bet kokiomis s\u0105lygomis.<br data-start=\"3198\" data-end=\"3201\" \/>Tinka visiems odos tipams.<\/p>\n<p data-start=\"3229\" data-end=\"3312\"><strong data-start=\"3229\" data-end=\"3240\">Svoris:<\/strong> 4,3 g<br data-start=\"3246\" data-end=\"3249\" \/><strong data-start=\"3249\" data-end=\"3257\">SPF:<\/strong> 30 \/ PA++++<br data-start=\"3269\" data-end=\"3272\" \/><strong data-start=\"3272\" data-end=\"3297\">Atsparumas vandeniui:<\/strong> iki 80 minu\u010di\u0173<\/p>\n<p data-start=\"3244\" data-end=\"3258\">\n","protected":false},"excerpt":{"rendered":"<p data-start=\"3947\" data-end=\"3986\">Apsaugin\u0117 pudra nuo saul\u0117s su \u0161epet\u0117liu<\/p>\n<h2 data-start=\"3988\" data-end=\"4296\"><strong data-start=\"3988\" data-end=\"4054\">COLORESCIENCE &#8211; Sunforgettable\u00ae Brush-On Shield SPF 30 Savyb\u0117s<\/strong><\/h2>\n<p data-start=\"3988\" data-end=\"4296\">\u2714\ufe0f U\u017etikrina mineralin\u0119 apsaug\u0105 nuo UVA ir UVB<br data-start=\"4103\" data-end=\"4106\" \/>\u2714\ufe0f I\u0161laiko apsaug\u0105 nuo saul\u0117s net ir ant makia\u017eo<br data-start=\"4154\" data-end=\"4157\" \/>\u2714\ufe0f Yra atspari vandeniui ir prakaitui<br data-start=\"4194\" data-end=\"4197\" \/>\u2714\ufe0f Palaiko odos dr\u0117kinim\u0105 ir antioksidacin\u0119 apsaug\u0105<br data-start=\"4248\" data-end=\"4251\" \/>\u2714\ufe0f U\u017etikrina higieni\u0161k\u0105 ir patog\u0173 naudojim\u0105<\/p>\n","protected":false},"featured_media":70427,"template":"","meta":[],"pwb-brand":[1230],"product_brand":[],"product_cat":[746,771,740,732,748],"product_tag":[],"giftcard-category":[],"class_list":{"0":"post-70426","1":"product","2":"type-product","3":"status-publish","4":"has-post-thumbnail","6":"pwb-brand-colorescience","7":"product_cat-jautriai-odai","8":"product_cat-makiazas","9":"product_cat-sausai-odai","10":"product_cat-spf-apsauga","11":"product_cat-taukainai-adai-lt","13":"first","14":"instock","15":"taxable","16":"shipping-taxable","17":"purchasable","18":"product-type-variable"},"acf":[],"brands":[{"id":1230,"name":"Colorescience","slug":"colorescience"}],"_links":{"self":[{"href":"https:\/\/skinstudio.ee\/lt\/wp-json\/wp\/v2\/product\/70426","targetHints":{"allow":["GET"]}}],"collection":[{"href":"https:\/\/skinstudio.ee\/lt\/wp-json\/wp\/v2\/product"}],"about":[{"href":"https:\/\/skinstudio.ee\/lt\/wp-json\/wp\/v2\/types\/product"}],"version-history":[{"count":0,"href":"https:\/\/skinstudio.ee\/lt\/wp-json\/wp\/v2\/product\/70426\/revisions"}],"wp:featuredmedia":[{"embeddable":true,"href":"https:\/\/skinstudio.ee\/lt\/wp-json\/wp\/v2\/media\/70427"}],"wp:attachment":[{"href":"https:\/\/skinstudio.ee\/lt\/wp-json\/wp\/v2\/media?parent=70426"}],"wp:term":[{"taxonomy":"pwb-brand","embeddable":true,"href":"https:\/\/skinstudio.ee\/lt\/wp-json\/wp\/v2\/pwb-brand?post=70426"},{"taxonomy":"product_brand","embeddable":true,"href":"https:\/\/skinstudio.ee\/lt\/wp-json\/wp\/v2\/product_brand?post=70426"},{"taxonomy":"product_cat","embeddable":true,"href":"https:\/\/skinstudio.ee\/lt\/wp-json\/wp\/v2\/product_cat?post=70426"},{"taxonomy":"product_tag","embeddable":true,"href":"https:\/\/skinstudio.ee\/lt\/wp-json\/wp\/v2\/product_tag?post=70426"},{"taxonomy":"giftcard-category","embeddable":true,"href":"https:\/\/skinstudio.ee\/lt\/wp-json\/wp\/v2\/giftcard-category?post=70426"}],"curies":[{"name":"wp","href":"https:\/\/api.w.org\/{rel}","templated":true}]}}