{"id":70442,"date":"2023-05-24T17:57:05","date_gmt":"2023-05-24T17:57:05","guid":{"rendered":"https:\/\/skinstudio.ee\/?post_type=product&#038;p=70442"},"modified":"2025-12-24T12:26:24","modified_gmt":"2025-12-24T12:26:24","slug":"sunforgettable-total-protection-face-shield-matte-spf-50","status":"publish","type":"product","link":"https:\/\/skinstudio.ee\/lt\/catalog\/colorescience\/sunforgettable-total-protection-face-shield-matte-spf-50\/","title":{"rendered":"Sunforgettable Total Protection Face Shield Matte SPF 50"},"content":{"rendered":"<p data-start=\"2030\" data-end=\"2310\">Colorescience Sunforgettable Total Protection Face Shield Matte SPF 50 \u2013 tai matinio poveikio veido apsauginis kremas nuo saul\u0117s, sukurtas riebiai ir \u012f akn\u0119 linkusiai odai. Formul\u0117 efektyviai sugeria perteklin\u012f sebum\u0105, suma\u017eina blizges\u012f ir suteikia ilgalaik\u012f matin\u012f, gaiv\u0173 poj\u016bt\u012f.<\/p>\n<p data-start=\"2312\" data-end=\"2633\">Lengva tekst\u016bra tolygiai pasiskirsto ant odos, padeda vizualiai suma\u017einti por\u0173 matomum\u0105 ir i\u0161lyginti odos pavir\u0161i\u0173. Priemon\u0117 sukurta naudojant patentuot\u0105 <strong data-start=\"2466\" data-end=\"2483\">EnviroScreen\u2122<\/strong> technologij\u0105, kuri u\u017etikrina plataus spektro apsaug\u0105 nuo UVA ir UVB spinduli\u0173, aplinkos tar\u0161os, m\u0117lynosios \u0161viesos ir infraraudonosios spinduliuot\u0117s.<\/p>\n<p data-start=\"2635\" data-end=\"2968\">100% mineralin\u0117 formul\u0117 su patentuotais ingredientais papildyta galingais antioksidantais, padedan\u010diais neutralizuoti laisvuosius radikalus ir palaikyti odos sveikat\u0105, ma\u017einant prie\u0161laikinio sen\u0117jimo rizik\u0105. Sud\u0117tyje n\u0117ra chemini\u0173 filtr\u0173, tod\u0117l priemon\u0117 tinka kasdieniam naudojimui.<br data-start=\"2917\" data-end=\"2920\" \/>Tinka riebiai, mi\u0161riai ir \u012f akn\u0119 linkusiai odai.<\/p>\n<p data-start=\"2970\" data-end=\"3052\"><strong data-start=\"2970\" data-end=\"2978\">SPF:<\/strong> 50 \/ PA++++<br data-start=\"2990\" data-end=\"2993\" \/><strong data-start=\"2993\" data-end=\"3018\">Atsparumas vandeniui:<\/strong> iki 40 minu\u010di\u0173<br data-start=\"3033\" data-end=\"3036\" \/><strong data-start=\"3036\" data-end=\"3046\">T\u016bris:<\/strong> 55 ml<\/p>\n","protected":false},"excerpt":{"rendered":"<nav class=\"woocommerce-breadcrumb\">\n<p data-start=\"3364\" data-end=\"3415\">Matinio poveikio veido apsauginis kremas nuo saul\u0117s<\/p>\n<h2 data-start=\"3417\" data-end=\"3728\"><strong data-start=\"3417\" data-end=\"3501\">COLORESCIENCE &#8211; Sunforgettable Total Protection Face Shield Matte SPF 50 Savyb\u0117s<\/strong><\/h2>\n<p data-start=\"3417\" data-end=\"3728\">\u2714\ufe0f U\u017etikrina plataus spektro mineralin\u0119 SPF 50 apsaug\u0105<br data-start=\"3558\" data-end=\"3561\" \/>\u2714\ufe0f Padeda kontroliuoti riebal\u0173 pertekli\u0173 ir blizges\u012f<br data-start=\"3613\" data-end=\"3616\" \/>\u2714\ufe0f Ma\u017eina por\u0173 matomum\u0105<br data-start=\"3639\" data-end=\"3642\" \/>\u2714\ufe0f Palaiko odos antioksidacin\u0119 apsaug\u0105<br data-start=\"3680\" data-end=\"3683\" \/>\u2714\ufe0f Tinka kasdieniam naudojimui riebiai odai<\/p>\n<\/nav>\n","protected":false},"featured_media":70444,"template":"","meta":[],"pwb-brand":[1230],"product_brand":[],"product_cat":[746,771,752,740,750,732,748],"product_tag":[],"giftcard-category":[],"class_list":{"0":"post-70442","1":"product","2":"type-product","3":"status-publish","4":"has-post-thumbnail","6":"pwb-brand-colorescience","7":"product_cat-jautriai-odai","8":"product_cat-makiazas","9":"product_cat-pigmentacija-lt","10":"product_cat-sausai-odai","11":"product_cat-senstanti-oda","12":"product_cat-spf-apsauga","13":"product_cat-taukainai-adai-lt","15":"first","16":"instock","17":"taxable","18":"shipping-taxable","19":"purchasable","20":"product-type-simple"},"acf":[],"brands":[{"id":1230,"name":"Colorescience","slug":"colorescience"}],"_links":{"self":[{"href":"https:\/\/skinstudio.ee\/lt\/wp-json\/wp\/v2\/product\/70442","targetHints":{"allow":["GET"]}}],"collection":[{"href":"https:\/\/skinstudio.ee\/lt\/wp-json\/wp\/v2\/product"}],"about":[{"href":"https:\/\/skinstudio.ee\/lt\/wp-json\/wp\/v2\/types\/product"}],"version-history":[{"count":0,"href":"https:\/\/skinstudio.ee\/lt\/wp-json\/wp\/v2\/product\/70442\/revisions"}],"wp:featuredmedia":[{"embeddable":true,"href":"https:\/\/skinstudio.ee\/lt\/wp-json\/wp\/v2\/media\/70444"}],"wp:attachment":[{"href":"https:\/\/skinstudio.ee\/lt\/wp-json\/wp\/v2\/media?parent=70442"}],"wp:term":[{"taxonomy":"pwb-brand","embeddable":true,"href":"https:\/\/skinstudio.ee\/lt\/wp-json\/wp\/v2\/pwb-brand?post=70442"},{"taxonomy":"product_brand","embeddable":true,"href":"https:\/\/skinstudio.ee\/lt\/wp-json\/wp\/v2\/product_brand?post=70442"},{"taxonomy":"product_cat","embeddable":true,"href":"https:\/\/skinstudio.ee\/lt\/wp-json\/wp\/v2\/product_cat?post=70442"},{"taxonomy":"product_tag","embeddable":true,"href":"https:\/\/skinstudio.ee\/lt\/wp-json\/wp\/v2\/product_tag?post=70442"},{"taxonomy":"giftcard-category","embeddable":true,"href":"https:\/\/skinstudio.ee\/lt\/wp-json\/wp\/v2\/giftcard-category?post=70442"}],"curies":[{"name":"wp","href":"https:\/\/api.w.org\/{rel}","templated":true}]}}