{"id":70457,"date":"2023-05-24T17:57:05","date_gmt":"2023-05-24T17:57:05","guid":{"rendered":"https:\/\/skinstudio.ee\/?post_type=product&#038;p=70457"},"modified":"2025-12-24T12:26:24","modified_gmt":"2025-12-24T12:26:24","slug":"sunforgettable-total-protection-body-shield-bronze","status":"publish","type":"product","link":"https:\/\/skinstudio.ee\/lt\/catalog\/colorescience\/sunforgettable-total-protection-body-shield-bronze\/","title":{"rendered":"Sunforgettable\u00ae Total Protection\u2122 Body Shield Bronze"},"content":{"rendered":"<p data-start=\"1701\" data-end=\"1980\">Colorescience Sunforgettable\u00ae Total Protection\u2122 Body Shield Bronze SPF 50 \u2013 tai lengvas, neriebus mineralinis apsauginis kremas nuo saul\u0117s k\u016bnui, u\u017etikrinantis auk\u0161to lygio kasdien\u0119 apsaug\u0105. Formul\u0117 suteikia patikim\u0105 SPF 50 apsaug\u0105 nuo UVA ir UVB spinduli\u0173 bei aplinkos veiksni\u0173.<\/p>\n<p data-start=\"1982\" data-end=\"2226\">Antioksidantais praturtinta sud\u0117tis padeda neutralizuoti laisvuosius radikalus ir palaikyti odos sveikat\u0105 b\u016bnant saul\u0117je. Kremas tolygiai pasiskirsto, greitai \u012fsigeria ir nepalieka riebumo poj\u016b\u010dio, suteikdamas komfort\u0105 net aktyvios dienos metu.<\/p>\n<p data-start=\"2228\" data-end=\"2361\">Priemon\u0117 atspari vandeniui iki 80 minu\u010di\u0173 ir idealiai tinka kasdieniam naudojimui atvirose k\u016bno vietose.<br data-start=\"2332\" data-end=\"2335\" \/>Tinka visiems odos tipams.<\/p>\n<p data-start=\"2363\" data-end=\"2445\"><strong data-start=\"2363\" data-end=\"2371\">SPF:<\/strong> 50 \/ PA+++<br data-start=\"2382\" data-end=\"2385\" \/><strong data-start=\"2385\" data-end=\"2410\">Atsparumas vandeniui:<\/strong> iki 80 minu\u010di\u0173<br data-start=\"2425\" data-end=\"2428\" \/><strong data-start=\"2428\" data-end=\"2438\">T\u016bris:<\/strong> 120 ml<\/p>\n","protected":false},"excerpt":{"rendered":"<p data-start=\"2651\" data-end=\"2685\">Apsauginis kremas nuo saul\u0117s k\u016bnui<\/p>\n<h2 data-start=\"2687\" data-end=\"3012\"><strong data-start=\"2687\" data-end=\"2772\">COLORESCIENCE &#8211; Sunforgettable\u00ae Total Protection\u2122 Body Shield Bronze Savyb\u0117s<\/strong><\/h2>\n<p data-start=\"2687\" data-end=\"3012\">\u2714\ufe0f U\u017etikrina plataus spektro mineralin\u0119 SPF 50 apsaug\u0105<br data-start=\"2829\" data-end=\"2832\" \/>\u2714\ufe0f Padeda apsaugoti od\u0105 nuo fotosen\u0117jimo<br data-start=\"2872\" data-end=\"2875\" \/>\u2714\ufe0f Palaiko odos dr\u0117kinim\u0105 ir antioksidacin\u012f balans\u0105<br data-start=\"2926\" data-end=\"2929\" \/>\u2714\ufe0f Tolygiai pasiskirsto be riebumo poj\u016b\u010dio<br data-start=\"2971\" data-end=\"2974\" \/>\u2714\ufe0f Tinka kasdieniam naudojimui k\u016bnui<\/p>\n","protected":false},"featured_media":70458,"template":"","meta":[],"pwb-brand":[1230],"product_brand":[],"product_cat":[746,758,752,740,750,732,748],"product_tag":[],"giftcard-category":[],"class_list":{"0":"post-70457","1":"product","2":"type-product","3":"status-publish","4":"has-post-thumbnail","6":"pwb-brand-colorescience","7":"product_cat-jautriai-odai","8":"product_cat-kuno-prieziura","9":"product_cat-pigmentacija-lt","10":"product_cat-sausai-odai","11":"product_cat-senstanti-oda","12":"product_cat-spf-apsauga","13":"product_cat-taukainai-adai-lt","15":"first","16":"instock","17":"sale","18":"taxable","19":"shipping-taxable","20":"purchasable","21":"product-type-simple"},"acf":[],"brands":[{"id":1230,"name":"Colorescience","slug":"colorescience"}],"_links":{"self":[{"href":"https:\/\/skinstudio.ee\/lt\/wp-json\/wp\/v2\/product\/70457","targetHints":{"allow":["GET"]}}],"collection":[{"href":"https:\/\/skinstudio.ee\/lt\/wp-json\/wp\/v2\/product"}],"about":[{"href":"https:\/\/skinstudio.ee\/lt\/wp-json\/wp\/v2\/types\/product"}],"version-history":[{"count":0,"href":"https:\/\/skinstudio.ee\/lt\/wp-json\/wp\/v2\/product\/70457\/revisions"}],"wp:featuredmedia":[{"embeddable":true,"href":"https:\/\/skinstudio.ee\/lt\/wp-json\/wp\/v2\/media\/70458"}],"wp:attachment":[{"href":"https:\/\/skinstudio.ee\/lt\/wp-json\/wp\/v2\/media?parent=70457"}],"wp:term":[{"taxonomy":"pwb-brand","embeddable":true,"href":"https:\/\/skinstudio.ee\/lt\/wp-json\/wp\/v2\/pwb-brand?post=70457"},{"taxonomy":"product_brand","embeddable":true,"href":"https:\/\/skinstudio.ee\/lt\/wp-json\/wp\/v2\/product_brand?post=70457"},{"taxonomy":"product_cat","embeddable":true,"href":"https:\/\/skinstudio.ee\/lt\/wp-json\/wp\/v2\/product_cat?post=70457"},{"taxonomy":"product_tag","embeddable":true,"href":"https:\/\/skinstudio.ee\/lt\/wp-json\/wp\/v2\/product_tag?post=70457"},{"taxonomy":"giftcard-category","embeddable":true,"href":"https:\/\/skinstudio.ee\/lt\/wp-json\/wp\/v2\/giftcard-category?post=70457"}],"curies":[{"name":"wp","href":"https:\/\/api.w.org\/{rel}","templated":true}]}}