{"id":70490,"date":"2023-05-24T17:57:01","date_gmt":"2023-05-24T17:57:01","guid":{"rendered":"https:\/\/skinstudio.ee\/?post_type=product&#038;p=70490"},"modified":"2025-12-24T12:26:24","modified_gmt":"2025-12-24T12:26:24","slug":"sunforgettable-total-protection-face-shield-glow","status":"publish","type":"product","link":"https:\/\/skinstudio.ee\/lt\/catalog\/colorescience\/sunforgettable-total-protection-face-shield-glow\/","title":{"rendered":"Sunforgettable\u00ae Total Protection\u2122 Face Shield Glow"},"content":{"rendered":"<div class=\"vc_col-sm-12 wpb_column vc_column_container\">\n<div class=\"vc_column-inner\">\n<div class=\"wpb_wrapper\">\n<div id=\"ultimate-heading-838631f1fbedf9d0\" class=\"uvc-heading ult-adjust-bottom-margin ultimate-heading-838631f1fbedf9d0 uvc-1509 \" data-hspacer=\"no_spacer\" data-halign=\"center\">\n<div class=\"woocommerce-tabs wc-tabs-wrapper\">\n<p data-start=\"1918\" data-end=\"2240\">Sunforgettable\u00ae Total Protection\u2122 Face Shield Glow \u2013 tai vandeniui atsparus mineralinis apsauginis kremas nuo saul\u0117s veidui, u\u017etikrinantis auk\u0161to lygio apsaug\u0105 nuo aplinkos veiksni\u0173 ir suteikiantis odai subtil\u0173 perlamutrin\u012f \u0161vyt\u0117jim\u0105. Lengvas glow efektas vizualiai atgaivina odos atspalv\u012f ir suteikia jai sveik\u0105 i\u0161vaizd\u0105.<\/p>\n<p data-start=\"2242\" data-end=\"2545\">Formul\u0117 sukurta naudojant patentuot\u0105 <strong data-start=\"2279\" data-end=\"2296\">EnviroScreen\u2122<\/strong> technologij\u0105, kuri u\u017etikrina plataus spektro apsaug\u0105 nuo UVA ir UVB spinduli\u0173, m\u0117lynosios \u0161viesos, tar\u0161os ir laisv\u0173j\u0173 radikal\u0173. Antioksidantai padeda ma\u017einti oksidacin\u012f stres\u0105 ir palaiko odos sveikat\u0105, pad\u0117dami apsaugoti nuo prie\u0161laikinio sen\u0117jimo.<\/p>\n<p data-start=\"2547\" data-end=\"2740\">Kremin\u0117 tekst\u016bra lengvai pasiskirsto, neapsunkina odos ir tinka kasdieniam naudojimui. Galima naudoti vien\u0105 arba derinti su kitais Face Shield linijos produktais ar kosmeceutin\u0117mis priemon\u0117mis.<\/p>\n<p data-start=\"2742\" data-end=\"2876\"><strong data-start=\"2742\" data-end=\"2780\">Plataus spektro apsauga nuo saul\u0117s<\/strong><br data-start=\"2780\" data-end=\"2783\" \/><strong data-start=\"2783\" data-end=\"2798\">UV apsauga:<\/strong> SPF 50 \/ PA++++<br data-start=\"2814\" data-end=\"2817\" \/><strong data-start=\"2817\" data-end=\"2842\">Atsparumas vandeniui:<\/strong> iki 40 minu\u010di\u0173<br data-start=\"2857\" data-end=\"2860\" \/><strong data-start=\"2860\" data-end=\"2870\">T\u016bris:<\/strong> 55 ml<\/p>\n<\/div>\n<\/div>\n<\/div>\n<\/div>\n<\/div>\n","protected":false},"excerpt":{"rendered":"<p data-start=\"3123\" data-end=\"3164\">Veido apsauginis kremas nuo saul\u0117s SPF 50<\/p>\n<h2 data-start=\"3166\" data-end=\"3465\"><strong data-start=\"3166\" data-end=\"3244\">COLORESCIENCE &#8211; Sunforgettable\u00ae Total Protection\u2122 Face Shield Glow Savyb\u0117s<\/strong><\/h2>\n<p data-start=\"3166\" data-end=\"3465\">\u2714\ufe0f U\u017etikrina mineralin\u0119 plataus spektro SPF 50 apsaug\u0105<br data-start=\"3301\" data-end=\"3304\" \/>\u2714\ufe0f Suteikia odai nat\u016bral\u0173 \u0161vyt\u0117jim\u0105<br data-start=\"3339\" data-end=\"3342\" \/>\u2714\ufe0f Padeda apsaugoti od\u0105 nuo fotosen\u0117jimo<br data-start=\"3382\" data-end=\"3385\" \/>\u2714\ufe0f Palaiko odos antioksidacin\u0119 apsaug\u0105<br data-start=\"3423\" data-end=\"3426\" \/>\u2714\ufe0f Tinka kasdieniam naudojimui veidui<\/p>\n","protected":false},"featured_media":70491,"template":"","meta":[],"pwb-brand":[1230],"product_brand":[],"product_cat":[746,771,752,740,750,732,748],"product_tag":[],"giftcard-category":[],"class_list":{"0":"post-70490","1":"product","2":"type-product","3":"status-publish","4":"has-post-thumbnail","6":"pwb-brand-colorescience","7":"product_cat-jautriai-odai","8":"product_cat-makiazas","9":"product_cat-pigmentacija-lt","10":"product_cat-sausai-odai","11":"product_cat-senstanti-oda","12":"product_cat-spf-apsauga","13":"product_cat-taukainai-adai-lt","15":"first","16":"instock","17":"taxable","18":"shipping-taxable","19":"purchasable","20":"product-type-simple"},"acf":[],"brands":[{"id":1230,"name":"Colorescience","slug":"colorescience"}],"_links":{"self":[{"href":"https:\/\/skinstudio.ee\/lt\/wp-json\/wp\/v2\/product\/70490","targetHints":{"allow":["GET"]}}],"collection":[{"href":"https:\/\/skinstudio.ee\/lt\/wp-json\/wp\/v2\/product"}],"about":[{"href":"https:\/\/skinstudio.ee\/lt\/wp-json\/wp\/v2\/types\/product"}],"version-history":[{"count":0,"href":"https:\/\/skinstudio.ee\/lt\/wp-json\/wp\/v2\/product\/70490\/revisions"}],"wp:featuredmedia":[{"embeddable":true,"href":"https:\/\/skinstudio.ee\/lt\/wp-json\/wp\/v2\/media\/70491"}],"wp:attachment":[{"href":"https:\/\/skinstudio.ee\/lt\/wp-json\/wp\/v2\/media?parent=70490"}],"wp:term":[{"taxonomy":"pwb-brand","embeddable":true,"href":"https:\/\/skinstudio.ee\/lt\/wp-json\/wp\/v2\/pwb-brand?post=70490"},{"taxonomy":"product_brand","embeddable":true,"href":"https:\/\/skinstudio.ee\/lt\/wp-json\/wp\/v2\/product_brand?post=70490"},{"taxonomy":"product_cat","embeddable":true,"href":"https:\/\/skinstudio.ee\/lt\/wp-json\/wp\/v2\/product_cat?post=70490"},{"taxonomy":"product_tag","embeddable":true,"href":"https:\/\/skinstudio.ee\/lt\/wp-json\/wp\/v2\/product_tag?post=70490"},{"taxonomy":"giftcard-category","embeddable":true,"href":"https:\/\/skinstudio.ee\/lt\/wp-json\/wp\/v2\/giftcard-category?post=70490"}],"curies":[{"name":"wp","href":"https:\/\/api.w.org\/{rel}","templated":true}]}}