{"id":70500,"date":"2023-05-24T17:57:01","date_gmt":"2023-05-24T17:57:01","guid":{"rendered":"https:\/\/skinstudio.ee\/?post_type=product&#038;p=70500"},"modified":"2025-12-24T12:26:24","modified_gmt":"2025-12-24T12:26:24","slug":"sunforgettable-total-protection-face-shield-classic","status":"publish","type":"product","link":"https:\/\/skinstudio.ee\/lt\/catalog\/colorescience\/sunforgettable-total-protection-face-shield-classic\/","title":{"rendered":"Sunforgettable\u00ae Total Protection\u2122 Face Shield Classic"},"content":{"rendered":"<p data-start=\"1769\" data-end=\"2078\">Sunforgettable\u00ae Total Protection\u2122 Face Shield Classic \u2013 tai vandeniui atsparus mineralinis apsauginis kremas nuo saul\u0117s veidui, u\u017etikrinantis auk\u0161to lygio apsaug\u0105 ir tinkantis visiems odos atspalviams. Lengva formul\u0117 tolygiai pasiskirsto, nepalieka balt\u0173 \u017eymi\u0173 ir suteikia nat\u016bral\u0173, beveik nematom\u0105 padengim\u0105.<\/p>\n<p data-start=\"2080\" data-end=\"2341\">Formul\u0117 sukurta naudojant patentuot\u0105 <strong data-start=\"2117\" data-end=\"2134\">EnviroScreen\u2122<\/strong> technologij\u0105, kuri u\u017etikrina plataus spektro apsaug\u0105 nuo UVA ir UVB spinduli\u0173, laisv\u0173j\u0173 radikal\u0173 ir oksidacinio streso. Antioksidantai padeda palaikyti odos sveikat\u0105 ir ma\u017eina prie\u0161laikinio sen\u0117jimo rizik\u0105.<\/p>\n<p data-start=\"2343\" data-end=\"2477\">Kremin\u0117 tekst\u016bra dr\u0117kina od\u0105 ir tinka kasdieniam naudojimui. Galima naudoti vien\u0105 arba derinti su kitomis odos prie\u017ei\u016bros priemon\u0117mis.<\/p>\n<p data-start=\"2479\" data-end=\"2571\"><strong data-start=\"2479\" data-end=\"2494\">UV apsauga:<\/strong> SPF 50 \/ PA+++<br data-start=\"2509\" data-end=\"2512\" \/><strong data-start=\"2512\" data-end=\"2537\">Atsparumas vandeniui:<\/strong> iki 40 minu\u010di\u0173<br data-start=\"2552\" data-end=\"2555\" \/><strong data-start=\"2555\" data-end=\"2565\">T\u016bris:<\/strong> 55 ml<\/p>\n","protected":false},"excerpt":{"rendered":"<p data-start=\"2760\" data-end=\"2801\">Veido apsauginis kremas nuo saul\u0117s SPF 50<\/p>\n<h2 data-start=\"2803\" data-end=\"3136\"><strong data-start=\"2803\" data-end=\"2884\">COLORESCIENCE &#8211; Sunforgettable\u00ae Total Protection\u2122 Face Shield Classic Savyb\u0117s<\/strong><\/h2>\n<p data-start=\"2803\" data-end=\"3136\">\u2714\ufe0f U\u017etikrina mineralin\u0119 plataus spektro SPF 50 apsaug\u0105<br data-start=\"2941\" data-end=\"2944\" \/>\u2714\ufe0f Tolygiai pasiskirsto nepalikdamas balt\u0173 \u017eymi\u0173<br data-start=\"2992\" data-end=\"2995\" \/>\u2714\ufe0f Padeda apsaugoti od\u0105 nuo fotosen\u0117jimo<br data-start=\"3035\" data-end=\"3038\" \/>\u2714\ufe0f Palaiko odos antioksidacin\u0119 apsaug\u0105<br data-start=\"3076\" data-end=\"3079\" \/>\u2714\ufe0f Tinka kasdieniam naudojimui visiems odos atspalviams<\/p>\n","protected":false},"featured_media":70501,"template":"","meta":[],"pwb-brand":[1230],"product_brand":[],"product_cat":[746,771,752,740,750,732,748],"product_tag":[],"giftcard-category":[],"class_list":{"0":"post-70500","1":"product","2":"type-product","3":"status-publish","4":"has-post-thumbnail","6":"pwb-brand-colorescience","7":"product_cat-jautriai-odai","8":"product_cat-makiazas","9":"product_cat-pigmentacija-lt","10":"product_cat-sausai-odai","11":"product_cat-senstanti-oda","12":"product_cat-spf-apsauga","13":"product_cat-taukainai-adai-lt","15":"first","16":"instock","17":"taxable","18":"shipping-taxable","19":"purchasable","20":"product-type-simple"},"acf":[],"brands":[{"id":1230,"name":"Colorescience","slug":"colorescience"}],"_links":{"self":[{"href":"https:\/\/skinstudio.ee\/lt\/wp-json\/wp\/v2\/product\/70500","targetHints":{"allow":["GET"]}}],"collection":[{"href":"https:\/\/skinstudio.ee\/lt\/wp-json\/wp\/v2\/product"}],"about":[{"href":"https:\/\/skinstudio.ee\/lt\/wp-json\/wp\/v2\/types\/product"}],"version-history":[{"count":0,"href":"https:\/\/skinstudio.ee\/lt\/wp-json\/wp\/v2\/product\/70500\/revisions"}],"wp:featuredmedia":[{"embeddable":true,"href":"https:\/\/skinstudio.ee\/lt\/wp-json\/wp\/v2\/media\/70501"}],"wp:attachment":[{"href":"https:\/\/skinstudio.ee\/lt\/wp-json\/wp\/v2\/media?parent=70500"}],"wp:term":[{"taxonomy":"pwb-brand","embeddable":true,"href":"https:\/\/skinstudio.ee\/lt\/wp-json\/wp\/v2\/pwb-brand?post=70500"},{"taxonomy":"product_brand","embeddable":true,"href":"https:\/\/skinstudio.ee\/lt\/wp-json\/wp\/v2\/product_brand?post=70500"},{"taxonomy":"product_cat","embeddable":true,"href":"https:\/\/skinstudio.ee\/lt\/wp-json\/wp\/v2\/product_cat?post=70500"},{"taxonomy":"product_tag","embeddable":true,"href":"https:\/\/skinstudio.ee\/lt\/wp-json\/wp\/v2\/product_tag?post=70500"},{"taxonomy":"giftcard-category","embeddable":true,"href":"https:\/\/skinstudio.ee\/lt\/wp-json\/wp\/v2\/giftcard-category?post=70500"}],"curies":[{"name":"wp","href":"https:\/\/api.w.org\/{rel}","templated":true}]}}