{"id":70510,"date":"2023-05-24T17:57:01","date_gmt":"2023-05-24T17:57:01","guid":{"rendered":"https:\/\/skinstudio.ee\/?post_type=product&#038;p=70510"},"modified":"2025-12-24T12:26:24","modified_gmt":"2025-12-24T12:26:24","slug":"sunforgettable-total-protection-face-shield-bronze","status":"publish","type":"product","link":"https:\/\/skinstudio.ee\/lt\/catalog\/colorescience\/sunforgettable-total-protection-face-shield-bronze\/","title":{"rendered":"Sunforgettable\u00ae Total Protection\u2122 Face Shield Bronze"},"content":{"rendered":"<p data-start=\"1877\" data-end=\"2216\">Sunforgettable\u00ae Total Protection\u2122 Face Shield Bronze \u2013 tai vandeniui atsparus mineralinis apsauginis kremas nuo saul\u0117s veidui, kuris u\u017etikrina auk\u0161to lygio apsaug\u0105 ir suteikia odai lengv\u0105 \u012fdegio atspalv\u012f su subtiliu perlamutriniu \u0161vyt\u0117jimu. Priemon\u0117 vizualiai suvienodina odos ton\u0105, suteikdama veidui gaiv\u0173, pri\u017ei\u016br\u0117t\u0105 ir spindint\u012f vaizd\u0105.<\/p>\n<p data-start=\"2218\" data-end=\"2508\">Formul\u0117 sukurta naudojant patentuot\u0105 <strong data-start=\"2255\" data-end=\"2272\">EnviroScreen\u2122<\/strong> technologij\u0105, kuri u\u017etikrina plataus spektro apsaug\u0105 nuo UVA ir UVB spinduli\u0173, laisv\u0173j\u0173 radikal\u0173, oksidacinio streso ir aplinkos veiksni\u0173. Antioksidant\u0173 kompleksas padeda palaikyti odos sveikat\u0105 ir ma\u017eina prie\u0161laikinio sen\u0117jimo rizik\u0105.<\/p>\n<p data-start=\"2510\" data-end=\"2672\">Kremin\u0117 tekst\u016bra lengvai pasiskirsto, neapsunkina odos ir tinka kasdieniam naudojimui. Galima naudoti vien\u0105 arba derinti su kitais Face Shield linijos produktais.<\/p>\n<p data-start=\"2674\" data-end=\"2766\"><strong data-start=\"2674\" data-end=\"2689\">UV apsauga:<\/strong> SPF 50 \/ PA+++<br data-start=\"2704\" data-end=\"2707\" \/><strong data-start=\"2707\" data-end=\"2732\">Atsparumas vandeniui:<\/strong> iki 40 minu\u010di\u0173<br data-start=\"2747\" data-end=\"2750\" \/><strong data-start=\"2750\" data-end=\"2760\">T\u016bris:<\/strong> 55 ml<\/p>\n","protected":false},"excerpt":{"rendered":"<p data-start=\"2985\" data-end=\"3026\">Veido apsauginis kremas nuo saul\u0117s SPF 50<\/p>\n<h2 data-start=\"3028\" data-end=\"3348\"><strong data-start=\"3028\" data-end=\"3108\">COLORESCIENCE &#8211; Sunforgettable\u00ae Total Protection\u2122 Face Shield Bronze Savyb\u0117s<\/strong><\/h2>\n<p data-start=\"3028\" data-end=\"3348\">\u2714\ufe0f Suvienodina odos atspalv\u012f ir suteikia \u012fdegio efekt\u0105<br data-start=\"3165\" data-end=\"3168\" \/>\u2714\ufe0f U\u017etikrina mineralin\u0119 plataus spektro SPF 50 apsaug\u0105<br data-start=\"3222\" data-end=\"3225\" \/>\u2714\ufe0f Padeda apsaugoti od\u0105 nuo fotosen\u0117jimo<br data-start=\"3265\" data-end=\"3268\" \/>\u2714\ufe0f Palaiko odos antioksidacin\u0119 apsaug\u0105<br data-start=\"3306\" data-end=\"3309\" \/>\u2714\ufe0f Tinka kasdieniam naudojimui veidui<\/p>\n","protected":false},"featured_media":70511,"template":"","meta":[],"pwb-brand":[1230],"product_brand":[],"product_cat":[746,771,752,740,750,732,748],"product_tag":[],"giftcard-category":[],"class_list":{"0":"post-70510","1":"product","2":"type-product","3":"status-publish","4":"has-post-thumbnail","6":"pwb-brand-colorescience","7":"product_cat-jautriai-odai","8":"product_cat-makiazas","9":"product_cat-pigmentacija-lt","10":"product_cat-sausai-odai","11":"product_cat-senstanti-oda","12":"product_cat-spf-apsauga","13":"product_cat-taukainai-adai-lt","15":"first","16":"instock","17":"sale","18":"taxable","19":"shipping-taxable","20":"purchasable","21":"product-type-simple"},"acf":[],"brands":[{"id":1230,"name":"Colorescience","slug":"colorescience"}],"_links":{"self":[{"href":"https:\/\/skinstudio.ee\/lt\/wp-json\/wp\/v2\/product\/70510","targetHints":{"allow":["GET"]}}],"collection":[{"href":"https:\/\/skinstudio.ee\/lt\/wp-json\/wp\/v2\/product"}],"about":[{"href":"https:\/\/skinstudio.ee\/lt\/wp-json\/wp\/v2\/types\/product"}],"version-history":[{"count":0,"href":"https:\/\/skinstudio.ee\/lt\/wp-json\/wp\/v2\/product\/70510\/revisions"}],"wp:featuredmedia":[{"embeddable":true,"href":"https:\/\/skinstudio.ee\/lt\/wp-json\/wp\/v2\/media\/70511"}],"wp:attachment":[{"href":"https:\/\/skinstudio.ee\/lt\/wp-json\/wp\/v2\/media?parent=70510"}],"wp:term":[{"taxonomy":"pwb-brand","embeddable":true,"href":"https:\/\/skinstudio.ee\/lt\/wp-json\/wp\/v2\/pwb-brand?post=70510"},{"taxonomy":"product_brand","embeddable":true,"href":"https:\/\/skinstudio.ee\/lt\/wp-json\/wp\/v2\/product_brand?post=70510"},{"taxonomy":"product_cat","embeddable":true,"href":"https:\/\/skinstudio.ee\/lt\/wp-json\/wp\/v2\/product_cat?post=70510"},{"taxonomy":"product_tag","embeddable":true,"href":"https:\/\/skinstudio.ee\/lt\/wp-json\/wp\/v2\/product_tag?post=70510"},{"taxonomy":"giftcard-category","embeddable":true,"href":"https:\/\/skinstudio.ee\/lt\/wp-json\/wp\/v2\/giftcard-category?post=70510"}],"curies":[{"name":"wp","href":"https:\/\/api.w.org\/{rel}","templated":true}]}}