{"id":70535,"date":"2023-05-24T17:56:26","date_gmt":"2023-05-24T17:56:26","guid":{"rendered":"https:\/\/skinstudio.ee\/?post_type=product&#038;p=70535"},"modified":"2025-12-24T12:26:24","modified_gmt":"2025-12-24T12:26:24","slug":"aq-active-serum","status":"publish","type":"product","link":"https:\/\/skinstudio.ee\/lt\/catalog\/aq-skin-solutions\/aq-active-serum\/","title":{"rendered":"AQ Active Serum"},"content":{"rendered":"<p data-start=\"1876\" data-end=\"2147\">AQ Active Serum i\u0161 AQ Skin Solutions yra profesionalus aktyvus serumas, sukurtas palaikyti nat\u016bralius odos atsinaujinimo procesus ir pagerinti bendr\u0105 jos i\u0161vaizd\u0105. Serumo formul\u0117 padeda i\u0161laikyti gaivesn\u0119, lygesn\u0119 ir labiau pri\u017ei\u016br\u0117t\u0105 odos i\u0161vaizd\u0105 reguliariai naudojant.<\/p>\n<p data-start=\"2149\" data-end=\"2490\">AQ Active Serum sud\u0117tyje yra augimo faktori\u0173, gaut\u0173 i\u0161 itin gryn\u0173 fibroblast\u0173, geneti\u0161kai pana\u0161i\u0173 \u012f tuos, kuriuos nat\u016braliai gamina \u017emogaus organizmas. \u0160ios aktyviosios med\u017eiagos palaiko odos l\u0105steli\u0173 aktyvum\u0105, padeda gerinti odos tekst\u016br\u0105, tank\u012f ir vizual\u0173 lygum\u0105. Reguliariai naudojant oda atrodo stangresn\u0117, o odos tonas tampa tolygesnis.<\/p>\n<p data-start=\"2492\" data-end=\"2726\">AQ Active Serum tinka naudoti veido, kaklo ir dekolt\u0117 srityse. Serumas gali b\u016bti naudojamas tiek kasdien\u0117je odos prie\u017ei\u016bros rutinoje, tiek profesionaliose prie\u017ei\u016bros programose, skirtose matomam odos atjauninimui ir kokyb\u0117s gerinimui.<\/p>\n<p data-start=\"2728\" data-end=\"2889\">Serumas rekomenduojamas normaliai, sausai, mi\u0161riai ir brand\u017eiai odai, taip pat odai, turin\u010diai nuovargio po\u017eymi\u0173, suma\u017e\u0117jus\u012f stangrum\u0105 ir netolyg\u0173 odos atspalv\u012f.<\/p>\n<p data-start=\"2891\" data-end=\"2907\"><strong data-start=\"2891\" data-end=\"2901\">T\u016bris:<\/strong> 30 ml<\/p>\n","protected":false},"excerpt":{"rendered":"<p data-start=\"3207\" data-end=\"3228\">Atjauninantis serumas<\/p>\n<h2 data-start=\"3230\" data-end=\"3277\"><strong data-start=\"3230\" data-end=\"3277\">AQ Skin Solutions &#8211; AQ Active Serum Savyb\u0117s<\/strong><\/h2>\n<p data-start=\"3279\" data-end=\"3479\">\u2714\ufe0f Palaiko nat\u016bralius odos atsinaujinimo procesus<br data-start=\"3328\" data-end=\"3331\" \/>\u2714\ufe0f Gerina odos tank\u012f ir elastingum\u0105<br data-start=\"3366\" data-end=\"3369\" \/>\u2714\ufe0f Padeda i\u0161lyginti odos atspalv\u012f<br data-start=\"3402\" data-end=\"3405\" \/>\u2714\ufe0f Ma\u017eina sen\u0117jimo po\u017eymi\u0173 matomum\u0105<br data-start=\"3440\" data-end=\"3443\" \/>\u2714\ufe0f Padeda pagerinti rand\u0173 i\u0161vaizd\u0105<\/p>\n","protected":false},"featured_media":63235,"template":"","meta":[],"pwb-brand":[1232],"product_brand":[],"product_cat":[742,738,744,752,740,750,724,748],"product_tag":[],"giftcard-category":[],"class_list":{"0":"post-70535","1":"product","2":"type-product","3":"status-publish","4":"has-post-thumbnail","6":"pwb-brand-aq-skin-solutions","7":"product_cat-berimai","8":"product_cat-drekinimas","9":"product_cat-issipletusios-poros","10":"product_cat-pigmentacija-lt","11":"product_cat-sausai-odai","12":"product_cat-senstanti-oda","13":"product_cat-serumai","14":"product_cat-taukainai-adai-lt","16":"first","17":"instock","18":"taxable","19":"shipping-taxable","20":"purchasable","21":"product-type-simple"},"acf":[],"brands":[{"id":1232,"name":"AQ SKIN SOLUTIONS","slug":"aq-skin-solutions"}],"_links":{"self":[{"href":"https:\/\/skinstudio.ee\/lt\/wp-json\/wp\/v2\/product\/70535","targetHints":{"allow":["GET"]}}],"collection":[{"href":"https:\/\/skinstudio.ee\/lt\/wp-json\/wp\/v2\/product"}],"about":[{"href":"https:\/\/skinstudio.ee\/lt\/wp-json\/wp\/v2\/types\/product"}],"version-history":[{"count":0,"href":"https:\/\/skinstudio.ee\/lt\/wp-json\/wp\/v2\/product\/70535\/revisions"}],"wp:featuredmedia":[{"embeddable":true,"href":"https:\/\/skinstudio.ee\/lt\/wp-json\/wp\/v2\/media\/63235"}],"wp:attachment":[{"href":"https:\/\/skinstudio.ee\/lt\/wp-json\/wp\/v2\/media?parent=70535"}],"wp:term":[{"taxonomy":"pwb-brand","embeddable":true,"href":"https:\/\/skinstudio.ee\/lt\/wp-json\/wp\/v2\/pwb-brand?post=70535"},{"taxonomy":"product_brand","embeddable":true,"href":"https:\/\/skinstudio.ee\/lt\/wp-json\/wp\/v2\/product_brand?post=70535"},{"taxonomy":"product_cat","embeddable":true,"href":"https:\/\/skinstudio.ee\/lt\/wp-json\/wp\/v2\/product_cat?post=70535"},{"taxonomy":"product_tag","embeddable":true,"href":"https:\/\/skinstudio.ee\/lt\/wp-json\/wp\/v2\/product_tag?post=70535"},{"taxonomy":"giftcard-category","embeddable":true,"href":"https:\/\/skinstudio.ee\/lt\/wp-json\/wp\/v2\/giftcard-category?post=70535"}],"curies":[{"name":"wp","href":"https:\/\/api.w.org\/{rel}","templated":true}]}}