{"id":70542,"date":"2023-05-24T17:56:26","date_gmt":"2023-05-24T17:56:26","guid":{"rendered":"https:\/\/skinstudio.ee\/?post_type=product&#038;p=70542"},"modified":"2025-12-24T12:26:24","modified_gmt":"2025-12-24T12:26:24","slug":"aq-eye-serum","status":"publish","type":"product","link":"https:\/\/skinstudio.ee\/lt\/catalog\/aq-skin-solutions\/aq-eye-serum\/","title":{"rendered":"AQ Eye Serum"},"content":{"rendered":"<p data-start=\"2037\" data-end=\"2325\"><strong>AQ Eye Serum<\/strong> i\u0161 AQ Skin Solutions yra profesionalus serumas, skirtas \u0161velniai aki\u0173 srities odos prie\u017ei\u016brai ir nat\u016brali\u0173 odos atsinaujinimo proces\u0173 palaikymui. \u0160velni formul\u0117 padeda vizualiai i\u0161lyginti od\u0105, pagerinti jos tank\u012f ir i\u0161laikyti gaiv\u0173, pails\u0117jus\u012f \u017evilgsn\u012f reguliariai naudojant.<\/p>\n<p data-start=\"2327\" data-end=\"2758\">AQ Eye Serum formul\u0117 pagr\u012fsta augimo faktori\u0173 deriniu su aktyviosiomis med\u017eiagomis, kurios veikia procesus, susijusius su tamsi\u0173 ratil\u0173 po akimis atsiradimu. \u0160ios sudedamosios dalys palaiko nat\u016brali\u0105 mikrocirkuliacij\u0105 ir padeda odai atrodyti lygesnei, tolygesnei ir labiau pri\u017ei\u016br\u0117tai. Mink\u0161tinamieji peptidai padeda palaikyti jautri\u0105 aki\u0173 srities od\u0105, prisidedant prie jos tekst\u016bros gerinimo ir sen\u0117jimo po\u017eymi\u0173 matomumo ma\u017einimo.<\/p>\n<p data-start=\"2760\" data-end=\"3067\">AQ Eye Serum padeda pagerinti apatinio voko srities i\u0161vaizd\u0105, suteikdamas odai vizualaus stangrumo ir gaivumo. Lengva tekst\u016bra greitai \u012fsigeria, nepalieka riebaus sluoksnio ir neu\u017ekem\u0161a por\u0173, tod\u0117l serumas tinkamas kasdieniam naudojimui. Formul\u0117 sukurta atsi\u017evelgiant \u012f jautrios aki\u0173 srities odos poreikius.<\/p>\n<p data-start=\"3069\" data-end=\"3304\">Serumas rekomenduojamas aki\u0173 srities prie\u017ei\u016brai esant nuovargio po\u017eymiams, suma\u017e\u0117jusiam stangrumui, smulkioms linijoms ir rauk\u0161l\u0117ms, taip pat polinkiui \u012f tamsius ratilus ir paburkim\u0105. Tinka normaliai, sausai, mi\u0161riai ir brand\u017eiai odai.<\/p>\n<p data-start=\"3306\" data-end=\"3322\"><strong data-start=\"3306\" data-end=\"3316\">T\u016bris:<\/strong> 15 ml<\/p>\n","protected":false},"excerpt":{"rendered":"<p data-start=\"3636\" data-end=\"3669\">Atjauninanti aki\u0173 zonos prie\u017ei\u016bra<\/p>\n<h2 data-start=\"3671\" data-end=\"3715\"><strong data-start=\"3671\" data-end=\"3715\">AQ Skin Solutions &#8211; AQ Eye Serum Savyb\u0117s<\/strong><\/h2>\n<p data-start=\"3717\" data-end=\"3897\">\u2714\ufe0f I\u0161lygina od\u0105 aplink akis<br data-start=\"3744\" data-end=\"3747\" \/>\u2714\ufe0f Gerina odos tank\u012f ir stangrum\u0105<br data-start=\"3780\" data-end=\"3783\" \/>\u2714\ufe0f Ma\u017eina tamsi\u0173 ratil\u0173 matomum\u0105<br data-start=\"3815\" data-end=\"3818\" \/>\u2714\ufe0f Suma\u017eina smulki\u0173 linij\u0173 i\u0161vaizd\u0105<br data-start=\"3853\" data-end=\"3856\" \/>\u2714\ufe0f Ma\u017eina aki\u0173 zonos nuovargio po\u017eymius<\/p>\n","protected":false},"featured_media":63230,"template":"","meta":[],"pwb-brand":[1232],"product_brand":[],"product_cat":[738,734,750,724],"product_tag":[],"giftcard-category":[],"class_list":{"0":"post-70542","1":"product","2":"type-product","3":"status-publish","4":"has-post-thumbnail","6":"pwb-brand-aq-skin-solutions","7":"product_cat-drekinimas","8":"product_cat-oda-aplink-akis","9":"product_cat-senstanti-oda","10":"product_cat-serumai","12":"first","13":"instock","14":"taxable","15":"shipping-taxable","16":"purchasable","17":"product-type-simple"},"acf":[],"brands":[{"id":1232,"name":"AQ SKIN SOLUTIONS","slug":"aq-skin-solutions"}],"_links":{"self":[{"href":"https:\/\/skinstudio.ee\/lt\/wp-json\/wp\/v2\/product\/70542","targetHints":{"allow":["GET"]}}],"collection":[{"href":"https:\/\/skinstudio.ee\/lt\/wp-json\/wp\/v2\/product"}],"about":[{"href":"https:\/\/skinstudio.ee\/lt\/wp-json\/wp\/v2\/types\/product"}],"version-history":[{"count":0,"href":"https:\/\/skinstudio.ee\/lt\/wp-json\/wp\/v2\/product\/70542\/revisions"}],"wp:featuredmedia":[{"embeddable":true,"href":"https:\/\/skinstudio.ee\/lt\/wp-json\/wp\/v2\/media\/63230"}],"wp:attachment":[{"href":"https:\/\/skinstudio.ee\/lt\/wp-json\/wp\/v2\/media?parent=70542"}],"wp:term":[{"taxonomy":"pwb-brand","embeddable":true,"href":"https:\/\/skinstudio.ee\/lt\/wp-json\/wp\/v2\/pwb-brand?post=70542"},{"taxonomy":"product_brand","embeddable":true,"href":"https:\/\/skinstudio.ee\/lt\/wp-json\/wp\/v2\/product_brand?post=70542"},{"taxonomy":"product_cat","embeddable":true,"href":"https:\/\/skinstudio.ee\/lt\/wp-json\/wp\/v2\/product_cat?post=70542"},{"taxonomy":"product_tag","embeddable":true,"href":"https:\/\/skinstudio.ee\/lt\/wp-json\/wp\/v2\/product_tag?post=70542"},{"taxonomy":"giftcard-category","embeddable":true,"href":"https:\/\/skinstudio.ee\/lt\/wp-json\/wp\/v2\/giftcard-category?post=70542"}],"curies":[{"name":"wp","href":"https:\/\/api.w.org\/{rel}","templated":true}]}}