{"id":70549,"date":"2023-05-24T17:56:26","date_gmt":"2023-05-24T17:56:26","guid":{"rendered":"https:\/\/skinstudio.ee\/?post_type=product&#038;p=70549"},"modified":"2025-12-24T12:26:24","modified_gmt":"2025-12-24T12:26:24","slug":"aq-lash","status":"publish","type":"product","link":"https:\/\/skinstudio.ee\/lt\/catalog\/aq-skin-solutions\/aq-lash\/","title":{"rendered":"AQ Lash"},"content":{"rendered":"<p data-start=\"2326\" data-end=\"2647\">AQ Lash i\u0161 AQ Skin Solutions yra profesionalus serumas, skirtas blakstien\u0173 ir antaki\u0173 prie\u017ei\u016brai, sukurtas palaikyti j\u0173 nat\u016bral\u0173 augimo cikl\u0105 ir pagerinti bendr\u0105 i\u0161vaizd\u0105. Formul\u0117 padeda atkurti plaukeli\u0173 gyvybingum\u0105 ir reguliariai naudojant suteikia blakstienoms bei antakiams daugiau tankumo, stiprumo ir i\u0161rai\u0161kingumo.<\/p>\n<p data-start=\"2649\" data-end=\"3024\">AQ Lash sud\u0117tyje yra patentuotas augimo faktori\u0173 kompleksas, palaikantis plauk\u0173 folikul\u0173 aktyvum\u0105 ir sudarantis palankias s\u0105lygas sveikam blakstien\u0173 ir antaki\u0173 augimui. Serumas veikia plauk\u0173 matric\u0173 lygiu, padeda gerinti plaukeli\u0173 kokyb\u0119, tank\u012f ir atsparum\u0105 nenaudojant prostaglandin\u0173. D\u0117l to produktas nekei\u010dia aki\u0173 spalvos ar odos atspalvio ir tinka ilgalaikiam naudojimui.<\/p>\n<p data-start=\"3026\" data-end=\"3341\">Lengva tekst\u016bra greitai \u012fsigeria ir u\u017etikrina patog\u0173 kasdien\u012f naudojim\u0105 be dirginimo. Vienkartiniai aplikatoriai leid\u017eia tiksliai ir higieni\u0161kai paskirstyti serum\u0105 blakstien\u0173 augimo linijoje ir antaki\u0173 srityje. Reguliariai naudojant blakstienos ir antakiai atrodo labiau pri\u017ei\u016br\u0117ti, tankesni ir vizualiai stipresni.<\/p>\n<p data-start=\"3343\" data-end=\"3608\">Serumas rekomenduojamas silpnoms, l\u016b\u017ein\u0117jan\u010dioms ar l\u0117tai augan\u010dioms blakstienoms ir antakiams, taip pat po kosmetini\u0173 proced\u016br\u0173, toki\u0173 kaip priauginimas, da\u017eymas ar da\u017enas dekoratyvin\u0117s kosmetikos naudojimas. Tinka jautriai aki\u0173 zonos odai ir kasdienei prie\u017ei\u016brai.<\/p>\n<p data-start=\"3610\" data-end=\"3642\"><strong data-start=\"3610\" data-end=\"3620\">T\u016bris:<\/strong> 7 ml + 30 aplikatori\u0173<\/p>\n<p data-start=\"3644\" data-end=\"4214\">\n","protected":false},"excerpt":{"rendered":"<p data-start=\"4216\" data-end=\"4263\">Atstatomoji prie\u017ei\u016bra blakstienoms ir antakiams<\/p>\n<h2 data-start=\"4265\" data-end=\"4304\"><strong data-start=\"4265\" data-end=\"4304\">AQ Skin Solutions &#8211; AQ Lash Savyb\u0117s<\/strong><\/h2>\n<p data-start=\"4306\" data-end=\"4489\">\u2714\ufe0f Skatina nat\u016bral\u0173 blakstien\u0173 augim\u0105<br data-start=\"4343\" data-end=\"4346\" \/>\u2714\ufe0f Didina plaukeli\u0173 tank\u012f<br data-start=\"4371\" data-end=\"4374\" \/>\u2714\ufe0f Stiprina blakstienas ir antakius<br data-start=\"4409\" data-end=\"4412\" \/>\u2714\ufe0f Gerina antaki\u0173 bendr\u0105 i\u0161vaizd\u0105<br data-start=\"4445\" data-end=\"4448\" \/>\u2714\ufe0f Palaiko sveik\u0173 plauk\u0173 folikul\u0173 b\u016bkl\u0119<\/p>\n","protected":false},"featured_media":63220,"template":"","meta":[],"pwb-brand":[1232],"product_brand":[],"product_cat":[734,763,724],"product_tag":[],"giftcard-category":[],"class_list":{"0":"post-70549","1":"product","2":"type-product","3":"status-publish","4":"has-post-thumbnail","6":"pwb-brand-aq-skin-solutions","7":"product_cat-oda-aplink-akis","8":"product_cat-plauku-prieziura","9":"product_cat-serumai","11":"first","12":"instock","13":"taxable","14":"shipping-taxable","15":"purchasable","16":"product-type-simple"},"acf":[],"brands":[{"id":1232,"name":"AQ SKIN SOLUTIONS","slug":"aq-skin-solutions"}],"_links":{"self":[{"href":"https:\/\/skinstudio.ee\/lt\/wp-json\/wp\/v2\/product\/70549","targetHints":{"allow":["GET"]}}],"collection":[{"href":"https:\/\/skinstudio.ee\/lt\/wp-json\/wp\/v2\/product"}],"about":[{"href":"https:\/\/skinstudio.ee\/lt\/wp-json\/wp\/v2\/types\/product"}],"version-history":[{"count":0,"href":"https:\/\/skinstudio.ee\/lt\/wp-json\/wp\/v2\/product\/70549\/revisions"}],"wp:featuredmedia":[{"embeddable":true,"href":"https:\/\/skinstudio.ee\/lt\/wp-json\/wp\/v2\/media\/63220"}],"wp:attachment":[{"href":"https:\/\/skinstudio.ee\/lt\/wp-json\/wp\/v2\/media?parent=70549"}],"wp:term":[{"taxonomy":"pwb-brand","embeddable":true,"href":"https:\/\/skinstudio.ee\/lt\/wp-json\/wp\/v2\/pwb-brand?post=70549"},{"taxonomy":"product_brand","embeddable":true,"href":"https:\/\/skinstudio.ee\/lt\/wp-json\/wp\/v2\/product_brand?post=70549"},{"taxonomy":"product_cat","embeddable":true,"href":"https:\/\/skinstudio.ee\/lt\/wp-json\/wp\/v2\/product_cat?post=70549"},{"taxonomy":"product_tag","embeddable":true,"href":"https:\/\/skinstudio.ee\/lt\/wp-json\/wp\/v2\/product_tag?post=70549"},{"taxonomy":"giftcard-category","embeddable":true,"href":"https:\/\/skinstudio.ee\/lt\/wp-json\/wp\/v2\/giftcard-category?post=70549"}],"curies":[{"name":"wp","href":"https:\/\/api.w.org\/{rel}","templated":true}]}}