{"id":70566,"date":"2023-05-24T17:56:26","date_gmt":"2023-05-24T17:56:26","guid":{"rendered":"https:\/\/skinstudio.ee\/?post_type=product&#038;p=70566"},"modified":"2025-12-24T12:26:25","modified_gmt":"2025-12-24T12:26:25","slug":"aq-hair-complex","status":"publish","type":"product","link":"https:\/\/skinstudio.ee\/lt\/catalog\/aq-skin-solutions\/aq-hair-complex\/","title":{"rendered":"AQ Hair Complex"},"content":{"rendered":"<p data-start=\"2170\" data-end=\"2473\">AQ Hair Complex i\u0161 AQ Skin Solutions yra profesionalus ampuli\u0173 kompleksas, sukurtas palaikyti nat\u016bral\u0173 plauk\u0173 augim\u0105 ir pagerinti galvos odos bei plauk\u0173 folikul\u0173 bendr\u0105 b\u016bkl\u0119. Formul\u0117 skirta su am\u017eiumi susijusiems poky\u010diams, susilpn\u0117jusioms plauk\u0173 \u0161aknims ir sutrikusiam nat\u016braliam plauk\u0173 augimo ciklui.<\/p>\n<p data-start=\"2475\" data-end=\"2841\">AQ Hair Complex pagr\u012fstas inovatyviu po\u017ei\u016briu, derinan\u010diu augimo faktorius su maitinan\u010diais ir puosel\u0117jan\u010diais komponentais. \u0160ios med\u017eiagos palaiko plauk\u0173 folikul\u0173 kamienini\u0173 l\u0105steli\u0173 sveik\u0105 veikl\u0105, kuri yra itin svarbi stipri\u0173, atspari\u0173 ir sveikai atrodan\u010di\u0173 plauk\u0173 palaikymui. Kompleksas padeda sudaryti palankias s\u0105lygas plauk\u0173 augimui ir gerina j\u0173 bendr\u0105 kokyb\u0119.<\/p>\n<p data-start=\"2843\" data-end=\"3167\">Formul\u0117 papildyta vaisi\u0173 aliejais ir kitomis aktyviosiomis med\u017eiagomis, kurios maitina galvos od\u0105, palaiko pa\u017eeist\u0173 plauk\u0173 folikul\u0173 atk\u016brim\u0105 ir padeda i\u0161laikyti odos komfort\u0105. Reguliarus naudojimas prisideda prie geresn\u0117s galvos odos b\u016bkl\u0117s, palaiko nat\u016brali\u0105 mikrocirkuliacij\u0105 ir padeda atkurti normal\u0173 plauk\u0173 augimo cikl\u0105.<\/p>\n<p data-start=\"3169\" data-end=\"3443\">AQ Hair Complex rekomenduojamas esant padid\u0117jusiam plauk\u0173 slinkimui, plauk\u0173 ret\u0117jimui, susilpn\u0117jusioms \u0161aknims ir suma\u017e\u0117jusiam plauk\u0173 tankiui. Ampuli\u0173 kursas gali b\u016bti naudojamas kaip intensyvi prie\u017ei\u016bra arba palaikomoji programa, skirta pagerinti plauk\u0173 kokyb\u0119 ir i\u0161vaizd\u0105.<\/p>\n<p data-start=\"3445\" data-end=\"3472\"><strong data-start=\"3445\" data-end=\"3455\">T\u016bris:<\/strong> 5 \u00d7 6 ml ampul\u0117s<\/p>\n","protected":false},"excerpt":{"rendered":"<p data-start=\"3839\" data-end=\"3872\">Plauk\u0173 augim\u0105 skatinantis serumas<\/p>\n<h2 data-start=\"3874\" data-end=\"3921\"><strong data-start=\"3874\" data-end=\"3921\">AQ Skin Solutions &#8211; AQ Hair Complex Savyb\u0117s<\/strong><\/h2>\n<p data-start=\"3923\" data-end=\"4097\">\u2714\ufe0f Palaiko nat\u016bral\u0173 plauk\u0173 augim\u0105<br data-start=\"3956\" data-end=\"3959\" \/>\u2714\ufe0f Ma\u017eina plauk\u0173 slinkimo matomum\u0105<br data-start=\"3993\" data-end=\"3996\" \/>\u2714\ufe0f Gerina galvos odos b\u016bkl\u0119<br data-start=\"4023\" data-end=\"4026\" \/>\u2714\ufe0f Padeda atkurti plauk\u0173 folikulus<br data-start=\"4060\" data-end=\"4063\" \/>\u2714\ufe0f Gerina plauk\u0173 tank\u012f ir kokyb\u0119<\/p>\n","protected":false},"featured_media":63215,"template":"","meta":[],"pwb-brand":[1232],"product_brand":[],"product_cat":[758,763],"product_tag":[],"giftcard-category":[],"class_list":{"0":"post-70566","1":"product","2":"type-product","3":"status-publish","4":"has-post-thumbnail","6":"pwb-brand-aq-skin-solutions","7":"product_cat-kuno-prieziura","8":"product_cat-plauku-prieziura","10":"first","11":"instock","12":"taxable","13":"shipping-taxable","14":"purchasable","15":"product-type-simple"},"acf":[],"brands":[{"id":1232,"name":"AQ SKIN SOLUTIONS","slug":"aq-skin-solutions"}],"_links":{"self":[{"href":"https:\/\/skinstudio.ee\/lt\/wp-json\/wp\/v2\/product\/70566","targetHints":{"allow":["GET"]}}],"collection":[{"href":"https:\/\/skinstudio.ee\/lt\/wp-json\/wp\/v2\/product"}],"about":[{"href":"https:\/\/skinstudio.ee\/lt\/wp-json\/wp\/v2\/types\/product"}],"version-history":[{"count":0,"href":"https:\/\/skinstudio.ee\/lt\/wp-json\/wp\/v2\/product\/70566\/revisions"}],"wp:featuredmedia":[{"embeddable":true,"href":"https:\/\/skinstudio.ee\/lt\/wp-json\/wp\/v2\/media\/63215"}],"wp:attachment":[{"href":"https:\/\/skinstudio.ee\/lt\/wp-json\/wp\/v2\/media?parent=70566"}],"wp:term":[{"taxonomy":"pwb-brand","embeddable":true,"href":"https:\/\/skinstudio.ee\/lt\/wp-json\/wp\/v2\/pwb-brand?post=70566"},{"taxonomy":"product_brand","embeddable":true,"href":"https:\/\/skinstudio.ee\/lt\/wp-json\/wp\/v2\/product_brand?post=70566"},{"taxonomy":"product_cat","embeddable":true,"href":"https:\/\/skinstudio.ee\/lt\/wp-json\/wp\/v2\/product_cat?post=70566"},{"taxonomy":"product_tag","embeddable":true,"href":"https:\/\/skinstudio.ee\/lt\/wp-json\/wp\/v2\/product_tag?post=70566"},{"taxonomy":"giftcard-category","embeddable":true,"href":"https:\/\/skinstudio.ee\/lt\/wp-json\/wp\/v2\/giftcard-category?post=70566"}],"curies":[{"name":"wp","href":"https:\/\/api.w.org\/{rel}","templated":true}]}}