{"id":70573,"date":"2023-05-24T17:56:26","date_gmt":"2023-05-24T17:56:26","guid":{"rendered":"https:\/\/skinstudio.ee\/?post_type=product&#038;p=70573"},"modified":"2025-12-24T12:26:25","modified_gmt":"2025-12-24T12:26:25","slug":"aq-vaginal-rejuvenation-system","status":"publish","type":"product","link":"https:\/\/skinstudio.ee\/lt\/catalog\/aq-skin-solutions\/aq-vaginal-rejuvenation-system\/","title":{"rendered":"AQ Vaginal Rejuvenation System"},"content":{"rendered":"<p data-start=\"2380\" data-end=\"2717\"><strong>AQ Vaginal Rejuvenation System i\u0161 AQ Skin Solutions<\/strong> yra nehormoninis vaginalinis serumas, sukurtas palaikyti nat\u016bralius l\u0105steli\u0173 atsinaujinimo procesus ir pagerinti mak\u0161ties audini\u0173 b\u016bkl\u0119. Produktas padeda atkurti komfort\u0105, dr\u0117kinim\u0105 ir elastingum\u0105 intymioje srityje, ypa\u010d esant padid\u0117jusiam sausumui ar su am\u017eiumi susijusiems poky\u010diams.<\/p>\n<p data-start=\"2719\" data-end=\"3072\">AQ Vaginal Rejuvenation System formul\u0117 pagr\u012fsta patentuota augimo faktori\u0173 technologija, kuri palaiko mak\u0161ties gleivin\u0117s regeneracijos procesus. \u0160ios sudedamosios dalys padeda i\u0161laikyti audini\u0173 strukt\u016br\u0105, pagerinti elastingum\u0105 ir sudaryti palankias s\u0105lygas nat\u016braliam atsinaujinimui. Reguliarus naudojimas padeda suma\u017einti sausumo poj\u016bt\u012f ir diskomfort\u0105.<\/p>\n<p data-start=\"3074\" data-end=\"3339\">Serumas taip pat palaiko nat\u016bral\u0173 mak\u0161ties audini\u0173 dr\u0117gm\u0117s balans\u0105 ir padeda pagerinti mak\u0161ties sieneli\u0173 elastingum\u0105. D\u0117l to did\u0117ja bendras intymios srities komfortas. Formul\u0117 be hormon\u0173, tinkama naudoti tiek kaip intensyvus kursas, tiek kaip palaikomoji prie\u017ei\u016bra.<\/p>\n<p data-start=\"3341\" data-end=\"3644\">AQ Vaginal Rejuvenation System rekomenduojamas moterims, kurios patiria mak\u0161ties sausum\u0105, suma\u017e\u0117jus\u012f elastingum\u0105 ar intym\u0173 diskomfort\u0105, \u012fskaitant laikotarp\u012f po gimdymo, hormonini\u0173 poky\u010di\u0173 metu ar su am\u017eiumi susijusiais pereinamaisiais etapais. Tinka reguliariam naudojimui pagal individualius poreikius.<\/p>\n<p data-start=\"3646\" data-end=\"3673\"><strong data-start=\"3646\" data-end=\"3656\">T\u016bris:<\/strong> 6 \u00d7 4 ml t\u016bbel\u0117s<\/p>\n","protected":false},"excerpt":{"rendered":"<p data-start=\"4180\" data-end=\"4213\">Vaginalinis atjauninantis serumas<\/p>\n<h2 data-start=\"4215\" data-end=\"4277\"><strong data-start=\"4215\" data-end=\"4277\">AQ Skin Solutions &#8211; AQ Vaginal Rejuvenation System Savyb\u0117s<\/strong><\/h2>\n<p data-start=\"4279\" data-end=\"4495\">\u2714\ufe0f Ma\u017eina mak\u0161ties sausum\u0105 ir diskomfort\u0105<br data-start=\"4320\" data-end=\"4323\" \/>\u2714\ufe0f Palaiko mak\u0161ties audini\u0173 dr\u0117kinim\u0105<br data-start=\"4360\" data-end=\"4363\" \/>\u2714\ufe0f Gerina intymios srities elastingum\u0105<br data-start=\"4401\" data-end=\"4404\" \/>\u2714\ufe0f Skatina nat\u016bralius atsinaujinimo procesus<br data-start=\"4448\" data-end=\"4451\" \/>\u2714\ufe0f Didina bendr\u0105 intymios srities komfort\u0105<\/p>\n","protected":false},"featured_media":63210,"template":"","meta":[],"pwb-brand":[1232],"product_brand":[],"product_cat":[758,750],"product_tag":[],"giftcard-category":[],"class_list":{"0":"post-70573","1":"product","2":"type-product","3":"status-publish","4":"has-post-thumbnail","6":"pwb-brand-aq-skin-solutions","7":"product_cat-kuno-prieziura","8":"product_cat-senstanti-oda","10":"first","11":"instock","12":"taxable","13":"shipping-taxable","14":"purchasable","15":"product-type-simple"},"acf":[],"brands":[{"id":1232,"name":"AQ SKIN SOLUTIONS","slug":"aq-skin-solutions"}],"_links":{"self":[{"href":"https:\/\/skinstudio.ee\/lt\/wp-json\/wp\/v2\/product\/70573","targetHints":{"allow":["GET"]}}],"collection":[{"href":"https:\/\/skinstudio.ee\/lt\/wp-json\/wp\/v2\/product"}],"about":[{"href":"https:\/\/skinstudio.ee\/lt\/wp-json\/wp\/v2\/types\/product"}],"version-history":[{"count":0,"href":"https:\/\/skinstudio.ee\/lt\/wp-json\/wp\/v2\/product\/70573\/revisions"}],"wp:featuredmedia":[{"embeddable":true,"href":"https:\/\/skinstudio.ee\/lt\/wp-json\/wp\/v2\/media\/63210"}],"wp:attachment":[{"href":"https:\/\/skinstudio.ee\/lt\/wp-json\/wp\/v2\/media?parent=70573"}],"wp:term":[{"taxonomy":"pwb-brand","embeddable":true,"href":"https:\/\/skinstudio.ee\/lt\/wp-json\/wp\/v2\/pwb-brand?post=70573"},{"taxonomy":"product_brand","embeddable":true,"href":"https:\/\/skinstudio.ee\/lt\/wp-json\/wp\/v2\/product_brand?post=70573"},{"taxonomy":"product_cat","embeddable":true,"href":"https:\/\/skinstudio.ee\/lt\/wp-json\/wp\/v2\/product_cat?post=70573"},{"taxonomy":"product_tag","embeddable":true,"href":"https:\/\/skinstudio.ee\/lt\/wp-json\/wp\/v2\/product_tag?post=70573"},{"taxonomy":"giftcard-category","embeddable":true,"href":"https:\/\/skinstudio.ee\/lt\/wp-json\/wp\/v2\/giftcard-category?post=70573"}],"curies":[{"name":"wp","href":"https:\/\/api.w.org\/{rel}","templated":true}]}}