{"id":70577,"date":"2025-10-03T08:18:42","date_gmt":"2025-10-03T08:18:42","guid":{"rendered":"https:\/\/skinstudio.ee\/?post_type=product&#038;p=70577"},"modified":"2025-12-24T12:26:25","modified_gmt":"2025-12-24T12:26:25","slug":"ohhira-cream-mask-with-postbiotics","status":"publish","type":"product","link":"https:\/\/skinstudio.ee\/lt\/catalog\/dr-ohhira\/ohhira-cream-mask-with-postbiotics\/","title":{"rendered":"Ohhira Cream Mask with Postbiotics"},"content":{"rendered":"<p data-start=\"1475\" data-end=\"1627\">Atrask \u0161vytin\u010dios odos paslapt\u012f su Dr.OHHIRA\u00ae MIZUKI lak\u0161tine kauke, sukurta i\u0161 harmoningai suderint\u0173, kruop\u0161\u010diai atrinkt\u0173 nat\u016brali\u0173 ingredient\u0173.<\/p>\n<p data-start=\"1629\" data-end=\"1855\">Dr.OHHIRA\u00ae &#8211; Cream Mask with Postbiotics sudaryta i\u0161 trij\u0173 sluoksni\u0173: pirmasis sulaiko dr\u0117gm\u0119 ir aktyvi\u0105sias med\u017eiagas, antrasis jas palaipsniui i\u0161skiria \u012f od\u0105, o tre\u010diasis apsaugo nuo nutek\u0117jimo ir u\u017etikrina patog\u0173 naudojim\u0105.<\/p>\n<p data-start=\"1857\" data-end=\"2114\">Aktyv\u016bs kauk\u0117s ingredientai padeda ma\u017einti rauk\u0161les, palieka od\u0105 \u0161ilkin\u0119, sudr\u0117kint\u0105 ir mink\u0161t\u0105. Produktas sukurtas palaikyti odos elastingum\u0105, apsaugoti nuo sausumo, taip pat pad\u0117ti i\u0161vengti rauk\u0161leli\u0173 ir stangrumo praradimo &#8211; pagrindini\u0173 sen\u0117jimo po\u017eymi\u0173.<\/p>\n<p data-start=\"2116\" data-end=\"2352\">Tai emulsin\u0117 formul\u0117, sukurta naudojant speciali\u0105 technologij\u0105, kad dr\u0117kinamasis kremas maksimaliai \u012fsigert\u0173. Sud\u0117tyje yra postbiotik\u0173 sveikam odos mikrobiomui palaikyti ir funkcini\u0173 komponent\u0173, kuri\u0173 veiksmingumas moksli\u0161kai pagr\u012fstas.<\/p>\n<p data-start=\"2354\" data-end=\"2431\">Kauk\u0117 dr\u0117kina ir glotnina od\u0105, gerina jos ton\u0105 ir pastebimai ma\u017eina rauk\u0161les.<\/p>\n<p data-start=\"2433\" data-end=\"2450\"><strong data-start=\"2433\" data-end=\"2443\">T\u016bris:<\/strong> 1 vnt.<\/p>\n","protected":false},"excerpt":{"rendered":"<p data-start=\"2671\" data-end=\"2723\">Lak\u0161tin\u0117 kauk\u0117 giliam dr\u0117kinimui ir odos glotninimui<\/p>\n<h2 data-start=\"2725\" data-end=\"3011\"><strong data-start=\"2725\" data-end=\"2777\">Dr.OHHIRA\u00ae &#8211; Cream Mask with Postbiotics Savyb\u0117s<\/strong><\/h2>\n<p data-start=\"2725\" data-end=\"3011\" data-is-last-node=\"\" data-is-only-node=\"\">\u2714\ufe0f Intensyviai dr\u0117kina ir mink\u0161tina od\u0105<br data-start=\"2819\" data-end=\"2822\" \/>\u2714\ufe0f Glotnina rauk\u0161les ir gerina veido ton\u0105<br data-start=\"2863\" data-end=\"2866\" \/>\u2714\ufe0f Palaiko odos elastingum\u0105 ir stangrum\u0105<br data-start=\"2906\" data-end=\"2909\" \/>\u2714\ufe0f Apsaugo nuo sausumo ir pirm\u0173j\u0173 sen\u0117jimo po\u017eymi\u0173<br data-start=\"2959\" data-end=\"2962\" \/>\u2714\ufe0f Sud\u0117tyje yra postbiotik\u0173 mikrobiomui palaikyti<\/p>\n","protected":false},"featured_media":63405,"template":"","meta":[],"pwb-brand":[1234],"product_brand":[],"product_cat":[738,726,750],"product_tag":[],"giftcard-category":[],"class_list":{"0":"post-70577","1":"product","2":"type-product","3":"status-publish","4":"has-post-thumbnail","6":"pwb-brand-dr-ohhira","7":"product_cat-drekinimas","8":"product_cat-maskas-lt","9":"product_cat-senstanti-oda","11":"first","12":"instock","13":"taxable","14":"shipping-taxable","15":"purchasable","16":"product-type-simple"},"acf":[],"brands":[{"id":1234,"name":"Dr. Ohhira","slug":"dr-ohhira"}],"_links":{"self":[{"href":"https:\/\/skinstudio.ee\/lt\/wp-json\/wp\/v2\/product\/70577","targetHints":{"allow":["GET"]}}],"collection":[{"href":"https:\/\/skinstudio.ee\/lt\/wp-json\/wp\/v2\/product"}],"about":[{"href":"https:\/\/skinstudio.ee\/lt\/wp-json\/wp\/v2\/types\/product"}],"version-history":[{"count":0,"href":"https:\/\/skinstudio.ee\/lt\/wp-json\/wp\/v2\/product\/70577\/revisions"}],"wp:featuredmedia":[{"embeddable":true,"href":"https:\/\/skinstudio.ee\/lt\/wp-json\/wp\/v2\/media\/63405"}],"wp:attachment":[{"href":"https:\/\/skinstudio.ee\/lt\/wp-json\/wp\/v2\/media?parent=70577"}],"wp:term":[{"taxonomy":"pwb-brand","embeddable":true,"href":"https:\/\/skinstudio.ee\/lt\/wp-json\/wp\/v2\/pwb-brand?post=70577"},{"taxonomy":"product_brand","embeddable":true,"href":"https:\/\/skinstudio.ee\/lt\/wp-json\/wp\/v2\/product_brand?post=70577"},{"taxonomy":"product_cat","embeddable":true,"href":"https:\/\/skinstudio.ee\/lt\/wp-json\/wp\/v2\/product_cat?post=70577"},{"taxonomy":"product_tag","embeddable":true,"href":"https:\/\/skinstudio.ee\/lt\/wp-json\/wp\/v2\/product_tag?post=70577"},{"taxonomy":"giftcard-category","embeddable":true,"href":"https:\/\/skinstudio.ee\/lt\/wp-json\/wp\/v2\/giftcard-category?post=70577"}],"curies":[{"name":"wp","href":"https:\/\/api.w.org\/{rel}","templated":true}]}}