{"id":70588,"date":"2024-09-05T09:19:28","date_gmt":"2024-09-05T09:19:28","guid":{"rendered":"https:\/\/skinstudio.ee\/?post_type=product&#038;p=70588"},"modified":"2026-04-29T12:14:10","modified_gmt":"2026-04-29T12:14:10","slug":"dr-ohhira-deluxe-5-years-of-fermentation","status":"publish","type":"product","link":"https:\/\/skinstudio.ee\/lt\/catalog\/dr-ohhira\/dr-ohhira-deluxe-5-years-of-fermentation\/","title":{"rendered":"Deluxe 5 Years Of Fermentation"},"content":{"rendered":"<p data-start=\"1748\" data-end=\"1861\"><strong data-start=\"1748\" data-end=\"1861\">Dr.OHHIRA\u00ae DELUXE 5 Years Of Fermentation nuo Dr.OHHIRA\u00ae &#8211; maisto papildas su fermentuota probiotine formule.<\/strong><\/p>\n<p data-start=\"1863\" data-end=\"2117\">Formul\u0117 sukurta remiantis ilgalaikiu augalin\u0117s kilm\u0117s ingredient\u0173 fermentacijos procesu, naudojant pieno r\u016bg\u0161ties bakterij\u0173 padermes. Fermentacijos metu susidaro \u012fvairi\u0173 jungini\u0173 kompleksas, \u012fskaitant organines r\u016bg\u0161tis, aminor\u016bg\u0161tis ir kitus komponentus.<\/p>\n<p data-start=\"2119\" data-end=\"2325\">Produkte yra probiotini\u0173 kult\u016br\u0173, fermentuot\u0173 augalini\u0173 komponent\u0173 ir papildom\u0173 jungini\u0173, susidaran\u010di\u0173 fermentacijos metu, derinys. Kapsuli\u0173 forma u\u017etikrina patog\u0173 vartojim\u0105 ir tinka reguliariam naudojimui.<\/p>\n<p data-start=\"2327\" data-end=\"2557\"><strong data-start=\"2327\" data-end=\"2352\">Pagaminta Japonijoje.<\/strong><br data-start=\"2352\" data-end=\"2355\" \/><strong data-start=\"2355\" data-end=\"2376\">Tinkamumo laikas:<\/strong> \u017ei\u016br\u0117ti ant pakuot\u0117s<br data-start=\"2397\" data-end=\"2400\" \/><strong data-start=\"2400\" data-end=\"2420\">Laikymo s\u0105lygos:<\/strong> laikyti kambario temperat\u016broje sausoje vietoje, saugoti nuo tiesiogini\u0173 saul\u0117s spinduli\u0173. Nelaikyti \u0161aldytuve<br data-start=\"2530\" data-end=\"2533\" \/><strong data-start=\"2533\" data-end=\"2543\">T\u016bris:<\/strong> 30 kapsuli\u0173<\/p>\n","protected":false},"excerpt":{"rendered":"<article class=\"text-token-text-primary w-full focus:outline-none [--shadow-height:45px] has-data-writing-block:pointer-events-none has-data-writing-block:-mt-(--shadow-height) has-data-writing-block:pt-(--shadow-height) [&amp;:has([data-writing-block])&gt;*]:pointer-events-auto scroll-mt-[calc(var(--header-height)+min(200px,max(70px,20svh)))]\" dir=\"auto\" tabindex=\"-1\" data-turn-id=\"d92d4068-8dcd-4fcf-af51-3a361a56e482\" data-testid=\"conversation-turn-58\" data-scroll-anchor=\"false\" data-turn=\"assistant\">\n<div class=\"text-base my-auto mx-auto [--thread-content-margin:--spacing(4)] @w-sm\/main:[--thread-content-margin:--spacing(6)] @w-lg\/main:[--thread-content-margin:--spacing(16)] px-(--thread-content-margin)\">\n<div class=\"[--thread-content-max-width:40rem] @w-lg\/main:[--thread-content-max-width:48rem] mx-auto max-w-(--thread-content-max-width) flex-1 group\/turn-messages focus-visible:outline-hidden relative flex w-full min-w-0 flex-col agent-turn\" tabindex=\"-1\">\n<div class=\"flex max-w-full flex-col grow\">\n<div class=\"min-h-8 text-message relative flex w-full flex-col items-end gap-2 text-start break-words whitespace-normal [.text-message+&amp;]:mt-1\" dir=\"auto\" data-message-author-role=\"assistant\" data-message-id=\"17a7d7c9-adaa-46f0-9e6d-ae69fd4a3e97\" data-message-model-slug=\"gpt-5-2\">\n<div class=\"flex w-full flex-col gap-1 empty:hidden first:pt-[1px]\">\n<div class=\"markdown prose dark:prose-invert w-full break-words light markdown-new-styling\">\n<p data-start=\"3130\" data-end=\"3156\">Kapsuli\u0173 maisto papildas<\/p>\n<h2 data-start=\"3158\" data-end=\"3213\"><strong data-start=\"3158\" data-end=\"3213\">Dr.OHHIRA\u00ae &#8211; DELUXE 5 Years Of Fermentation Savyb\u0117s<\/strong><\/h2>\n<p data-start=\"3215\" data-end=\"3434\">\u2714\ufe0f Pagr\u012fstas ilgalaikiu fermentacijos procesu<br data-start=\"3260\" data-end=\"3263\" \/>\u2714\ufe0f Sud\u0117tyje yra pieno r\u016bg\u0161ties bakterij\u0173 paderm\u0117s<br data-start=\"3312\" data-end=\"3315\" \/>\u2714\ufe0f Apima fermentuotus augalinius komponentus<br data-start=\"3359\" data-end=\"3362\" \/>\u2714\ufe0f Kapsuli\u0173 forma patogiam vartojimui<br data-start=\"3399\" data-end=\"3402\" \/>\u2714\ufe0f Tinka kasdieniam vartojimui<\/p>\n<\/div>\n<\/div>\n<\/div>\n<\/div>\n<\/div>\n<\/div>\n<\/article>\n","protected":false},"featured_media":63410,"template":"","meta":[],"pwb-brand":[1234],"product_brand":[],"product_cat":[769],"product_tag":[],"giftcard-category":[],"class_list":{"0":"post-70588","1":"product","2":"type-product","3":"status-publish","4":"has-post-thumbnail","6":"pwb-brand-dr-ohhira","7":"product_cat-vitaminai","9":"first","10":"instock","11":"taxable","12":"shipping-taxable","13":"purchasable","14":"product-type-variable"},"acf":[],"brands":[{"id":1234,"name":"Dr. Ohhira","slug":"dr-ohhira"}],"_links":{"self":[{"href":"https:\/\/skinstudio.ee\/lt\/wp-json\/wp\/v2\/product\/70588","targetHints":{"allow":["GET"]}}],"collection":[{"href":"https:\/\/skinstudio.ee\/lt\/wp-json\/wp\/v2\/product"}],"about":[{"href":"https:\/\/skinstudio.ee\/lt\/wp-json\/wp\/v2\/types\/product"}],"version-history":[{"count":2,"href":"https:\/\/skinstudio.ee\/lt\/wp-json\/wp\/v2\/product\/70588\/revisions"}],"predecessor-version":[{"id":90956,"href":"https:\/\/skinstudio.ee\/lt\/wp-json\/wp\/v2\/product\/70588\/revisions\/90956"}],"wp:featuredmedia":[{"embeddable":true,"href":"https:\/\/skinstudio.ee\/lt\/wp-json\/wp\/v2\/media\/63410"}],"wp:attachment":[{"href":"https:\/\/skinstudio.ee\/lt\/wp-json\/wp\/v2\/media?parent=70588"}],"wp:term":[{"taxonomy":"pwb-brand","embeddable":true,"href":"https:\/\/skinstudio.ee\/lt\/wp-json\/wp\/v2\/pwb-brand?post=70588"},{"taxonomy":"product_brand","embeddable":true,"href":"https:\/\/skinstudio.ee\/lt\/wp-json\/wp\/v2\/product_brand?post=70588"},{"taxonomy":"product_cat","embeddable":true,"href":"https:\/\/skinstudio.ee\/lt\/wp-json\/wp\/v2\/product_cat?post=70588"},{"taxonomy":"product_tag","embeddable":true,"href":"https:\/\/skinstudio.ee\/lt\/wp-json\/wp\/v2\/product_tag?post=70588"},{"taxonomy":"giftcard-category","embeddable":true,"href":"https:\/\/skinstudio.ee\/lt\/wp-json\/wp\/v2\/giftcard-category?post=70588"}],"curies":[{"name":"wp","href":"https:\/\/api.w.org\/{rel}","templated":true}]}}