{"id":70602,"date":"2024-09-05T08:55:40","date_gmt":"2024-09-05T08:55:40","guid":{"rendered":"https:\/\/skinstudio.ee\/?post_type=product&#038;p=70602"},"modified":"2026-04-15T09:27:51","modified_gmt":"2026-04-15T09:27:51","slug":"dr-ohhira-standard-3-years-of-fermentation","status":"publish","type":"product","link":"https:\/\/skinstudio.ee\/lt\/catalog\/dr-ohhira\/dr-ohhira-standard-3-years-of-fermentation\/","title":{"rendered":"Standard 3 Years of Fermentation"},"content":{"rendered":"<p data-start=\"1836\" data-end=\"1951\"><strong data-start=\"1836\" data-end=\"1951\">Dr.OHHIRA\u00ae Standard 3 Years Of Fermentation nuo Dr.OHHIRA\u00ae &#8211; maisto papildas su fermentuota probiotine formule.<\/strong><\/p>\n<p data-start=\"1953\" data-end=\"2207\">Formul\u0117 sukurta remiantis ilgalaikiu augalin\u0117s kilm\u0117s ingredient\u0173 fermentacijos procesu, naudojant pieno r\u016bg\u0161ties bakterij\u0173 padermes. Fermentacijos metu susidaro \u012fvairi\u0173 jungini\u0173 kompleksas, \u012fskaitant organines r\u016bg\u0161tis, aminor\u016bg\u0161tis ir kitus komponentus.<\/p>\n<p data-start=\"2209\" data-end=\"2415\">Produkte yra probiotini\u0173 kult\u016br\u0173, fermentuot\u0173 augalini\u0173 komponent\u0173 ir papildom\u0173 jungini\u0173, susidaran\u010di\u0173 fermentacijos metu, derinys. Kapsuli\u0173 forma u\u017etikrina patog\u0173 vartojim\u0105 ir tinka reguliariam naudojimui.<\/p>\n<p data-start=\"2417\" data-end=\"2647\"><strong data-start=\"2417\" data-end=\"2442\">Pagaminta Japonijoje.<\/strong><br data-start=\"2442\" data-end=\"2445\" \/><strong data-start=\"2445\" data-end=\"2466\">Tinkamumo laikas:<\/strong> \u017ei\u016br\u0117ti ant pakuot\u0117s<br data-start=\"2487\" data-end=\"2490\" \/><strong data-start=\"2490\" data-end=\"2510\">Laikymo s\u0105lygos:<\/strong> laikyti kambario temperat\u016broje sausoje vietoje, saugoti nuo tiesiogini\u0173 saul\u0117s spinduli\u0173. Nelaikyti \u0161aldytuve<br data-start=\"2620\" data-end=\"2623\" \/><strong data-start=\"2623\" data-end=\"2633\">T\u016bris:<\/strong> 30 kapsuli\u0173<\/p>\n","protected":false},"excerpt":{"rendered":"<p data-start=\"3322\" data-end=\"3348\">Kapsuli\u0173 maisto papildas<\/p>\n<h2 data-start=\"3350\" data-end=\"3407\"><strong data-start=\"3350\" data-end=\"3407\">Dr.OHHIRA\u00ae &#8211; Standard 3 Years Of Fermentation Savyb\u0117s<\/strong><\/h2>\n<p data-start=\"3409\" data-end=\"3628\">\u2714\ufe0f Pagr\u012fstas ilgalaikiu fermentacijos procesu<br data-start=\"3454\" data-end=\"3457\" \/>\u2714\ufe0f Sud\u0117tyje yra pieno r\u016bg\u0161ties bakterij\u0173 paderm\u0117s<br data-start=\"3506\" data-end=\"3509\" \/>\u2714\ufe0f Apima fermentuotus augalinius komponentus<br data-start=\"3553\" data-end=\"3556\" \/>\u2714\ufe0f Kapsuli\u0173 forma patogiam vartojimui<br data-start=\"3593\" data-end=\"3596\" \/>\u2714\ufe0f Tinka kasdieniam vartojimui<\/p>\n","protected":false},"featured_media":70603,"template":"","meta":[],"pwb-brand":[1234],"product_brand":[],"product_cat":[769],"product_tag":[],"giftcard-category":[],"class_list":{"0":"post-70602","1":"product","2":"type-product","3":"status-publish","4":"has-post-thumbnail","6":"pwb-brand-dr-ohhira","7":"product_cat-vitaminai","9":"first","10":"instock","11":"taxable","12":"shipping-taxable","13":"purchasable","14":"product-type-variable"},"acf":[],"brands":[{"id":1234,"name":"Dr. Ohhira","slug":"dr-ohhira"}],"_links":{"self":[{"href":"https:\/\/skinstudio.ee\/lt\/wp-json\/wp\/v2\/product\/70602","targetHints":{"allow":["GET"]}}],"collection":[{"href":"https:\/\/skinstudio.ee\/lt\/wp-json\/wp\/v2\/product"}],"about":[{"href":"https:\/\/skinstudio.ee\/lt\/wp-json\/wp\/v2\/types\/product"}],"version-history":[{"count":3,"href":"https:\/\/skinstudio.ee\/lt\/wp-json\/wp\/v2\/product\/70602\/revisions"}],"predecessor-version":[{"id":90961,"href":"https:\/\/skinstudio.ee\/lt\/wp-json\/wp\/v2\/product\/70602\/revisions\/90961"}],"wp:featuredmedia":[{"embeddable":true,"href":"https:\/\/skinstudio.ee\/lt\/wp-json\/wp\/v2\/media\/70603"}],"wp:attachment":[{"href":"https:\/\/skinstudio.ee\/lt\/wp-json\/wp\/v2\/media?parent=70602"}],"wp:term":[{"taxonomy":"pwb-brand","embeddable":true,"href":"https:\/\/skinstudio.ee\/lt\/wp-json\/wp\/v2\/pwb-brand?post=70602"},{"taxonomy":"product_brand","embeddable":true,"href":"https:\/\/skinstudio.ee\/lt\/wp-json\/wp\/v2\/product_brand?post=70602"},{"taxonomy":"product_cat","embeddable":true,"href":"https:\/\/skinstudio.ee\/lt\/wp-json\/wp\/v2\/product_cat?post=70602"},{"taxonomy":"product_tag","embeddable":true,"href":"https:\/\/skinstudio.ee\/lt\/wp-json\/wp\/v2\/product_tag?post=70602"},{"taxonomy":"giftcard-category","embeddable":true,"href":"https:\/\/skinstudio.ee\/lt\/wp-json\/wp\/v2\/giftcard-category?post=70602"}],"curies":[{"name":"wp","href":"https:\/\/api.w.org\/{rel}","templated":true}]}}