{"id":70616,"date":"2024-09-04T13:16:57","date_gmt":"2024-09-04T13:16:57","guid":{"rendered":"https:\/\/skinstudio.ee\/?post_type=product&#038;p=70616"},"modified":"2026-04-15T09:30:37","modified_gmt":"2026-04-15T09:30:37","slug":"dr-ohhira-collagen","status":"publish","type":"product","link":"https:\/\/skinstudio.ee\/lt\/catalog\/dr-ohhira\/dr-ohhira-collagen\/","title":{"rendered":"Collagen+"},"content":{"rendered":"<p data-start=\"1621\" data-end=\"1729\"><strong data-start=\"1621\" data-end=\"1729\">Dr.OHHIRA\u00ae Collagen+ nuo Dr.OHHIRA\u00ae &#8211; maisto papildas su kolageno kompleksu ir papildomais komponentais.<\/strong><\/p>\n<p data-start=\"1731\" data-end=\"1972\">Formul\u0117 skirta kasdieniam vartojimui ir sud\u0117tyje yra j\u016brinis kolagenas, elastinas, hialurono r\u016bg\u0161tis, vitaminas C, kofermentas Q10 ir fermentuoti augalin\u0117s kilm\u0117s komponentai. Skysta forma u\u017etikrina patog\u0173 vartojim\u0105 ir tinka vartoti kursais.<\/p>\n<p data-start=\"1974\" data-end=\"2143\">Sud\u0117tyje yra \u012fvairi\u0173 tip\u0173 kolagenas, elastinas, hialurono r\u016bg\u0161tis, vitaminas C, kofermentas Q10 ir fermentuotas kompleksas OM-X\u00ae. Produktas gali b\u016bti vartojamas kasdien.<\/p>\n<p data-start=\"2145\" data-end=\"2374\"><strong data-start=\"2145\" data-end=\"2170\">Pagaminta Japonijoje.<\/strong><br data-start=\"2170\" data-end=\"2173\" \/><strong data-start=\"2173\" data-end=\"2194\">Tinkamumo laikas:<\/strong> \u017ei\u016br\u0117ti ant pakuot\u0117s<br data-start=\"2215\" data-end=\"2218\" \/><strong data-start=\"2218\" data-end=\"2238\">Laikymo s\u0105lygos:<\/strong> laikyti kambario temperat\u016broje sausoje vietoje, saugoti nuo tiesiogini\u0173 saul\u0117s spinduli\u0173. Nelaikyti \u0161aldytuve<br data-start=\"2348\" data-end=\"2351\" \/><strong data-start=\"2351\" data-end=\"2361\">T\u016bris:<\/strong> 10 \u00d7 20 ml<\/p>\n","protected":false},"excerpt":{"rendered":"<p data-start=\"2913\" data-end=\"2938\">Skystas maisto papildas<\/p>\n<h2 data-start=\"2940\" data-end=\"2974\"><strong data-start=\"2940\" data-end=\"2974\">Dr.OHHIRA\u00ae &#8211; Collagen+ Savyb\u0117s<\/strong><\/h2>\n<p data-start=\"2976\" data-end=\"3185\">\u2714\ufe0f Sud\u0117tyje yra kolagenas ir papildomi komponentai<br data-start=\"3026\" data-end=\"3029\" \/>\u2714\ufe0f Apima elastin\u0105 ir hialurono r\u016bg\u0161t\u012f<br data-start=\"3066\" data-end=\"3069\" \/>\u2714\ufe0f Papildytas vitaminu C ir kofermentu Q10<br data-start=\"3111\" data-end=\"3114\" \/>\u2714\ufe0f Skysta forma patogiam vartojimui<br data-start=\"3149\" data-end=\"3152\" \/>\u2714\ufe0f Tinka reguliariam vartojimui<\/p>\n","protected":false},"featured_media":63415,"template":"","meta":[],"pwb-brand":[1234],"product_brand":[],"product_cat":[769],"product_tag":[],"giftcard-category":[],"class_list":{"0":"post-70616","1":"product","2":"type-product","3":"status-publish","4":"has-post-thumbnail","6":"pwb-brand-dr-ohhira","7":"product_cat-vitaminai","9":"first","10":"instock","11":"taxable","12":"shipping-taxable","13":"purchasable","14":"product-type-simple"},"acf":[],"brands":[{"id":1234,"name":"Dr. Ohhira","slug":"dr-ohhira"}],"_links":{"self":[{"href":"https:\/\/skinstudio.ee\/lt\/wp-json\/wp\/v2\/product\/70616","targetHints":{"allow":["GET"]}}],"collection":[{"href":"https:\/\/skinstudio.ee\/lt\/wp-json\/wp\/v2\/product"}],"about":[{"href":"https:\/\/skinstudio.ee\/lt\/wp-json\/wp\/v2\/types\/product"}],"version-history":[{"count":2,"href":"https:\/\/skinstudio.ee\/lt\/wp-json\/wp\/v2\/product\/70616\/revisions"}],"predecessor-version":[{"id":90966,"href":"https:\/\/skinstudio.ee\/lt\/wp-json\/wp\/v2\/product\/70616\/revisions\/90966"}],"wp:featuredmedia":[{"embeddable":true,"href":"https:\/\/skinstudio.ee\/lt\/wp-json\/wp\/v2\/media\/63415"}],"wp:attachment":[{"href":"https:\/\/skinstudio.ee\/lt\/wp-json\/wp\/v2\/media?parent=70616"}],"wp:term":[{"taxonomy":"pwb-brand","embeddable":true,"href":"https:\/\/skinstudio.ee\/lt\/wp-json\/wp\/v2\/pwb-brand?post=70616"},{"taxonomy":"product_brand","embeddable":true,"href":"https:\/\/skinstudio.ee\/lt\/wp-json\/wp\/v2\/product_brand?post=70616"},{"taxonomy":"product_cat","embeddable":true,"href":"https:\/\/skinstudio.ee\/lt\/wp-json\/wp\/v2\/product_cat?post=70616"},{"taxonomy":"product_tag","embeddable":true,"href":"https:\/\/skinstudio.ee\/lt\/wp-json\/wp\/v2\/product_tag?post=70616"},{"taxonomy":"giftcard-category","embeddable":true,"href":"https:\/\/skinstudio.ee\/lt\/wp-json\/wp\/v2\/giftcard-category?post=70616"}],"curies":[{"name":"wp","href":"https:\/\/api.w.org\/{rel}","templated":true}]}}