{"id":70629,"date":"2025-08-07T11:31:35","date_gmt":"2025-08-07T11:31:35","guid":{"rendered":"https:\/\/skinstudio.ee\/?post_type=product&#038;p=70629"},"modified":"2025-12-24T12:26:25","modified_gmt":"2025-12-24T12:26:25","slug":"skin-purifier","status":"publish","type":"product","link":"https:\/\/skinstudio.ee\/lt\/catalog\/clinisept\/skin-purifier\/","title":{"rendered":"Skin Purifier"},"content":{"rendered":"<p data-start=\"1829\" data-end=\"2107\">Clinisoothe Skin Purifier i\u0161 Clinisept+ \u2013 tai daugiafunkcis valomasis ir raminamasis pur\u0161kiklis, skirtas kasdienei jautrios, reaktyvios ir problemati\u0161kos odos prie\u017ei\u016brai. Formul\u0117 padeda palaikyti odos \u0161var\u0105, ma\u017einti diskomfort\u0105 ir palaikyti nat\u016bralius odos atsistatymo procesus.<\/p>\n<p data-start=\"2109\" data-end=\"2404\">Clinisoothe \u0161velniai valo od\u0105 nepa\u017eeisdamas jos apsauginio barjero ir padeda ma\u017einti paraudim\u0105, sudirgim\u0105 bei tempimo poj\u016bt\u012f. Pur\u0161kiklis tinka odai, linkusiai \u012f b\u0117rimus, u\u017edegimus ir padid\u0117jus\u012f jautrum\u0105, taip pat gali b\u016bti naudojamas po kosmetini\u0173 proced\u016br\u0173 papildomam odos komfortui u\u017etikrinti.<\/p>\n<p data-start=\"2406\" data-end=\"2644\">Veikdamas kaip apsauginis barjeras, Clinisoothe padeda apsaugoti od\u0105 nuo neigiamo aplinkos poveikio, \u012fskaitant u\u017eter\u0161t\u0105 or\u0105 ir prooksidacinius veiksnius. Reguliarus naudojimas padeda i\u0161laikyti od\u0105 rami\u0105, gaivi\u0105 ir subalansuot\u0105 vis\u0105 dien\u0105.<\/p>\n<p data-start=\"2646\" data-end=\"2799\">Produktas tinka naudoti veidui, kaklui ir lokaliai sudirgintoms vietoms. Be alkoholio, ned\u017eiovina odos ir tinka da\u017enam naudojimui, \u012fskaitant jautri\u0105 od\u0105.<\/p>\n<p data-start=\"2801\" data-end=\"2827\"><strong data-start=\"2801\" data-end=\"2811\">T\u016bris:<\/strong> 100 ml \/ 250 ml<\/p>\n","protected":false},"excerpt":{"rendered":"<p data-start=\"3054\" data-end=\"3100\">Raminamasis valomasis pur\u0161kiklis jautriai odai<\/p>\n<h2 data-start=\"3102\" data-end=\"3152\"><strong data-start=\"3102\" data-end=\"3152\">Clinisept+ &#8211; Skin Purifier Savyb\u0117s<\/strong><\/h2>\n<p data-start=\"3154\" data-end=\"3328\">\u2714\ufe0f Ramina ir mink\u0161tina jautri\u0105 od\u0105<br data-start=\"3188\" data-end=\"3191\" \/>\u2714\ufe0f Ma\u017eina paraudim\u0105 ir diskomfort\u0105<br data-start=\"3225\" data-end=\"3228\" \/>\u2714\ufe0f Palaiko odos \u0161var\u0105<br data-start=\"3249\" data-end=\"3252\" \/>\u2714\ufe0f Padeda apsaugoti nuo aplinkos veiksni\u0173<br data-start=\"3293\" data-end=\"3296\" \/>\u2714\ufe0f Tinka kasdieniam naudojimui<\/p>\n","protected":false},"featured_media":65513,"template":"","meta":[],"pwb-brand":[1236],"product_brand":[],"product_cat":[718],"product_tag":[],"giftcard-category":[],"class_list":{"0":"post-70629","1":"product","2":"type-product","3":"status-publish","4":"has-post-thumbnail","6":"pwb-brand-clinisept","7":"product_cat-valymas","9":"first","10":"instock","11":"taxable","12":"shipping-taxable","13":"purchasable","14":"product-type-variable"},"acf":[],"brands":[{"id":1236,"name":"Clinisept+","slug":"clinisept"}],"_links":{"self":[{"href":"https:\/\/skinstudio.ee\/lt\/wp-json\/wp\/v2\/product\/70629","targetHints":{"allow":["GET"]}}],"collection":[{"href":"https:\/\/skinstudio.ee\/lt\/wp-json\/wp\/v2\/product"}],"about":[{"href":"https:\/\/skinstudio.ee\/lt\/wp-json\/wp\/v2\/types\/product"}],"version-history":[{"count":0,"href":"https:\/\/skinstudio.ee\/lt\/wp-json\/wp\/v2\/product\/70629\/revisions"}],"wp:featuredmedia":[{"embeddable":true,"href":"https:\/\/skinstudio.ee\/lt\/wp-json\/wp\/v2\/media\/65513"}],"wp:attachment":[{"href":"https:\/\/skinstudio.ee\/lt\/wp-json\/wp\/v2\/media?parent=70629"}],"wp:term":[{"taxonomy":"pwb-brand","embeddable":true,"href":"https:\/\/skinstudio.ee\/lt\/wp-json\/wp\/v2\/pwb-brand?post=70629"},{"taxonomy":"product_brand","embeddable":true,"href":"https:\/\/skinstudio.ee\/lt\/wp-json\/wp\/v2\/product_brand?post=70629"},{"taxonomy":"product_cat","embeddable":true,"href":"https:\/\/skinstudio.ee\/lt\/wp-json\/wp\/v2\/product_cat?post=70629"},{"taxonomy":"product_tag","embeddable":true,"href":"https:\/\/skinstudio.ee\/lt\/wp-json\/wp\/v2\/product_tag?post=70629"},{"taxonomy":"giftcard-category","embeddable":true,"href":"https:\/\/skinstudio.ee\/lt\/wp-json\/wp\/v2\/giftcard-category?post=70629"}],"curies":[{"name":"wp","href":"https:\/\/api.w.org\/{rel}","templated":true}]}}