{"id":70639,"date":"2025-08-07T11:31:12","date_gmt":"2025-08-07T11:31:12","guid":{"rendered":"https:\/\/skinstudio.ee\/?post_type=product&#038;p=70639"},"modified":"2025-12-24T12:26:25","modified_gmt":"2025-12-24T12:26:25","slug":"cleansing-antimicrobial-skin-care","status":"publish","type":"product","link":"https:\/\/skinstudio.ee\/lt\/catalog\/clinisept\/cleansing-antimicrobial-skin-care\/","title":{"rendered":"Cleansing Antimicrobial Skin Care"},"content":{"rendered":"<p data-start=\"1954\" data-end=\"2244\">Clinisept+ Cleansing Antimicrobial Skin Care \u2013 tai inovatyvi naujos kartos priemon\u0117 hipochlorin\u0117s r\u016bg\u0161ties pagrindu, u\u017etikrinanti auk\u0161t\u0105 odos higienos lyg\u012f be dirginimo ar deginimo poj\u016b\u010dio. Formul\u0117 sukurta \u0161velniai odos prie\u017ei\u016brai prie\u0161 kosmetines ir estetines proced\u016bras, j\u0173 metu ir po j\u0173.<\/p>\n<p data-start=\"2246\" data-end=\"2554\">Priemon\u0117 greitai ramina od\u0105, padeda suma\u017einti diskomfort\u0105 ir palaiko optimalias s\u0105lygas nat\u016braliems odos atsistatymo procesams po invazini\u0173 ir aparatin\u0117s kosmetologijos proced\u016br\u0173. Cleansing Antimicrobial Skin Care tinka net labai jautriai ir reaktyviai odai, \u012fskaitant od\u0105, linkusi\u0105 \u012f paraudim\u0105 ir sudirgim\u0105.<\/p>\n<p data-start=\"2556\" data-end=\"2802\">Lengva, vandens pagrindo tekst\u016bra nepa\u017eeid\u017eia odos apsauginio barjero, nesausina odos ir nepalieka lipnumo poj\u016b\u010dio. Priemon\u0117 tinka tiek profesionaliam naudojimui, tiek kasdienei nam\u0173 prie\u017ei\u016brai, siekiant palaikyti odos \u0161var\u0105, komfort\u0105 ir gaivum\u0105.<\/p>\n<p data-start=\"2804\" data-end=\"2821\"><strong data-start=\"2804\" data-end=\"2814\">T\u016bris:<\/strong> 100 ml<\/p>\n","protected":false},"excerpt":{"rendered":"<p data-start=\"3210\" data-end=\"3275\">Lengva antimikrobin\u0117 valomoji priemon\u0117 jautriai odai<\/p>\n<h2 data-start=\"3277\" data-end=\"3335\"><strong data-start=\"3277\" data-end=\"3335\">Clinisept+ &#8211; Cleansing Antimicrobial Skin Care Savyb\u0117s<\/strong><\/h2>\n<p data-start=\"3337\" data-end=\"3518\">\u2714\ufe0f U\u017etikrina auk\u0161t\u0105 odos higienos lyg\u012f<br data-start=\"3375\" data-end=\"3378\" \/>\u2714\ufe0f Tinka naudoti prie\u0161 ir po proced\u016br\u0173<br data-start=\"3416\" data-end=\"3419\" \/>\u2714\ufe0f Ramina od\u0105 ir ma\u017eina diskomfort\u0105<br data-start=\"3454\" data-end=\"3457\" \/>\u2714\ufe0f Nesukelia deginimo ar dirginimo<br data-start=\"3491\" data-end=\"3494\" \/>\u2714\ufe0f Tinka jautriai odai<\/p>\n","protected":false},"featured_media":65518,"template":"","meta":[],"pwb-brand":[1236],"product_brand":[],"product_cat":[718],"product_tag":[],"giftcard-category":[],"class_list":{"0":"post-70639","1":"product","2":"type-product","3":"status-publish","4":"has-post-thumbnail","6":"pwb-brand-clinisept","7":"product_cat-valymas","9":"first","10":"instock","11":"taxable","12":"shipping-taxable","13":"purchasable","14":"product-type-simple"},"acf":[],"brands":[{"id":1236,"name":"Clinisept+","slug":"clinisept"}],"_links":{"self":[{"href":"https:\/\/skinstudio.ee\/lt\/wp-json\/wp\/v2\/product\/70639","targetHints":{"allow":["GET"]}}],"collection":[{"href":"https:\/\/skinstudio.ee\/lt\/wp-json\/wp\/v2\/product"}],"about":[{"href":"https:\/\/skinstudio.ee\/lt\/wp-json\/wp\/v2\/types\/product"}],"version-history":[{"count":0,"href":"https:\/\/skinstudio.ee\/lt\/wp-json\/wp\/v2\/product\/70639\/revisions"}],"wp:featuredmedia":[{"embeddable":true,"href":"https:\/\/skinstudio.ee\/lt\/wp-json\/wp\/v2\/media\/65518"}],"wp:attachment":[{"href":"https:\/\/skinstudio.ee\/lt\/wp-json\/wp\/v2\/media?parent=70639"}],"wp:term":[{"taxonomy":"pwb-brand","embeddable":true,"href":"https:\/\/skinstudio.ee\/lt\/wp-json\/wp\/v2\/pwb-brand?post=70639"},{"taxonomy":"product_brand","embeddable":true,"href":"https:\/\/skinstudio.ee\/lt\/wp-json\/wp\/v2\/product_brand?post=70639"},{"taxonomy":"product_cat","embeddable":true,"href":"https:\/\/skinstudio.ee\/lt\/wp-json\/wp\/v2\/product_cat?post=70639"},{"taxonomy":"product_tag","embeddable":true,"href":"https:\/\/skinstudio.ee\/lt\/wp-json\/wp\/v2\/product_tag?post=70639"},{"taxonomy":"giftcard-category","embeddable":true,"href":"https:\/\/skinstudio.ee\/lt\/wp-json\/wp\/v2\/giftcard-category?post=70639"}],"curies":[{"name":"wp","href":"https:\/\/api.w.org\/{rel}","templated":true}]}}