{"id":70657,"date":"2025-09-27T11:32:53","date_gmt":"2025-09-27T11:32:53","guid":{"rendered":"https:\/\/skinstudio.ee\/?post_type=product&#038;p=70657"},"modified":"2025-12-24T12:26:25","modified_gmt":"2025-12-24T12:26:25","slug":"wiqo-prx-therapy-skin-care-set","status":"publish","type":"product","link":"https:\/\/skinstudio.ee\/lt\/catalog\/wiqo\/wiqo-prx-therapy-skin-care-set\/","title":{"rendered":"PRX-Therapy Skin Care Set"},"content":{"rendered":"<p data-start=\"1786\" data-end=\"2118\"><strong data-start=\"1786\" data-end=\"1820\">WIQO PRX-Therapy Skin Care Set<\/strong> rinkin\u012f sudaro serumas <strong data-start=\"1844\" data-end=\"1870\">Facial Smoothing Fluid<\/strong> ir kremas <strong data-start=\"1881\" data-end=\"1931\">Nourishing and Moisturizing Cream For Dry Skin<\/strong>. J\u012f suk\u016br\u0117 WiQO laboratorijos kaip ideal\u0173 papildym\u0105 profesionaliai PRX-T33 proced\u016brai ir (arba) kaip savaranki\u0161k\u0105 prie\u017ei\u016br\u0105 odai, linkusiai \u012f sausum\u0105, suglebim\u0105 ar elastingumo praradim\u0105.<\/p>\n<p data-start=\"2120\" data-end=\"2151\"><strong data-start=\"2120\" data-end=\"2151\">Kuo \u0161is rinkinys ypatingas:<\/strong><\/p>\n<p data-start=\"2153\" data-end=\"2329\">Serumas (<strong data-start=\"2162\" data-end=\"2188\">Facial Smoothing Fluid<\/strong>) veikia kaip odos atsinaujinimo stimuliatorius \u2013 lygina odos tekst\u016br\u0105, ma\u017eina smulki\u0173 rauk\u0161leli\u0173 matomum\u0105 ir palaiko odos apsaugin\u012f barjer\u0105.<\/p>\n<p data-start=\"2331\" data-end=\"2501\">Kremas <strong data-start=\"2338\" data-end=\"2388\">Nourishing and Moisturizing Cream For Dry Skin<\/strong> atkuria hidrolipidin\u012f barjer\u0105, giliai dr\u0117kina od\u0105, padeda i\u0161vengti tempimo poj\u016b\u010dio ir suteikia \u0161ilkin\u012f \u0161velnum\u0105.<\/p>\n<p data-start=\"2503\" data-end=\"2607\">Naudojami kartu, jie veikia sinergi\u0161kai: serumas stimuliuoja, o kremas saugo ir \u201eu\u017erakina\u201c dr\u0117gm\u0119 odoje.<\/p>\n<p data-start=\"2609\" data-end=\"2744\">Klini\u0161kai nustatyta, kad jau po keli\u0173 savai\u010di\u0173 reguliaraus naudojimo pager\u0117ja odos dr\u0117kinimas, tankis ir tekst\u016bra (gamintojo duomenys).<\/p>\n<p data-start=\"2746\" data-end=\"2891\"><strong data-start=\"2746\" data-end=\"2760\">Tekst\u016bros:<\/strong> serumas \u2013 lengvas, greitai \u012fsigeria, su lengvu \u201estangrinan\u010diu\u201c efektu; kremas \u2013 sodresnis, ypa\u010d komforti\u0161kas sausoms odos vietoms.<\/p>\n<p data-start=\"2893\" data-end=\"2989\"><strong data-start=\"2893\" data-end=\"2903\">T\u016bris:<\/strong> Facial Smoothing Fluid 30 ml ir Nourishing and Moisturizing Cream For Dry Skin 50 ml.<\/p>\n","protected":false},"excerpt":{"rendered":"<p data-start=\"3276\" data-end=\"3307\">Atjauninantis duetas veido odai<\/p>\n<h2 data-start=\"3309\" data-end=\"3360\"><strong data-start=\"3309\" data-end=\"3360\">\u012e WIQO PRX-Therapy Skin Care Set rinkin\u012f \u012feina:<\/strong><\/h2>\n<p data-start=\"3362\" data-end=\"3453\">\u2714\ufe0f Facial Smoothing Fluid 30 ml<br data-start=\"3393\" data-end=\"3396\" \/>\u2714\ufe0f Nourishing and Moisturizing Cream For Dry Skin 50 ml<\/p>\n","protected":false},"featured_media":65488,"template":"","meta":[],"pwb-brand":[1238],"product_brand":[],"product_cat":[756],"product_tag":[],"giftcard-category":[],"class_list":{"0":"post-70657","1":"product","2":"type-product","3":"status-publish","4":"has-post-thumbnail","6":"pwb-brand-wiqo","7":"product_cat-rinkinys","9":"first","10":"instock","11":"sale","12":"taxable","13":"shipping-taxable","14":"purchasable","15":"product-type-simple"},"acf":[],"brands":[{"id":1238,"name":"WiQO","slug":"wiqo"}],"_links":{"self":[{"href":"https:\/\/skinstudio.ee\/lt\/wp-json\/wp\/v2\/product\/70657","targetHints":{"allow":["GET"]}}],"collection":[{"href":"https:\/\/skinstudio.ee\/lt\/wp-json\/wp\/v2\/product"}],"about":[{"href":"https:\/\/skinstudio.ee\/lt\/wp-json\/wp\/v2\/types\/product"}],"version-history":[{"count":0,"href":"https:\/\/skinstudio.ee\/lt\/wp-json\/wp\/v2\/product\/70657\/revisions"}],"wp:featuredmedia":[{"embeddable":true,"href":"https:\/\/skinstudio.ee\/lt\/wp-json\/wp\/v2\/media\/65488"}],"wp:attachment":[{"href":"https:\/\/skinstudio.ee\/lt\/wp-json\/wp\/v2\/media?parent=70657"}],"wp:term":[{"taxonomy":"pwb-brand","embeddable":true,"href":"https:\/\/skinstudio.ee\/lt\/wp-json\/wp\/v2\/pwb-brand?post=70657"},{"taxonomy":"product_brand","embeddable":true,"href":"https:\/\/skinstudio.ee\/lt\/wp-json\/wp\/v2\/product_brand?post=70657"},{"taxonomy":"product_cat","embeddable":true,"href":"https:\/\/skinstudio.ee\/lt\/wp-json\/wp\/v2\/product_cat?post=70657"},{"taxonomy":"product_tag","embeddable":true,"href":"https:\/\/skinstudio.ee\/lt\/wp-json\/wp\/v2\/product_tag?post=70657"},{"taxonomy":"giftcard-category","embeddable":true,"href":"https:\/\/skinstudio.ee\/lt\/wp-json\/wp\/v2\/giftcard-category?post=70657"}],"curies":[{"name":"wp","href":"https:\/\/api.w.org\/{rel}","templated":true}]}}