{"id":70664,"date":"2025-04-26T15:12:52","date_gmt":"2025-04-26T15:12:52","guid":{"rendered":"https:\/\/skinstudio.ee\/?post_type=product&#038;p=70664"},"modified":"2025-12-24T12:26:25","modified_gmt":"2025-12-24T12:26:25","slug":"wiqo-nourishing-and-moisturizing-cream-dry-skins","status":"publish","type":"product","link":"https:\/\/skinstudio.ee\/lt\/catalog\/wiqo\/wiqo-nourishing-and-moisturizing-cream-dry-skins\/","title":{"rendered":"Nourishing and Moisturizing Cream Dry Skins"},"content":{"rendered":"<p data-start=\"1793\" data-end=\"2070\"><strong data-start=\"1793\" data-end=\"1856\">WIQO Nourishing and Moisturizing Cream Dry Skins by WIQO<\/strong> \u2013 tai maitinamasis kremas, skirtas intensyviai sausos, dehidratuotos ir jautrios odos prie\u017ei\u016brai. Sviestmed\u017eio sviestu praturtinta formul\u0117 padeda atkurti odos komfort\u0105, suteikdama ilgalaik\u012f maitinim\u0105 ir dr\u0117kinim\u0105.<\/p>\n<p data-start=\"2072\" data-end=\"2319\">Kremas palaiko odos apsaugines funkcijas ir padeda suma\u017einti jautrum\u0105 i\u0161oriniams streso veiksniams d\u0117l didel\u0117s e\u017eiuol\u0117s ekstrakto koncentracijos. Reguliarus naudojimas prisideda prie odos barjero stiprinimo ir optimalaus dr\u0117gm\u0117s balanso palaikymo.<\/p>\n<p data-start=\"2321\" data-end=\"2542\">\u0160velni ir lengva tekst\u016bra tolygiai pasiskirsto, greitai \u012fsigeria ir nepalieka riebios pl\u0117vel\u0117s. Pra\u0117jus vos 2\u20133 minut\u0117ms po naudojimo galima tepti dekoratyvin\u0119 kosmetik\u0105, nebijant jos nub\u0117gimo ar netolygaus pasiskirstymo.<\/p>\n<p data-start=\"2544\" data-end=\"2702\">Kremas tinka naudoti bet kuriuo paros metu. J\u012f taip pat galima tepti papildomai po ilgesnio buvimo saul\u0117je arba tada, kai oda jau\u010diasi sausa ar nekomforti\u0161ka.<\/p>\n<p data-start=\"2704\" data-end=\"2720\"><strong data-start=\"2704\" data-end=\"2714\">T\u016bris:<\/strong> 50 ml<\/p>\n<p data-start=\"2722\" data-end=\"2997\">\n","protected":false},"excerpt":{"rendered":"<p data-start=\"2999\" data-end=\"3017\">Kremas sausai odai<\/p>\n<h2 data-start=\"3019\" data-end=\"3084\"><strong data-start=\"3019\" data-end=\"3084\">WIQO &#8211; Nourishing and Moisturizing Cream Dry Skins Savyb\u0117s<\/strong><\/h2>\n<p data-start=\"3086\" data-end=\"3336\">\u2714\ufe0f Suteikia ilgalaik\u012f maitinim\u0105 ir odos komfort\u0105<br data-start=\"3134\" data-end=\"3137\" \/>\u2714\ufe0f Palaiko odos apsauginio barjero funkcijas<br data-start=\"3181\" data-end=\"3184\" \/>\u2714\ufe0f Padeda suma\u017einti odos reaktyvum\u0105 ir sausum\u0105<br data-start=\"3230\" data-end=\"3233\" \/>\u2714\ufe0f Gerina odos glotnum\u0105 ir bendr\u0105 i\u0161vaizd\u0105<br data-start=\"3275\" data-end=\"3278\" \/>\u2714\ufe0f Tinka kasdienei ir po proced\u016br\u0173 atliekamai prie\u017ei\u016brai<\/p>\n","protected":false},"featured_media":65493,"template":"","meta":[],"pwb-brand":[1238],"product_brand":[],"product_cat":[738,740,750],"product_tag":[],"giftcard-category":[],"class_list":{"0":"post-70664","1":"product","2":"type-product","3":"status-publish","4":"has-post-thumbnail","6":"pwb-brand-wiqo","7":"product_cat-drekinimas","8":"product_cat-sausai-odai","9":"product_cat-senstanti-oda","11":"first","12":"instock","13":"taxable","14":"shipping-taxable","15":"purchasable","16":"product-type-simple"},"acf":[],"brands":[{"id":1238,"name":"WiQO","slug":"wiqo"}],"_links":{"self":[{"href":"https:\/\/skinstudio.ee\/lt\/wp-json\/wp\/v2\/product\/70664","targetHints":{"allow":["GET"]}}],"collection":[{"href":"https:\/\/skinstudio.ee\/lt\/wp-json\/wp\/v2\/product"}],"about":[{"href":"https:\/\/skinstudio.ee\/lt\/wp-json\/wp\/v2\/types\/product"}],"version-history":[{"count":0,"href":"https:\/\/skinstudio.ee\/lt\/wp-json\/wp\/v2\/product\/70664\/revisions"}],"wp:featuredmedia":[{"embeddable":true,"href":"https:\/\/skinstudio.ee\/lt\/wp-json\/wp\/v2\/media\/65493"}],"wp:attachment":[{"href":"https:\/\/skinstudio.ee\/lt\/wp-json\/wp\/v2\/media?parent=70664"}],"wp:term":[{"taxonomy":"pwb-brand","embeddable":true,"href":"https:\/\/skinstudio.ee\/lt\/wp-json\/wp\/v2\/pwb-brand?post=70664"},{"taxonomy":"product_brand","embeddable":true,"href":"https:\/\/skinstudio.ee\/lt\/wp-json\/wp\/v2\/product_brand?post=70664"},{"taxonomy":"product_cat","embeddable":true,"href":"https:\/\/skinstudio.ee\/lt\/wp-json\/wp\/v2\/product_cat?post=70664"},{"taxonomy":"product_tag","embeddable":true,"href":"https:\/\/skinstudio.ee\/lt\/wp-json\/wp\/v2\/product_tag?post=70664"},{"taxonomy":"giftcard-category","embeddable":true,"href":"https:\/\/skinstudio.ee\/lt\/wp-json\/wp\/v2\/giftcard-category?post=70664"}],"curies":[{"name":"wp","href":"https:\/\/api.w.org\/{rel}","templated":true}]}}