{"id":70675,"date":"2023-11-30T10:45:09","date_gmt":"2023-11-30T10:45:09","guid":{"rendered":"https:\/\/skinstudio.ee\/?post_type=product&#038;p=70675"},"modified":"2025-12-24T12:26:25","modified_gmt":"2025-12-24T12:26:25","slug":"wiqo-balancing-cream","status":"publish","type":"product","link":"https:\/\/skinstudio.ee\/lt\/catalog\/wiqo\/wiqo-balancing-cream\/","title":{"rendered":"Balancing Cream"},"content":{"rendered":"<p data-start=\"1789\" data-end=\"2076\"><strong data-start=\"1789\" data-end=\"1821\">WiQO Balancing Cream by WIQO<\/strong> \u2013 tai balansuojantis kremas, skirtas kosmetinei riebios ir \u012f akn\u0119 linkusios odos prie\u017ei\u016brai, kai yra perteklinis sebumo kiekis, juodi ta\u0161kai ir i\u0161sipl\u0117tusios poros. Formul\u0117 padeda atkurti odos komfort\u0105 ir palaikyti pri\u017ei\u016br\u0117t\u0105 i\u0161vaizd\u0105 neapsunkinant odos.<\/p>\n<p data-start=\"2078\" data-end=\"2394\">D\u0117l mikronizuotos azelaino r\u016bg\u0161ties, kapsuliuotos salicilo r\u016bg\u0161ties ir fermentuot\u0173 augalini\u0173 ekstrakt\u0173 derinio kremas padeda suma\u017einti nepageidaujam\u0105 blizges\u012f, palaiko tolygesn\u0119 odos tekst\u016br\u0105 ir vizualiai ma\u017eina por\u0173 matomum\u0105. Produktas tinka reguliariam naudojimui kursu ir kasdienei problemati\u0161kos odos prie\u017ei\u016brai.<\/p>\n<p data-start=\"2396\" data-end=\"2667\">WiQO Balancing Cream by WIQO veikia \u0161velniai, palaikydamas nat\u016bralias odos apsaugines funkcijas ir pad\u0117damas i\u0161laikyti pusiausvyr\u0105, taip pat ir po profesionali\u0173 proced\u016br\u0173. Lengva tekst\u016bra lengvai pasiskirsto, greitai \u012fsigeria ir suteikia odai gaivumo bei komforto poj\u016bt\u012f.<\/p>\n<p data-start=\"2669\" data-end=\"2920\"><strong data-start=\"2669\" data-end=\"2694\">Aktyv\u016bs ingredientai:<\/strong> mikronizuota azelaino r\u016bg\u0161tis, kapsuliuota salicilo r\u016bg\u0161tis, pieno r\u016bg\u0161ties bakterij\u0173 ekstraktas, fermentuoti augaliniai ekstraktai, folio r\u016bg\u0161tis, vitaminas E, vitaminas B3 (niacinamidas), azelamidopropildimetilaminas (ADA).<\/p>\n<p data-start=\"2922\" data-end=\"2938\"><strong data-start=\"2922\" data-end=\"2932\">T\u016bris:<\/strong> 30 ml<\/p>\n","protected":false},"excerpt":{"rendered":"<p data-start=\"3139\" data-end=\"3179\">Balansuojantis sebumo reguliavimo kremas<\/p>\n<h2 data-start=\"3181\" data-end=\"3215\"><strong data-start=\"3181\" data-end=\"3215\">WIQO &#8211; Balancing Cream Savyb\u0117s<\/strong><\/h2>\n<p data-start=\"3217\" data-end=\"3424\">\u2714\ufe0f Atkuria odos pusiausvyr\u0105<br data-start=\"3244\" data-end=\"3247\" \/>\u2714\ufe0f Ramina paraudim\u0105 ir sudirgim\u0105<br data-start=\"3279\" data-end=\"3282\" \/>\u2714\ufe0f Apsaugo od\u0105 nuo dehidratacijos<br data-start=\"3315\" data-end=\"3318\" \/>\u2714\ufe0f Stiprina nat\u016bralias odos apsaugines funkcijas<br data-start=\"3366\" data-end=\"3369\" \/>\u2714\ufe0f Padeda kontroliuoti blizges\u012f ir sebumo i\u0161siskyrim\u0105<\/p>\n","protected":false},"featured_media":70676,"template":"","meta":[],"pwb-brand":[1238],"product_brand":[],"product_cat":[742,738,744,748],"product_tag":[],"giftcard-category":[],"class_list":{"0":"post-70675","1":"product","2":"type-product","3":"status-publish","4":"has-post-thumbnail","6":"pwb-brand-wiqo","7":"product_cat-berimai","8":"product_cat-drekinimas","9":"product_cat-issipletusios-poros","10":"product_cat-taukainai-adai-lt","12":"first","13":"instock","14":"taxable","15":"shipping-taxable","16":"purchasable","17":"product-type-simple"},"acf":[],"brands":[{"id":1238,"name":"WiQO","slug":"wiqo"}],"_links":{"self":[{"href":"https:\/\/skinstudio.ee\/lt\/wp-json\/wp\/v2\/product\/70675","targetHints":{"allow":["GET"]}}],"collection":[{"href":"https:\/\/skinstudio.ee\/lt\/wp-json\/wp\/v2\/product"}],"about":[{"href":"https:\/\/skinstudio.ee\/lt\/wp-json\/wp\/v2\/types\/product"}],"version-history":[{"count":0,"href":"https:\/\/skinstudio.ee\/lt\/wp-json\/wp\/v2\/product\/70675\/revisions"}],"wp:featuredmedia":[{"embeddable":true,"href":"https:\/\/skinstudio.ee\/lt\/wp-json\/wp\/v2\/media\/70676"}],"wp:attachment":[{"href":"https:\/\/skinstudio.ee\/lt\/wp-json\/wp\/v2\/media?parent=70675"}],"wp:term":[{"taxonomy":"pwb-brand","embeddable":true,"href":"https:\/\/skinstudio.ee\/lt\/wp-json\/wp\/v2\/pwb-brand?post=70675"},{"taxonomy":"product_brand","embeddable":true,"href":"https:\/\/skinstudio.ee\/lt\/wp-json\/wp\/v2\/product_brand?post=70675"},{"taxonomy":"product_cat","embeddable":true,"href":"https:\/\/skinstudio.ee\/lt\/wp-json\/wp\/v2\/product_cat?post=70675"},{"taxonomy":"product_tag","embeddable":true,"href":"https:\/\/skinstudio.ee\/lt\/wp-json\/wp\/v2\/product_tag?post=70675"},{"taxonomy":"giftcard-category","embeddable":true,"href":"https:\/\/skinstudio.ee\/lt\/wp-json\/wp\/v2\/giftcard-category?post=70675"}],"curies":[{"name":"wp","href":"https:\/\/api.w.org\/{rel}","templated":true}]}}