{"id":70728,"date":"2025-12-23T11:33:16","date_gmt":"2025-12-23T11:33:16","guid":{"rendered":"https:\/\/skinstudio.ee\/?post_type=product&#038;p=70728"},"modified":"2026-02-12T08:38:18","modified_gmt":"2026-02-12T08:38:18","slug":"azelaic-br-13","status":"publish","type":"product","link":"https:\/\/skinstudio.ee\/lt\/catalog\/noon-aesthetics\/azelaic-br-13\/","title":{"rendered":"Azelaic-Br 13%"},"content":{"rendered":"<p data-start=\"2425\" data-end=\"2742\">Azelaic-Br 13% i\u0161 NOON Aesthetics yra profesionali priemon\u0117 hiperpigmentacijos ir melasmos korekcijai, sukurta ilgalaikiam ir saugiam naudojimui. Produktas skirtas darbui su netolygiu odos atspalviu, tamsiomis d\u0117m\u0117mis ir paraudimu, u\u017etikrinant pastebim\u0105 odos i\u0161vaizdos pager\u0117jim\u0105 be dirginimo ir fotosensibilizacijos.<\/p>\n<p data-start=\"2744\" data-end=\"3122\">Priemon\u0117s formul\u0117 pagr\u012fsta biologi\u0161kai prieinama azelaino r\u016bg\u0161timi, kurios koncentracija siekia 13%, tod\u0117l galima veiksmingai paveikti perteklin\u0117s melanino gamybos procesus ir i\u0161laikyti odos komfort\u0105 reguliariai naudojant. Azelaic-Br 13% i\u0161 NOON Aesthetics tinka tiek pigmentacijos atsiradimo prevencijai, tiek ilgalaikei prie\u017ei\u016brai esant jau esantiems pigmentacijos pakitimams.<\/p>\n<p data-start=\"3124\" data-end=\"3400\">Priemon\u0117 tinka odai, turin\u010diai hiperpigmentacij\u0105, melasm\u0105 ir netolyg\u0173 atspalv\u012f, \u012fskaitant jautri\u0105 od\u0105. Gali b\u016bti naudojama odai, linkusiai \u012f paraudim\u0105, taip pat kaip ilgalaik\u0117s palaikomosios prie\u017ei\u016bros dalis. Jautriai odai rekomenduojama palaipsniui didinti naudojimo da\u017enum\u0105.<\/p>\n<p data-start=\"3402\" data-end=\"4064\"><strong data-start=\"3402\" data-end=\"3426\">Aktyv\u016bs ingredientai<\/strong><br data-start=\"3426\" data-end=\"3429\" \/><strong data-start=\"3429\" data-end=\"3449\">Azelaino r\u016bg\u0161tis<\/strong> \u2013 padeda suvienodinti odos atspalv\u012f ir suma\u017einti pigmentacijos matomum\u0105, kontroliuojant perteklin\u0119 melanino gamyb\u0105.<br data-start=\"3565\" data-end=\"3568\" \/><strong data-start=\"3568\" data-end=\"3583\">Glabridinas<\/strong> \u2013 i\u0161 saldymed\u017eio \u0161aknies gautas komponentas, padedantis suma\u017einti tamsi\u0173 d\u0117mi\u0173 matomum\u0105 ir palaikantis apsaug\u0105 nuo oksidacinio streso.<br data-start=\"3718\" data-end=\"3721\" \/><strong data-start=\"3721\" data-end=\"3749\">Oktadecenedioin\u0117 r\u016bg\u0161tis<\/strong> \u2013 prisideda prie odos skaistinimo ir gerina bendr\u0105 jos i\u0161vaizd\u0105.<br data-start=\"3814\" data-end=\"3817\" \/><strong data-start=\"3817\" data-end=\"3832\">Vitaminas E<\/strong> \u2013 suteikia antioksidacin\u0119 apsaug\u0105, padeda saugoti od\u0105 ir ma\u017einti paraudim\u0105.<br data-start=\"3908\" data-end=\"3911\" \/><strong data-start=\"3911\" data-end=\"3941\">DermShield\u2122 ir DermXtreme\u2122<\/strong> \u2013 patentuotos technologijos, didinan\u010dios aktyvi\u0173 ingredient\u0173 efektyvum\u0105 ir biologin\u012f prieinamum\u0105, i\u0161laikant odos komfort\u0105.<\/p>\n<p data-start=\"4066\" data-end=\"4082\"><strong data-start=\"4066\" data-end=\"4076\">T\u016bris:<\/strong> <span data-start=\"1965\" data-end=\"1974\"><strong>15 ml<\/strong> \/ <\/span><strong data-start=\"1975\" data-end=\"1984\">50 ml<\/strong><\/p>\n","protected":false},"excerpt":{"rendered":"<p data-start=\"4396\" data-end=\"4430\">Pigmentacij\u0105 skaistinanti priemon\u0117<\/p>\n<h2 data-start=\"4432\" data-end=\"4476\"><strong data-start=\"4432\" data-end=\"4476\">NOON Aesthetics &#8211; Azelaic-Br 13% Savyb\u0117s<\/strong><\/h2>\n<p data-start=\"4478\" data-end=\"4727\">\u2714\ufe0f Skaistina pigmentacij\u0105 ir suvienodina odos atspalv\u012f<br data-start=\"4532\" data-end=\"4535\" \/>\u2714\ufe0f Ma\u017eina melasmos ir tamsi\u0173 d\u0117mi\u0173 matomum\u0105<br data-start=\"4578\" data-end=\"4581\" \/>\u2714\ufe0f Ma\u017eina paraudim\u0105 ir gerina bendr\u0105 odos i\u0161vaizd\u0105<br data-start=\"4631\" data-end=\"4634\" \/>\u2714\ufe0f Atgaivina odos pavir\u0161i\u0173 ir suteikia glotnumo<br data-start=\"4681\" data-end=\"4684\" \/>\u2714\ufe0f Palaiko ilgalaik\u012f skaistinant\u012f poveik\u012f<\/p>\n","protected":false},"featured_media":70718,"template":"","meta":[],"pwb-brand":[791],"product_brand":[],"product_cat":[746,1150,752,750,724,748,754],"product_tag":[],"giftcard-category":[],"class_list":{"0":"post-70728","1":"product","2":"type-product","3":"status-publish","4":"has-post-thumbnail","6":"pwb-brand-noon-aesthetics","7":"product_cat-jautriai-odai","8":"product_cat-noon-aesthetics-lt","9":"product_cat-pigmentacija-lt","10":"product_cat-senstanti-oda","11":"product_cat-serumai","12":"product_cat-taukainai-adai-lt","13":"product_cat-travel-size-lt","14":"pa_suurus-15ml-lt","15":"pa_suurus-50ml-lt","17":"first","18":"outofstock","19":"taxable","20":"shipping-taxable","21":"purchasable","22":"product-type-variable"},"acf":[],"brands":[{"id":791,"name":"NOON Aesthetics","slug":"noon-aesthetics"}],"_links":{"self":[{"href":"https:\/\/skinstudio.ee\/lt\/wp-json\/wp\/v2\/product\/70728","targetHints":{"allow":["GET"]}}],"collection":[{"href":"https:\/\/skinstudio.ee\/lt\/wp-json\/wp\/v2\/product"}],"about":[{"href":"https:\/\/skinstudio.ee\/lt\/wp-json\/wp\/v2\/types\/product"}],"version-history":[{"count":1,"href":"https:\/\/skinstudio.ee\/lt\/wp-json\/wp\/v2\/product\/70728\/revisions"}],"predecessor-version":[{"id":80055,"href":"https:\/\/skinstudio.ee\/lt\/wp-json\/wp\/v2\/product\/70728\/revisions\/80055"}],"wp:featuredmedia":[{"embeddable":true,"href":"https:\/\/skinstudio.ee\/lt\/wp-json\/wp\/v2\/media\/70718"}],"wp:attachment":[{"href":"https:\/\/skinstudio.ee\/lt\/wp-json\/wp\/v2\/media?parent=70728"}],"wp:term":[{"taxonomy":"pwb-brand","embeddable":true,"href":"https:\/\/skinstudio.ee\/lt\/wp-json\/wp\/v2\/pwb-brand?post=70728"},{"taxonomy":"product_brand","embeddable":true,"href":"https:\/\/skinstudio.ee\/lt\/wp-json\/wp\/v2\/product_brand?post=70728"},{"taxonomy":"product_cat","embeddable":true,"href":"https:\/\/skinstudio.ee\/lt\/wp-json\/wp\/v2\/product_cat?post=70728"},{"taxonomy":"product_tag","embeddable":true,"href":"https:\/\/skinstudio.ee\/lt\/wp-json\/wp\/v2\/product_tag?post=70728"},{"taxonomy":"giftcard-category","embeddable":true,"href":"https:\/\/skinstudio.ee\/lt\/wp-json\/wp\/v2\/giftcard-category?post=70728"}],"curies":[{"name":"wp","href":"https:\/\/api.w.org\/{rel}","templated":true}]}}