{"id":70743,"date":"2025-12-23T11:47:09","date_gmt":"2025-12-23T11:47:09","guid":{"rendered":"https:\/\/skinstudio.ee\/?post_type=product&#038;p=70743"},"modified":"2026-02-12T08:32:42","modified_gmt":"2026-02-12T08:32:42","slug":"azelaic-s-13","status":"publish","type":"product","link":"https:\/\/skinstudio.ee\/lt\/catalog\/noon-aesthetics\/azelaic-s-13\/","title":{"rendered":"Azelaic-S 13%"},"content":{"rendered":"<p data-start=\"2684\" data-end=\"3024\">Azelaic-S 13% i\u0161 NOON Aesthetics yra profesionali priemon\u0117 odos prie\u017ei\u016brai, skirtai odai, linkusiai \u012f b\u0117rimus ir postu\u017edegimin\u0119 hiperpigmentacij\u0105. Produktas sukurtas ilgalaikiam ir saugiam naudojimui ir yra skirtas pagerinti odos b\u016bkl\u0119 esant u\u017edegiminiams elementams, netolygiai tekst\u016brai ir paraudimui be dirginimo ir fotosensibilizacijos.<\/p>\n<p data-start=\"3026\" data-end=\"3365\">Priemon\u0117s formul\u0117 pagr\u012fsta biologi\u0161kai prieinama azelaino r\u016bg\u0161timi, kurios koncentracija yra 13%, kartu su salicilo r\u016bg\u0161timi ir patentuotomis NOON Aesthetics technologijomis. Toks derinys leid\u017eia veiksmingai paveikti u\u017edegiminius procesus, perteklin\u0119 sebumo gamyb\u0105 ir por\u0173 u\u017esikim\u0161im\u0105, i\u0161laikant odos komfort\u0105 net ir reguliariai naudojant.<\/p>\n<p data-start=\"3367\" data-end=\"3600\">Azelaic-S 13% i\u0161 NOON Aesthetics padeda pagerinti odos i\u0161vaizd\u0105 esant aknei, ro\u017einei, sebor\u0117jai ir b\u016bkl\u0117ms, kurias lydi u\u017edegimas ir netolygus odos pavir\u0161ius. Reguliariai naudojant oda atrodo \u0161varesn\u0117, lygesn\u0117 ir vizualiai tolygesn\u0117.<\/p>\n<p data-start=\"3602\" data-end=\"3872\">Priemon\u0117 tinka odai, linkusiai \u012f b\u0117rimus, postu\u017edegimin\u0119 hiperpigmentacij\u0105, paraudim\u0105 ir u\u017edegimines reakcijas, \u012fskaitant jautri\u0105 od\u0105. Gali b\u016bti naudojama kaip ilgalaik\u0117s palaikomosios prie\u017ei\u016bros dalis. Jautriai odai rekomenduojama palaipsniui didinti naudojimo da\u017enum\u0105.<\/p>\n<p data-start=\"3874\" data-end=\"4584\"><strong data-start=\"3874\" data-end=\"3898\">Aktyv\u016bs ingredientai<\/strong><br data-start=\"3898\" data-end=\"3901\" \/><strong>Azelaino r\u016bg\u0161tis<\/strong> \u2013 padeda ma\u017einti u\u017edegimus, suvienodinti odos atspalv\u012f ir suma\u017einti postu\u017edegimin\u0117s pigmentacijos ry\u0161kum\u0105.<br data-start=\"4024\" data-end=\"4027\" \/><strong>Salicilo r\u016bg\u0161tis<\/strong> \u2013 \u0161velniai eksfolijuoja, padeda valyti poras ir ma\u017eina polink\u012f \u012f b\u0117rimus.<br data-start=\"4117\" data-end=\"4120\" \/><strong>Glabridinas<\/strong> \u2013 i\u0161 saldymed\u017eio \u0161aknies gautas komponentas, padedantis suma\u017einti tamsi\u0173 d\u0117mi\u0173 matomum\u0105 ir palaikantis apsaug\u0105 nuo oksidacinio streso.<br data-start=\"4266\" data-end=\"4269\" \/><strong>Augaliniai ekstraktai<\/strong> \u2013 vaisi\u0173 ir augal\u0173 ekstrakt\u0173 kompleksas, pasi\u017eymintis prie\u0161u\u017edegiminiu poveikiu ir padedantis ma\u017einti su akne susijusi\u0173 bakterij\u0173 aktyvum\u0105.<br data-start=\"4430\" data-end=\"4433\" \/><strong>DermShield\u2122 ir DermXtreme\u2122<\/strong> \u2013 patentuotos technologijos, didinan\u010dios aktyvi\u0173 ingredient\u0173 veiksmingum\u0105 ir biologin\u012f prieinamum\u0105, i\u0161laikant odos komfort\u0105.<\/p>\n<p data-start=\"4586\" data-end=\"4602\"><strong data-start=\"4586\" data-end=\"4596\">T\u016bris:<\/strong> 15 ml \/ 50 ml<\/p>\n","protected":false},"excerpt":{"rendered":"<p data-start=\"4941\" data-end=\"4979\">Skaistinanti priemon\u0117 probleminei odai<\/p>\n<h2 data-start=\"4981\" data-end=\"5024\"><strong data-start=\"4981\" data-end=\"5024\">NOON Aesthetics &#8211; Azelaic-S 13% Savyb\u0117s<\/strong><\/h2>\n<p data-start=\"5026\" data-end=\"5218\">\u2714\ufe0f Ma\u017eina odos u\u017edegimin\u012f aktyvum\u0105<br data-start=\"5060\" data-end=\"5063\" \/>\u2714\ufe0f Koreguoja postu\u017edegimin\u0119 pigmentacij\u0105<br data-start=\"5103\" data-end=\"5106\" \/>\u2714\ufe0f Gerina por\u0173 \u0161var\u0105 ir b\u016bkl\u0119<br data-start=\"5135\" data-end=\"5138\" \/>\u2714\ufe0f Subalansuoja sebumo i\u0161siskyrim\u0105 ir odos procesus<br data-start=\"5189\" data-end=\"5192\" \/>\u2714\ufe0f I\u0161lygina odos reljef\u0105<\/p>\n","protected":false},"featured_media":70749,"template":"","meta":[],"pwb-brand":[791],"product_brand":[],"product_cat":[746,1150,752,750,724,748,754],"product_tag":[],"giftcard-category":[],"class_list":{"0":"post-70743","1":"product","2":"type-product","3":"status-publish","4":"has-post-thumbnail","6":"pwb-brand-noon-aesthetics","7":"product_cat-jautriai-odai","8":"product_cat-noon-aesthetics-lt","9":"product_cat-pigmentacija-lt","10":"product_cat-senstanti-oda","11":"product_cat-serumai","12":"product_cat-taukainai-adai-lt","13":"product_cat-travel-size-lt","14":"pa_suurus-15ml-lt","15":"pa_suurus-50ml-lt","17":"first","18":"outofstock","19":"taxable","20":"shipping-taxable","21":"purchasable","22":"product-type-variable"},"acf":[],"brands":[{"id":791,"name":"NOON Aesthetics","slug":"noon-aesthetics"}],"_links":{"self":[{"href":"https:\/\/skinstudio.ee\/lt\/wp-json\/wp\/v2\/product\/70743","targetHints":{"allow":["GET"]}}],"collection":[{"href":"https:\/\/skinstudio.ee\/lt\/wp-json\/wp\/v2\/product"}],"about":[{"href":"https:\/\/skinstudio.ee\/lt\/wp-json\/wp\/v2\/types\/product"}],"version-history":[{"count":1,"href":"https:\/\/skinstudio.ee\/lt\/wp-json\/wp\/v2\/product\/70743\/revisions"}],"predecessor-version":[{"id":80029,"href":"https:\/\/skinstudio.ee\/lt\/wp-json\/wp\/v2\/product\/70743\/revisions\/80029"}],"wp:featuredmedia":[{"embeddable":true,"href":"https:\/\/skinstudio.ee\/lt\/wp-json\/wp\/v2\/media\/70749"}],"wp:attachment":[{"href":"https:\/\/skinstudio.ee\/lt\/wp-json\/wp\/v2\/media?parent=70743"}],"wp:term":[{"taxonomy":"pwb-brand","embeddable":true,"href":"https:\/\/skinstudio.ee\/lt\/wp-json\/wp\/v2\/pwb-brand?post=70743"},{"taxonomy":"product_brand","embeddable":true,"href":"https:\/\/skinstudio.ee\/lt\/wp-json\/wp\/v2\/product_brand?post=70743"},{"taxonomy":"product_cat","embeddable":true,"href":"https:\/\/skinstudio.ee\/lt\/wp-json\/wp\/v2\/product_cat?post=70743"},{"taxonomy":"product_tag","embeddable":true,"href":"https:\/\/skinstudio.ee\/lt\/wp-json\/wp\/v2\/product_tag?post=70743"},{"taxonomy":"giftcard-category","embeddable":true,"href":"https:\/\/skinstudio.ee\/lt\/wp-json\/wp\/v2\/giftcard-category?post=70743"}],"curies":[{"name":"wp","href":"https:\/\/api.w.org\/{rel}","templated":true}]}}