{"id":70763,"date":"2025-12-23T11:59:16","date_gmt":"2025-12-23T11:59:16","guid":{"rendered":"https:\/\/skinstudio.ee\/?post_type=product&#038;p=70763"},"modified":"2026-02-19T10:09:31","modified_gmt":"2026-02-19T10:09:31","slug":"deflame-cream","status":"publish","type":"product","link":"https:\/\/skinstudio.ee\/lt\/catalog\/noon-aesthetics\/deflame-cream\/","title":{"rendered":"DeFlame Cream"},"content":{"rendered":"<p data-start=\"2411\" data-end=\"2719\">DeFlame Cream i\u0161 NOON Aesthetics yra profesionalus raminamasis kremas odai, turin\u010diai paraudim\u0105, sudirgim\u0105 ir susilpn\u0117jusi\u0105 odos barjerin\u0119 funkcij\u0105. Produktas skirtas greitam odos b\u016bkl\u0117s palengvinimui esant ro\u017einei, sebor\u0117jai ir egzemai, taip pat atsistatymo laikotarpiu po estetini\u0173 ir kosmetini\u0173 proced\u016br\u0173.<\/p>\n<p data-start=\"2721\" data-end=\"3044\">Formul\u0117s poveikis nukreiptas \u012f u\u017edegimo, patinimo, deginimo poj\u016b\u010dio ir diskomforto ma\u017einim\u0105. Kremas pradeda veikti beveik i\u0161 karto po naudojimo, pad\u0117damas odai grei\u010diau atsistatyti ir sutrumpindamas reabilitacijos laikotarp\u012f. Reguliariai naudojant oda atrodo ramesn\u0117, labiau pri\u017ei\u016br\u0117ta ir atsparesn\u0117 i\u0161oriniams dirgikliams.<\/p>\n<p data-start=\"3046\" data-end=\"3259\">Priemon\u0117 gali b\u016bti naudojama tiek po proced\u016br\u0173, tiek kasdien\u0117je odos prie\u017ei\u016broje. Ji padeda palaikyti stabili\u0105 odos b\u016bkl\u0119 tarp u\u017edegimini\u0173 epizod\u0173 ir ma\u017eina postu\u017edegimini\u0173 poky\u010di\u0173, \u012fskaitant pigmentacij\u0105, rizik\u0105.<\/p>\n<p data-start=\"3261\" data-end=\"3385\">Priemon\u0117 tinka vis\u0173 tip\u0173 odai, \u012fskaitant jautri\u0105 ir reaktyvi\u0105 od\u0105, ypa\u010d po kosmetini\u0173 proced\u016br\u0173 ar chirurgini\u0173 intervencij\u0173.<\/p>\n<p data-start=\"3387\" data-end=\"4009\"><strong data-start=\"3387\" data-end=\"3411\">Aktyv\u016bs ingredientai<\/strong><br data-start=\"3411\" data-end=\"3414\" \/><strong data-start=\"3414\" data-end=\"3436\">Arnikos ekstraktas<\/strong> \u2014 skatina audini\u0173 atsinaujinim\u0105, padeda ma\u017einti patinim\u0105 ir greitina odos gijim\u0105.<br data-start=\"3518\" data-end=\"3521\" \/><strong data-start=\"3521\" data-end=\"3547\">Seanergy\u2122 (SPS ir DPG)<\/strong> \u2014 patentuotas kompleksas, skirtas greitam u\u017edegimini\u0173 proces\u0173 slopinimui po proced\u016br\u0173 ir sudirgimo ma\u017einimui.<br data-start=\"3657\" data-end=\"3660\" \/><strong data-start=\"3660\" data-end=\"3674\">Alantoinas<\/strong> \u2014 ramina od\u0105, palaiko gijimo procesus, padeda atkurti odos barjer\u0105 ir dr\u0117kina od\u0105.<br data-start=\"3757\" data-end=\"3760\" \/><strong data-start=\"3760\" data-end=\"3822\">Augimo faktoriai (EGF, IGF-1, Acidic FGF, Basic FGF, VEGF)<\/strong> \u2014 dalyvauja regeneracijos procesuose, audini\u0173 atstatyme ir palaiko odos gyvybingum\u0105.<br data-start=\"3907\" data-end=\"3910\" \/><strong data-start=\"3910\" data-end=\"3925\">DermShield\u2122<\/strong> \u2014 technologija, u\u017etikrinanti komforti\u0161k\u0105 aktyvi\u0173j\u0173 komponent\u0173 poveik\u012f be dirginimo.<\/p>\n<p data-start=\"4011\" data-end=\"4027\"><strong data-start=\"4011\" data-end=\"4021\">T\u016bris:<\/strong> 15 ml \/ 50 ml<\/p>\n","protected":false},"excerpt":{"rendered":"<p data-start=\"4354\" data-end=\"4385\">Raminamasis atkuriamasis kremas<\/p>\n<h2 data-start=\"4387\" data-end=\"4430\"><strong data-start=\"4387\" data-end=\"4430\">NOON Aesthetics &#8211; DeFlame Cream Savyb\u0117s<\/strong><\/h2>\n<p data-start=\"4432\" data-end=\"4624\">\u2714\ufe0f Ma\u017eina odos paraudim\u0105 ir u\u017edegim\u0105<br data-start=\"4468\" data-end=\"4471\" \/>\u2714\ufe0f Spartina atsistatym\u0105 po proced\u016br\u0173<br data-start=\"4507\" data-end=\"4510\" \/>\u2714\ufe0f Ma\u017eina patinim\u0105 ir diskomfort\u0105<br data-start=\"4543\" data-end=\"4546\" \/>\u2714\ufe0f Palaiko odos regeneracij\u0105 ir gijim\u0105<br data-start=\"4584\" data-end=\"4587\" \/>\u2714\ufe0f Stiprina odos barjerin\u0119 funkcij\u0105<\/p>\n","protected":false},"featured_media":70755,"template":"","meta":[],"pwb-brand":[791],"product_brand":[],"product_cat":[738,746,1150,750,754],"product_tag":[],"giftcard-category":[],"class_list":{"0":"post-70763","1":"product","2":"type-product","3":"status-publish","4":"has-post-thumbnail","6":"pwb-brand-noon-aesthetics","7":"product_cat-drekinimas","8":"product_cat-jautriai-odai","9":"product_cat-noon-aesthetics-lt","10":"product_cat-senstanti-oda","11":"product_cat-travel-size-lt","12":"pa_suurus-15ml-lt","13":"pa_suurus-50ml-lt","15":"first","16":"instock","17":"taxable","18":"shipping-taxable","19":"purchasable","20":"product-type-variable"},"acf":[],"brands":[{"id":791,"name":"NOON Aesthetics","slug":"noon-aesthetics"}],"_links":{"self":[{"href":"https:\/\/skinstudio.ee\/lt\/wp-json\/wp\/v2\/product\/70763","targetHints":{"allow":["GET"]}}],"collection":[{"href":"https:\/\/skinstudio.ee\/lt\/wp-json\/wp\/v2\/product"}],"about":[{"href":"https:\/\/skinstudio.ee\/lt\/wp-json\/wp\/v2\/types\/product"}],"version-history":[{"count":1,"href":"https:\/\/skinstudio.ee\/lt\/wp-json\/wp\/v2\/product\/70763\/revisions"}],"predecessor-version":[{"id":81014,"href":"https:\/\/skinstudio.ee\/lt\/wp-json\/wp\/v2\/product\/70763\/revisions\/81014"}],"wp:featuredmedia":[{"embeddable":true,"href":"https:\/\/skinstudio.ee\/lt\/wp-json\/wp\/v2\/media\/70755"}],"wp:attachment":[{"href":"https:\/\/skinstudio.ee\/lt\/wp-json\/wp\/v2\/media?parent=70763"}],"wp:term":[{"taxonomy":"pwb-brand","embeddable":true,"href":"https:\/\/skinstudio.ee\/lt\/wp-json\/wp\/v2\/pwb-brand?post=70763"},{"taxonomy":"product_brand","embeddable":true,"href":"https:\/\/skinstudio.ee\/lt\/wp-json\/wp\/v2\/product_brand?post=70763"},{"taxonomy":"product_cat","embeddable":true,"href":"https:\/\/skinstudio.ee\/lt\/wp-json\/wp\/v2\/product_cat?post=70763"},{"taxonomy":"product_tag","embeddable":true,"href":"https:\/\/skinstudio.ee\/lt\/wp-json\/wp\/v2\/product_tag?post=70763"},{"taxonomy":"giftcard-category","embeddable":true,"href":"https:\/\/skinstudio.ee\/lt\/wp-json\/wp\/v2\/giftcard-category?post=70763"}],"curies":[{"name":"wp","href":"https:\/\/api.w.org\/{rel}","templated":true}]}}