{"id":70778,"date":"2025-12-23T12:13:21","date_gmt":"2025-12-23T12:13:21","guid":{"rendered":"https:\/\/skinstudio.ee\/?post_type=product&#038;p=70778"},"modified":"2025-12-30T17:05:46","modified_gmt":"2025-12-30T17:05:46","slug":"pre-procedure-program","status":"publish","type":"product","link":"https:\/\/skinstudio.ee\/lt\/catalog\/noon-aesthetics\/pre-procedure-program\/","title":{"rendered":"Pre-Procedure Program"},"content":{"rendered":"<p data-start=\"2424\" data-end=\"2799\">Pre-Procedure Program i\u0161 NOON Aesthetics yra profesionalus paruo\u0161iamasis rinkinys, skirtas odos stiprinimui ir rizik\u0173 ma\u017einimui prie\u0161 estetines ir kosmetines proced\u016bras. Programa orientuota \u012f odos atsparumo didinim\u0105, barjerin\u0117s funkcijos palaikym\u0105 ir optimali\u0173 odos s\u0105lyg\u0173 suk\u016brim\u0105 prie\u0161 proced\u016bras, padedant suma\u017einti galimas komplikacijas ir pailginti proced\u016br\u0173 rezultatus.<\/p>\n<p data-start=\"2801\" data-end=\"3104\">Rinkinys gali b\u016bti naudojamas tiek prie\u0161, tiek po estetini\u0173 proced\u016br\u0173 ir tinka vis\u0173 tip\u0173 odai. Reguliariai naudojant programoje esan\u010dios priemon\u0117s padeda pagerinti odos tekst\u016br\u0105, suvienodinti odos atspalv\u012f ir sustiprinti odos prisitaikymo geb\u0117jimus, kas ypa\u010d svarbu ruo\u0161iantis profesionaliai prie\u017ei\u016brai.<\/p>\n<p data-start=\"3106\" data-end=\"3229\">Program\u0105 rekomenduojama prad\u0117ti likus 2\u20134 savait\u0117ms iki planuojamos proced\u016bros, laikantis rekomenduojamo prie\u017ei\u016bros re\u017eimo.<\/p>\n","protected":false},"excerpt":{"rendered":"<p data-start=\"4204\" data-end=\"4261\">Profesionali paruo\u0161iamoji odos prie\u017ei\u016bra prie\u0161 proced\u016bras<\/p>\n<h2><strong>\u012e rinkin\u012f NOON Aesthetics &#8211; Pre-Procedure Program \u012feina:<\/strong><\/h2>\n<p data-start=\"4263\" data-end=\"4511\">\u2714\ufe0f C Foaming Cleanser 30 ml<br data-start=\"4353\" data-end=\"4356\" \/>\u2714\ufe0f Retinol Charisma 0.3% 15 ml<br data-start=\"4386\" data-end=\"4389\" \/>\u2714\ufe0f Lacto 10 15 ml<br data-start=\"4406\" data-end=\"4409\" \/>\u2714\ufe0f Optimal Moisturizing Guardian 15 ml<br data-start=\"4447\" data-end=\"4450\" \/>\u2714\ufe0f Vitamin C Serum 15 ml<br data-start=\"4474\" data-end=\"4477\" \/>\u2714\ufe0f TXA-Brightening Complex 15 ml<\/p>\n","protected":false},"featured_media":70770,"template":"","meta":[],"pwb-brand":[791],"product_brand":[],"product_cat":[1150,756],"product_tag":[],"giftcard-category":[],"class_list":{"0":"post-70778","1":"product","2":"type-product","3":"status-publish","4":"has-post-thumbnail","6":"pwb-brand-noon-aesthetics","7":"product_cat-noon-aesthetics-lt","8":"product_cat-rinkinys","10":"first","11":"instock","12":"taxable","13":"shipping-taxable","14":"purchasable","15":"product-type-simple"},"acf":[],"brands":[{"id":791,"name":"NOON Aesthetics","slug":"noon-aesthetics"}],"_links":{"self":[{"href":"https:\/\/skinstudio.ee\/lt\/wp-json\/wp\/v2\/product\/70778","targetHints":{"allow":["GET"]}}],"collection":[{"href":"https:\/\/skinstudio.ee\/lt\/wp-json\/wp\/v2\/product"}],"about":[{"href":"https:\/\/skinstudio.ee\/lt\/wp-json\/wp\/v2\/types\/product"}],"version-history":[{"count":0,"href":"https:\/\/skinstudio.ee\/lt\/wp-json\/wp\/v2\/product\/70778\/revisions"}],"wp:featuredmedia":[{"embeddable":true,"href":"https:\/\/skinstudio.ee\/lt\/wp-json\/wp\/v2\/media\/70770"}],"wp:attachment":[{"href":"https:\/\/skinstudio.ee\/lt\/wp-json\/wp\/v2\/media?parent=70778"}],"wp:term":[{"taxonomy":"pwb-brand","embeddable":true,"href":"https:\/\/skinstudio.ee\/lt\/wp-json\/wp\/v2\/pwb-brand?post=70778"},{"taxonomy":"product_brand","embeddable":true,"href":"https:\/\/skinstudio.ee\/lt\/wp-json\/wp\/v2\/product_brand?post=70778"},{"taxonomy":"product_cat","embeddable":true,"href":"https:\/\/skinstudio.ee\/lt\/wp-json\/wp\/v2\/product_cat?post=70778"},{"taxonomy":"product_tag","embeddable":true,"href":"https:\/\/skinstudio.ee\/lt\/wp-json\/wp\/v2\/product_tag?post=70778"},{"taxonomy":"giftcard-category","embeddable":true,"href":"https:\/\/skinstudio.ee\/lt\/wp-json\/wp\/v2\/giftcard-category?post=70778"}],"curies":[{"name":"wp","href":"https:\/\/api.w.org\/{rel}","templated":true}]}}