{"id":70793,"date":"2025-12-23T12:21:20","date_gmt":"2025-12-23T12:21:20","guid":{"rendered":"https:\/\/skinstudio.ee\/?post_type=product&#038;p=70793"},"modified":"2025-12-30T17:05:46","modified_gmt":"2025-12-30T17:05:46","slug":"post-procedure-program","status":"publish","type":"product","link":"https:\/\/skinstudio.ee\/lt\/catalog\/noon-aesthetics\/post-procedure-program\/","title":{"rendered":"Post-Procedure Program"},"content":{"rendered":"<p data-start=\"2390\" data-end=\"2686\">Post-Procedure Program i\u0161 NOON Aesthetics yra profesionalus atkuriamasis prie\u017ei\u016bros rinkinys, sukurtas paspartinti odos atsistatym\u0105 po estetini\u0173 ir kosmetini\u0173 proced\u016br\u0173. Programa skirta paraudimo, u\u017edegimo ir diskomforto ma\u017einimui bei optimalios odos b\u016bkl\u0117s palaikymui reabilitacijos laikotarpiu.<\/p>\n<p data-start=\"2688\" data-end=\"2973\">\u012e rinkin\u012f \u012feinan\u010dios priemon\u0117s padeda nuraminti od\u0105, palaikyti atsistatymo procesus ir i\u0161saugoti atlikt\u0173 proced\u016br\u0173 rezultatus. DermShield\u2122 technologija u\u017etikrina komforti\u0161k\u0105 aktyvi\u0173j\u0173 komponent\u0173 poveik\u012f, ma\u017eindama sudirginimo rizik\u0105 ir palaikydama od\u0105 jautriu laikotarpiu po proced\u016br\u0173.<\/p>\n<p data-start=\"2975\" data-end=\"3249\">Programa tinka vis\u0173 tip\u0173 odai ir gali b\u016bti naudojama tiek i\u0161 karto po proced\u016br\u0173, tiek kaip palaikomosios prie\u017ei\u016bros dalis. Reguliariai naudojant oda atrodo ramesn\u0117, labiau sudr\u0117kinta ir geriau apsaugota nuo i\u0161orini\u0173 veiksni\u0173, o atsistatymas vyksta tolygiau ir komforti\u0161kiau.<\/p>\n","protected":false},"excerpt":{"rendered":"<p data-start=\"4253\" data-end=\"4305\">Profesionali atkuriamoji odos prie\u017ei\u016bra po proced\u016br\u0173<\/p>\n<h2 data-start=\"4307\" data-end=\"4552\"><strong data-start=\"4307\" data-end=\"4368\">\u012e rinkin\u012f NOON Aesthetics &#8211; Post-Procedure Program \u012feina:<\/strong><\/h2>\n<p data-start=\"4307\" data-end=\"4552\">\u2714\ufe0f C Foaming Cleanser 30 ml<br data-start=\"4398\" data-end=\"4401\" \/>\u2714\ufe0f Smart Occlusive System 15 ml<br data-start=\"4432\" data-end=\"4435\" \/>\u2714\ufe0f Lacto 10 15 ml<br data-start=\"4452\" data-end=\"4455\" \/>\u2714\ufe0f HydroCalming + Vit Complex 15 ml<br data-start=\"4490\" data-end=\"4493\" \/>\u2714\ufe0f DeFlame 15 ml<br data-start=\"4509\" data-end=\"4512\" \/>\u2714\ufe0f MultiVit Sun Protector SPF 30 15 ml<\/p>\n","protected":false},"featured_media":70785,"template":"","meta":[],"pwb-brand":[791],"product_brand":[],"product_cat":[1150,756],"product_tag":[],"giftcard-category":[],"class_list":{"0":"post-70793","1":"product","2":"type-product","3":"status-publish","4":"has-post-thumbnail","6":"pwb-brand-noon-aesthetics","7":"product_cat-noon-aesthetics-lt","8":"product_cat-rinkinys","10":"first","11":"instock","12":"taxable","13":"shipping-taxable","14":"purchasable","15":"product-type-simple"},"acf":[],"brands":[{"id":791,"name":"NOON Aesthetics","slug":"noon-aesthetics"}],"_links":{"self":[{"href":"https:\/\/skinstudio.ee\/lt\/wp-json\/wp\/v2\/product\/70793","targetHints":{"allow":["GET"]}}],"collection":[{"href":"https:\/\/skinstudio.ee\/lt\/wp-json\/wp\/v2\/product"}],"about":[{"href":"https:\/\/skinstudio.ee\/lt\/wp-json\/wp\/v2\/types\/product"}],"version-history":[{"count":0,"href":"https:\/\/skinstudio.ee\/lt\/wp-json\/wp\/v2\/product\/70793\/revisions"}],"wp:featuredmedia":[{"embeddable":true,"href":"https:\/\/skinstudio.ee\/lt\/wp-json\/wp\/v2\/media\/70785"}],"wp:attachment":[{"href":"https:\/\/skinstudio.ee\/lt\/wp-json\/wp\/v2\/media?parent=70793"}],"wp:term":[{"taxonomy":"pwb-brand","embeddable":true,"href":"https:\/\/skinstudio.ee\/lt\/wp-json\/wp\/v2\/pwb-brand?post=70793"},{"taxonomy":"product_brand","embeddable":true,"href":"https:\/\/skinstudio.ee\/lt\/wp-json\/wp\/v2\/product_brand?post=70793"},{"taxonomy":"product_cat","embeddable":true,"href":"https:\/\/skinstudio.ee\/lt\/wp-json\/wp\/v2\/product_cat?post=70793"},{"taxonomy":"product_tag","embeddable":true,"href":"https:\/\/skinstudio.ee\/lt\/wp-json\/wp\/v2\/product_tag?post=70793"},{"taxonomy":"giftcard-category","embeddable":true,"href":"https:\/\/skinstudio.ee\/lt\/wp-json\/wp\/v2\/giftcard-category?post=70793"}],"curies":[{"name":"wp","href":"https:\/\/api.w.org\/{rel}","templated":true}]}}