{"id":71012,"date":"2025-12-23T15:29:13","date_gmt":"2025-12-23T15:29:13","guid":{"rendered":"https:\/\/skinstudio.ee\/?post_type=product&#038;p=71012"},"modified":"2025-12-29T09:56:55","modified_gmt":"2025-12-29T09:56:55","slug":"firming-transformation-mask","status":"publish","type":"product","link":"https:\/\/skinstudio.ee\/lt\/catalog\/image-skincare\/firming-transformation-mask\/","title":{"rendered":"Firming Transformation Mask"},"content":{"rendered":"<p data-start=\"1872\" data-end=\"2162\">Firming Transformation Mask i\u0161 Image Skincare yra prabangi, \u0161velniai \u017evilganti stangrinamoji kauk\u0117, sukurta palaikyti od\u0105, veikiam\u0105 streso ir pirm\u0173j\u0173 matom\u0173 sen\u0117jimo po\u017eymi\u0173. Formul\u0117 padeda atkurti odos balans\u0105, pagerinti bendr\u0105 jos i\u0161vaizd\u0105 ir sustiprinti odos stangrumo bei tankio poj\u016bt\u012f.<\/p>\n<p data-start=\"2164\" data-end=\"2440\">Kauk\u0117 sujungia hialurono r\u016bg\u0161ties dr\u0117kinam\u0105j\u012f poveik\u012f su auk\u0161to grynumo moli\u0173 ir jojobos granuli\u0173 \u0161velniu poliruojan\u010diu efektu, kuris \u0161velniai pa\u0161alina papilk\u0117jim\u0105 ir pagerina odos tekst\u016br\u0105. Retos pipirini\u0173 uog\u0173 augalo ekstraktas palaiko odos komfort\u0105 ir bendr\u0105 jos savijaut\u0105.<\/p>\n<p data-start=\"2442\" data-end=\"2647\"><strong data-start=\"2442\" data-end=\"2491\">Klinikiniais tyrimais patvirtinti rezultatai:<\/strong><\/p>\n<ul>\n<li data-start=\"2442\" data-end=\"2647\">97% naudotoj\u0173 nurod\u0117, kad oda tapo stangresn\u0117*<\/li>\n<li data-start=\"2442\" data-end=\"2647\">90% sutiko, kad oda atrod\u0117 gaivesn\u0117*<\/li>\n<li data-start=\"2442\" data-end=\"2647\">90% nurod\u0117, kad oda atrod\u0117 labiau patempta ir tonizuota*<\/li>\n<\/ul>\n<p data-start=\"2649\" data-end=\"2777\">Reguliariai naudojant oda atrodo lygesn\u0117, gaivesn\u0117 ir labiau pri\u017ei\u016br\u0117ta, o odos atspalvis ir tekst\u016bra tampa vizualiai tolygesni.<\/p>\n<p data-start=\"2779\" data-end=\"2895\">Kauk\u0117 tinka normaliai ir sausai odai, ypa\u010d esant papilk\u0117jusiai odai, suma\u017e\u0117jusiam stangrumui ir nuovargio po\u017eymiams.<\/p>\n<p data-start=\"2897\" data-end=\"2916\"><strong data-start=\"2897\" data-end=\"2907\">T\u016bris:<\/strong> <strong data-start=\"2908\" data-end=\"2916\">57 g<\/strong><\/p>\n","protected":false},"excerpt":{"rendered":"<p data-start=\"3152\" data-end=\"3187\">Stangrinamoji ir atnaujinanti kauk\u0117<\/p>\n<h2 data-start=\"3189\" data-end=\"3251\"><strong data-start=\"3193\" data-end=\"3249\">IMAGE Skincare &#8211; Firming Transformation Mask Savyb\u0117s<\/strong><\/h2>\n<p data-start=\"3252\" data-end=\"3452\">\u2714\ufe0f Pagerina odos stangrum\u0105 ir tank\u012f<br data-start=\"3287\" data-end=\"3290\" \/>\u2714\ufe0f Su\u0161velnina smulki\u0173 linij\u0173 matomum\u0105<br data-start=\"3327\" data-end=\"3330\" \/>\u2714\ufe0f Ma\u017eina papilk\u0117jim\u0105 ir nuovargio po\u017eymius<br data-start=\"3373\" data-end=\"3376\" \/>\u2714\ufe0f Pagerina odos tekst\u016br\u0105 ir atspalv\u012f<br data-start=\"3413\" data-end=\"3416\" \/>\u2714\ufe0f Palieka od\u0105 lygi\u0105 ir pri\u017ei\u016br\u0117t\u0105<\/p>\n","protected":false},"featured_media":71002,"template":"","meta":[],"pwb-brand":[1135],"product_brand":[],"product_cat":[726,740,750],"product_tag":[],"giftcard-category":[],"class_list":{"0":"post-71012","1":"product","2":"type-product","3":"status-publish","4":"has-post-thumbnail","6":"pwb-brand-image-skincare","7":"product_cat-maskas-lt","8":"product_cat-sausai-odai","9":"product_cat-senstanti-oda","11":"first","12":"instock","13":"taxable","14":"shipping-taxable","15":"purchasable","16":"product-type-simple"},"acf":[],"brands":[{"id":1135,"name":"Image Skincare","slug":"image-skincare"}],"_links":{"self":[{"href":"https:\/\/skinstudio.ee\/lt\/wp-json\/wp\/v2\/product\/71012","targetHints":{"allow":["GET"]}}],"collection":[{"href":"https:\/\/skinstudio.ee\/lt\/wp-json\/wp\/v2\/product"}],"about":[{"href":"https:\/\/skinstudio.ee\/lt\/wp-json\/wp\/v2\/types\/product"}],"version-history":[{"count":0,"href":"https:\/\/skinstudio.ee\/lt\/wp-json\/wp\/v2\/product\/71012\/revisions"}],"wp:featuredmedia":[{"embeddable":true,"href":"https:\/\/skinstudio.ee\/lt\/wp-json\/wp\/v2\/media\/71002"}],"wp:attachment":[{"href":"https:\/\/skinstudio.ee\/lt\/wp-json\/wp\/v2\/media?parent=71012"}],"wp:term":[{"taxonomy":"pwb-brand","embeddable":true,"href":"https:\/\/skinstudio.ee\/lt\/wp-json\/wp\/v2\/pwb-brand?post=71012"},{"taxonomy":"product_brand","embeddable":true,"href":"https:\/\/skinstudio.ee\/lt\/wp-json\/wp\/v2\/product_brand?post=71012"},{"taxonomy":"product_cat","embeddable":true,"href":"https:\/\/skinstudio.ee\/lt\/wp-json\/wp\/v2\/product_cat?post=71012"},{"taxonomy":"product_tag","embeddable":true,"href":"https:\/\/skinstudio.ee\/lt\/wp-json\/wp\/v2\/product_tag?post=71012"},{"taxonomy":"giftcard-category","embeddable":true,"href":"https:\/\/skinstudio.ee\/lt\/wp-json\/wp\/v2\/giftcard-category?post=71012"}],"curies":[{"name":"wp","href":"https:\/\/api.w.org\/{rel}","templated":true}]}}