{"id":71053,"date":"2023-05-24T17:56:42","date_gmt":"2023-05-24T17:56:42","guid":{"rendered":"https:\/\/skinstudio.ee\/?post_type=product&#038;p=71053"},"modified":"2025-12-24T12:26:25","modified_gmt":"2025-12-24T12:26:25","slug":"smoothing-face-fluid","status":"publish","type":"product","link":"https:\/\/skinstudio.ee\/lt\/catalog\/wiqo\/smoothing-face-fluid\/","title":{"rendered":"Smoothing Face Fluid"},"content":{"rendered":"<p data-start=\"1270\" data-end=\"1581\">WiQO Smoothing Face Fluid yra pagrindin\u0117 veido odos prie\u017ei\u016bros priemon\u0117 nam\u0173 s\u0105lygomis, skirta intensyviai dr\u0117kinti ir atkurti odos fiziologin\u0119 pusiausvyr\u0105. Skystis padeda \u0161velniai r\u016bg\u0161tinti od\u0105 ir suma\u017einti pH lyg\u012f, u\u017etikrinant profesionalios PRX-T33 proced\u016bros biologinio veikimo mechanizmo tinkam\u0105 u\u017ebaigim\u0105.<\/p>\n<p data-start=\"1583\" data-end=\"1848\">Priemon\u0119 rekomenduojama naudoti odos atsistatymo laikotarpiu po chemini\u0173 piling\u0173 ir kit\u0173 intensyvi\u0173 estetini\u0173 proced\u016br\u0173. Reguliariai naudojant ji padeda palaikyti optimali\u0105 odos b\u016bkl\u0119, pagerina bendr\u0105 jos i\u0161vaizd\u0105 ir sustiprina profesionalios prie\u017ei\u016bros efektyvum\u0105.<\/p>\n<p data-start=\"1850\" data-end=\"1870\"><strong data-start=\"1850\" data-end=\"1860\">T\u016bris:<\/strong> <strong data-start=\"1861\" data-end=\"1870\">30 ml<\/strong><\/p>\n","protected":false},"excerpt":{"rendered":"<p data-start=\"2003\" data-end=\"2047\">Intensyviai dr\u0117kinantis atkuriamasis fluidas<\/p>\n<h2 data-start=\"2049\" data-end=\"2094\"><strong data-start=\"2053\" data-end=\"2092\">WiQO &#8211; Smoothing Face Fluid Savyb\u0117s<\/strong><\/h2>\n<p data-start=\"2095\" data-end=\"2307\">\u2714\ufe0f Skatina odos atsinaujinimo procesus<br data-start=\"2133\" data-end=\"2136\" \/>\u2714\ufe0f I\u0161lygina odos tekst\u016br\u0105 ir atspalv\u012f<br data-start=\"2173\" data-end=\"2176\" \/>\u2714\ufe0f Gerina odos stangrum\u0105 ir elastingum\u0105<br data-start=\"2215\" data-end=\"2218\" \/>\u2714\ufe0f Sustiprina estetini\u0173 proced\u016br\u0173 poveik\u012f<br data-start=\"2259\" data-end=\"2262\" \/>\u2714\ufe0f Palieka od\u0105 lygesn\u0119 ir labiau pri\u017ei\u016br\u0117t\u0105<\/p>\n","protected":false},"featured_media":71054,"template":"","meta":[],"pwb-brand":[1238],"product_brand":[],"product_cat":[742,738,744,752,740,750,724,720,748],"product_tag":[],"giftcard-category":[],"class_list":{"0":"post-71053","1":"product","2":"type-product","3":"status-publish","4":"has-post-thumbnail","6":"pwb-brand-wiqo","7":"product_cat-berimai","8":"product_cat-drekinimas","9":"product_cat-issipletusios-poros","10":"product_cat-pigmentacija-lt","11":"product_cat-sausai-odai","12":"product_cat-senstanti-oda","13":"product_cat-serumai","14":"product_cat-sveitikliai-ir-pilingai","15":"product_cat-taukainai-adai-lt","17":"first","18":"instock","19":"taxable","20":"shipping-taxable","21":"purchasable","22":"product-type-simple"},"acf":[],"brands":[{"id":1238,"name":"WiQO","slug":"wiqo"}],"_links":{"self":[{"href":"https:\/\/skinstudio.ee\/lt\/wp-json\/wp\/v2\/product\/71053","targetHints":{"allow":["GET"]}}],"collection":[{"href":"https:\/\/skinstudio.ee\/lt\/wp-json\/wp\/v2\/product"}],"about":[{"href":"https:\/\/skinstudio.ee\/lt\/wp-json\/wp\/v2\/types\/product"}],"version-history":[{"count":0,"href":"https:\/\/skinstudio.ee\/lt\/wp-json\/wp\/v2\/product\/71053\/revisions"}],"wp:featuredmedia":[{"embeddable":true,"href":"https:\/\/skinstudio.ee\/lt\/wp-json\/wp\/v2\/media\/71054"}],"wp:attachment":[{"href":"https:\/\/skinstudio.ee\/lt\/wp-json\/wp\/v2\/media?parent=71053"}],"wp:term":[{"taxonomy":"pwb-brand","embeddable":true,"href":"https:\/\/skinstudio.ee\/lt\/wp-json\/wp\/v2\/pwb-brand?post=71053"},{"taxonomy":"product_brand","embeddable":true,"href":"https:\/\/skinstudio.ee\/lt\/wp-json\/wp\/v2\/product_brand?post=71053"},{"taxonomy":"product_cat","embeddable":true,"href":"https:\/\/skinstudio.ee\/lt\/wp-json\/wp\/v2\/product_cat?post=71053"},{"taxonomy":"product_tag","embeddable":true,"href":"https:\/\/skinstudio.ee\/lt\/wp-json\/wp\/v2\/product_tag?post=71053"},{"taxonomy":"giftcard-category","embeddable":true,"href":"https:\/\/skinstudio.ee\/lt\/wp-json\/wp\/v2\/giftcard-category?post=71053"}],"curies":[{"name":"wp","href":"https:\/\/api.w.org\/{rel}","templated":true}]}}