{"id":71066,"date":"2023-05-24T17:56:42","date_gmt":"2023-05-24T17:56:42","guid":{"rendered":"https:\/\/skinstudio.ee\/?post_type=product&#038;p=71066"},"modified":"2025-12-24T12:26:25","modified_gmt":"2025-12-24T12:26:25","slug":"firming-anti-drying-body-cream","status":"publish","type":"product","link":"https:\/\/skinstudio.ee\/lt\/catalog\/wiqo\/firming-anti-drying-body-cream\/","title":{"rendered":"Firming Anti-Drying Body Cream"},"content":{"rendered":"<p data-start=\"1575\" data-end=\"1868\">WiQO Firming Anti-Drying Body Cream yra stangrinamasis k\u016bno kremas, jungiantis WiQO\u00ae glotninamojo skys\u010dio savybes su maitinan\u010dio ir dr\u0117kinan\u010dio k\u016bno kremo poveikiu. Formul\u0117 sukurta visapusi\u0161kai k\u016bno odos prie\u017ei\u016brai, kai oda linkusi saus\u0117ti, prarasti elastingum\u0105 ir plon\u0117ti d\u0117l am\u017eiaus poky\u010di\u0173.<\/p>\n<p data-start=\"1870\" data-end=\"2075\">\u017demas pH lygis padeda didinti odos tank\u012f ir ma\u017einti su am\u017eiumi susijus\u012f odos plon\u0117jim\u0105. Glikolio r\u016bg\u0161tis reguliuoja raginio sluoksnio stor\u012f, gerina odos tekst\u016br\u0105 ir skatina tolygesn\u012f dr\u0117gm\u0117s pasiskirstym\u0105.<\/p>\n<p data-start=\"2077\" data-end=\"2295\">Priemon\u0117 padeda didinti odos elastingum\u0105 ir stangrum\u0105, i\u0161lygina odos reljef\u0105 ir ma\u017eina strij\u0173 atsiradimo rizik\u0105. D\u0117l \u0161i\u0173 savybi\u0173 kremas ypa\u010d tinkamas aktyvios k\u016bno prie\u017ei\u016bros laikotarpiu ir ruo\u0161iantis tolygiam \u012fdegiui.<\/p>\n<p data-start=\"2297\" data-end=\"2318\"><strong data-start=\"2297\" data-end=\"2307\">T\u016bris:<\/strong> <strong data-start=\"2308\" data-end=\"2318\">200 ml<\/strong><\/p>\n","protected":false},"excerpt":{"rendered":"<p data-start=\"2542\" data-end=\"2553\">K\u016bno kremas<\/p>\n<h2 data-start=\"2555\" data-end=\"2610\"><strong data-start=\"2559\" data-end=\"2608\">WiQO &#8211; Firming Anti-Drying Body Cream Savyb\u0117s<\/strong><\/h2>\n<p data-start=\"2611\" data-end=\"2825\">\u2714\ufe0f Intensyviai dr\u0117kina ir maitina k\u016bno od\u0105<br data-start=\"2653\" data-end=\"2656\" \/>\u2714\ufe0f Gerina odos elastingum\u0105 ir stangrum\u0105<br data-start=\"2695\" data-end=\"2698\" \/>\u2714\ufe0f Padeda atkurti saus\u0105 ir nusilpusi\u0105 od\u0105<br data-start=\"2739\" data-end=\"2742\" \/>\u2714\ufe0f Palaiko odos apsauginio barjero funkcij\u0105<br data-start=\"2785\" data-end=\"2788\" \/>\u2714\ufe0f Palieka od\u0105 lygi\u0105 ir komforti\u0161k\u0105<\/p>\n","protected":false},"featured_media":65498,"template":"","meta":[],"pwb-brand":[1238],"product_brand":[],"product_cat":[738,758],"product_tag":[],"giftcard-category":[],"class_list":{"0":"post-71066","1":"product","2":"type-product","3":"status-publish","4":"has-post-thumbnail","6":"pwb-brand-wiqo","7":"product_cat-drekinimas","8":"product_cat-kuno-prieziura","10":"first","11":"instock","12":"taxable","13":"shipping-taxable","14":"purchasable","15":"product-type-simple"},"acf":[],"brands":[{"id":1238,"name":"WiQO","slug":"wiqo"}],"_links":{"self":[{"href":"https:\/\/skinstudio.ee\/lt\/wp-json\/wp\/v2\/product\/71066","targetHints":{"allow":["GET"]}}],"collection":[{"href":"https:\/\/skinstudio.ee\/lt\/wp-json\/wp\/v2\/product"}],"about":[{"href":"https:\/\/skinstudio.ee\/lt\/wp-json\/wp\/v2\/types\/product"}],"version-history":[{"count":0,"href":"https:\/\/skinstudio.ee\/lt\/wp-json\/wp\/v2\/product\/71066\/revisions"}],"wp:featuredmedia":[{"embeddable":true,"href":"https:\/\/skinstudio.ee\/lt\/wp-json\/wp\/v2\/media\/65498"}],"wp:attachment":[{"href":"https:\/\/skinstudio.ee\/lt\/wp-json\/wp\/v2\/media?parent=71066"}],"wp:term":[{"taxonomy":"pwb-brand","embeddable":true,"href":"https:\/\/skinstudio.ee\/lt\/wp-json\/wp\/v2\/pwb-brand?post=71066"},{"taxonomy":"product_brand","embeddable":true,"href":"https:\/\/skinstudio.ee\/lt\/wp-json\/wp\/v2\/product_brand?post=71066"},{"taxonomy":"product_cat","embeddable":true,"href":"https:\/\/skinstudio.ee\/lt\/wp-json\/wp\/v2\/product_cat?post=71066"},{"taxonomy":"product_tag","embeddable":true,"href":"https:\/\/skinstudio.ee\/lt\/wp-json\/wp\/v2\/product_tag?post=71066"},{"taxonomy":"giftcard-category","embeddable":true,"href":"https:\/\/skinstudio.ee\/lt\/wp-json\/wp\/v2\/giftcard-category?post=71066"}],"curies":[{"name":"wp","href":"https:\/\/api.w.org\/{rel}","templated":true}]}}