{"id":71416,"date":"2025-12-30T12:43:26","date_gmt":"2025-12-30T12:43:26","guid":{"rendered":"https:\/\/skinstudio.ee\/?post_type=product&#038;p=71416"},"modified":"2025-12-30T12:47:32","modified_gmt":"2025-12-30T12:47:32","slug":"plumping-glow-jelly-pot","status":"publish","type":"product","link":"https:\/\/skinstudio.ee\/lt\/catalog\/telse\/plumping-glow-jelly-pot\/","title":{"rendered":"Plumping Glow Jelly Pot"},"content":{"rendered":"<p data-start=\"1679\" data-end=\"1964\"><strong data-start=\"1679\" data-end=\"1717\">Plumping Glow Jelly Pot nuo T&#8217;else<\/strong> \u2013 tai \u017eel\u0117 tekst\u016bros l\u016bp\u0173 prie\u017ei\u016bros priemon\u0117, sukurta suteikti l\u016bpoms vizualaus putlumo, glotnumo ir nat\u016bralaus \u0161vyt\u0117jimo. Formul\u0117 padeda palaikyti l\u016bp\u0173 komfort\u0105, ma\u017eina sausumo poj\u016bt\u012f ir suteikia joms labiau pri\u017ei\u016br\u0117t\u0105 bei i\u0161rai\u0161king\u0105 i\u0161vaizd\u0105.<\/p>\n<p data-start=\"1966\" data-end=\"2201\">Lengva gelin\u0117 tekst\u016bra maloniai jau\u010diasi ant l\u016bp\u0173, tolygiai pasiskirsto ir suteikia \u0161veln\u0173 putlinant\u012f efekt\u0105 be lipnumo poj\u016b\u010dio. Priemon\u0117 pary\u0161kina nat\u016brali\u0105 l\u016bp\u0173 spalv\u0105, suteikdama joms gaiv\u0173, pri\u017ei\u016br\u0117t\u0105 vaizd\u0105 ir subtil\u0173 glow efekt\u0105.<\/p>\n<p data-start=\"2203\" data-end=\"2413\"><strong data-start=\"2203\" data-end=\"2239\">T&#8217;else &#8211; Plumping Glow Jelly Pot<\/strong> tinka kasdieniam naudojimui. Gali b\u016bti naudojama kaip savaranki\u0161ka l\u016bp\u0173 prie\u017ei\u016bros priemon\u0117, kaip paskutinis makia\u017eo \u017eingsnis arba kaip dr\u0117kinamasis pagrindas prie\u0161 l\u016bpda\u017e\u012f.<\/p>\n<p data-start=\"2415\" data-end=\"2429\"><strong data-start=\"2415\" data-end=\"2425\">T\u016bris:<\/strong> 9 g<\/p>\n","protected":false},"excerpt":{"rendered":"<p data-start=\"2540\" data-end=\"2576\">Dr\u0117kinamoji l\u016bp\u0173 prie\u017ei\u016bros priemon\u0117<\/p>\n<h2 data-start=\"2578\" data-end=\"2622\"><strong data-start=\"2578\" data-end=\"2622\">T&#8217;else &#8211; Plumping Glow Jelly Pot Savyb\u0117s<\/strong><\/h2>\n<p data-start=\"2624\" data-end=\"2830\">\u2714\ufe0f Dr\u0117kina ir mink\u0161tina l\u016bp\u0173 od\u0105<br data-start=\"2656\" data-end=\"2659\" \/>\u2714\ufe0f Vizualiai suteikia l\u016bpoms putlumo ir glotnumo<br data-start=\"2707\" data-end=\"2710\" \/>\u2714\ufe0f Suteikia nat\u016bralaus \u0161vyt\u0117jimo efekt\u0105<br data-start=\"2749\" data-end=\"2752\" \/>\u2714\ufe0f Padaro l\u016bpas pri\u017ei\u016br\u0117tas ir i\u0161rai\u0161kingas<br data-start=\"2795\" data-end=\"2798\" \/>\u2714\ufe0f Tinka kasdieniam naudojimui<\/p>\n","protected":false},"featured_media":71408,"template":"","meta":[],"pwb-brand":[709],"product_brand":[],"product_cat":[760],"product_tag":[],"giftcard-category":[],"class_list":{"0":"post-71416","1":"product","2":"type-product","3":"status-publish","4":"has-post-thumbnail","6":"pwb-brand-telse","7":"product_cat-lupu-prieziura","9":"first","10":"instock","11":"taxable","12":"shipping-taxable","13":"purchasable","14":"product-type-simple"},"acf":[],"brands":[{"id":709,"name":"T'else","slug":"telse"}],"_links":{"self":[{"href":"https:\/\/skinstudio.ee\/lt\/wp-json\/wp\/v2\/product\/71416","targetHints":{"allow":["GET"]}}],"collection":[{"href":"https:\/\/skinstudio.ee\/lt\/wp-json\/wp\/v2\/product"}],"about":[{"href":"https:\/\/skinstudio.ee\/lt\/wp-json\/wp\/v2\/types\/product"}],"version-history":[{"count":1,"href":"https:\/\/skinstudio.ee\/lt\/wp-json\/wp\/v2\/product\/71416\/revisions"}],"predecessor-version":[{"id":71417,"href":"https:\/\/skinstudio.ee\/lt\/wp-json\/wp\/v2\/product\/71416\/revisions\/71417"}],"wp:featuredmedia":[{"embeddable":true,"href":"https:\/\/skinstudio.ee\/lt\/wp-json\/wp\/v2\/media\/71408"}],"wp:attachment":[{"href":"https:\/\/skinstudio.ee\/lt\/wp-json\/wp\/v2\/media?parent=71416"}],"wp:term":[{"taxonomy":"pwb-brand","embeddable":true,"href":"https:\/\/skinstudio.ee\/lt\/wp-json\/wp\/v2\/pwb-brand?post=71416"},{"taxonomy":"product_brand","embeddable":true,"href":"https:\/\/skinstudio.ee\/lt\/wp-json\/wp\/v2\/product_brand?post=71416"},{"taxonomy":"product_cat","embeddable":true,"href":"https:\/\/skinstudio.ee\/lt\/wp-json\/wp\/v2\/product_cat?post=71416"},{"taxonomy":"product_tag","embeddable":true,"href":"https:\/\/skinstudio.ee\/lt\/wp-json\/wp\/v2\/product_tag?post=71416"},{"taxonomy":"giftcard-category","embeddable":true,"href":"https:\/\/skinstudio.ee\/lt\/wp-json\/wp\/v2\/giftcard-category?post=71416"}],"curies":[{"name":"wp","href":"https:\/\/api.w.org\/{rel}","templated":true}]}}