{"id":71425,"date":"2025-08-27T13:03:07","date_gmt":"2025-08-27T13:03:07","guid":{"rendered":"https:\/\/skinstudio.ee\/?post_type=product&#038;p=71425"},"modified":"2026-02-25T12:06:35","modified_gmt":"2026-02-25T12:06:35","slug":"soothing-repair-postcream","status":"publish","type":"product","link":"https:\/\/skinstudio.ee\/lt\/catalog\/genosys\/soothing-repair-postcream\/","title":{"rendered":"Soothing Repair PostCream"},"content":{"rendered":"<p data-start=\"2245\" data-end=\"2533\"><strong data-start=\"2245\" data-end=\"2286\">Soothing Repair PostCream nuo Genosys<\/strong> \u2013 itin intensyvus baigiamasis kremas, skirtas odos prie\u017ei\u016brai po invazini\u0173 estetini\u0173 proced\u016br\u0173. Priemon\u0117 padeda suma\u017einti diskomfort\u0105, palaiko odos atsistatym\u0105 ir padeda i\u0161laikyti subalansuot\u0105, pri\u017ei\u016br\u0117t\u0105 odos i\u0161vaizd\u0105 reabilitacijos laikotarpiu.<\/p>\n<p data-start=\"2535\" data-end=\"2843\">Krem\u0105 rekomenduojama naudoti po mikroadatin\u0117s terapijos, chemini\u0173 piling\u0173, injekcini\u0173 proced\u016br\u0173 ir lazerinio \u0161lifavimo. Formul\u0117 pasi\u017eymi auk\u0161tu saugumo lygiu ir neturi etanolio, paraben\u0173, dirbtini\u0173 kvapikli\u0173, pigment\u0173 ar sintetini\u0173 pavir\u0161iaus aktyvi\u0173j\u0173 med\u017eiag\u0173, tod\u0117l tinka ir nusilpusiai bei jautriai odai.<\/p>\n<p data-start=\"2845\" data-end=\"2986\">Formul\u0117s pagrind\u0105 sudaro pagrindin\u0117s aktyviosios med\u017eiagos, naudojamos visuose Genosys kremuose, kurios sinergi\u0161kai palaiko odos atsistatym\u0105:<\/p>\n<ul data-start=\"2987\" data-end=\"3522\">\n<li data-start=\"2987\" data-end=\"3102\">\n<p data-start=\"2989\" data-end=\"3102\"><strong data-start=\"2989\" data-end=\"3036\">Vigna radiata (auksini\u0173 pupeli\u0173) ekstraktas<\/strong> \u2013 suteikia antioksidacin\u0119 apsaug\u0105 ir palaiko odos regeneracij\u0105.<\/p>\n<\/li>\n<li data-start=\"3103\" data-end=\"3224\">\n<p data-start=\"3105\" data-end=\"3224\"><strong data-start=\"3105\" data-end=\"3142\">Japoni\u0161ko ber\u017eo \u017eiev\u0117s ekstraktas<\/strong> \u2013 padeda ma\u017einti u\u017edegimines reakcijas ir palaiko odos apsauginius mechanizmus.<\/p>\n<\/li>\n<li data-start=\"3225\" data-end=\"3327\">\n<p data-start=\"3227\" data-end=\"3327\"><strong data-start=\"3227\" data-end=\"3273\">Garbanotosios r\u016bg\u0161tyn\u0117s \u0161aknies ekstraktas<\/strong> \u2013 padeda nuraminti sudirgim\u0105 ir palaiko odos \u0161var\u0105.<\/p>\n<\/li>\n<li data-start=\"3328\" data-end=\"3454\">\n<p data-start=\"3330\" data-end=\"3454\"><strong data-start=\"3330\" data-end=\"3392\">Laktobakterij\u0173 \/ moli\u016bgo mink\u0161timo fermentuotas ekstraktas<\/strong> \u2013 padeda nuraminti, sumink\u0161tinti od\u0105 ir pagerinti komfort\u0105.<\/p>\n<\/li>\n<li data-start=\"3455\" data-end=\"3522\">\n<p data-start=\"3457\" data-end=\"3522\"><strong data-start=\"3457\" data-end=\"3475\">Beta-gliukanas<\/strong> \u2013 padeda ma\u017einti paraudim\u0105 ir odos reaktyvum\u0105.<\/p>\n<\/li>\n<\/ul>\n<p data-start=\"3524\" data-end=\"3668\">Tinka vis\u0173 tip\u0173 odai, \u012fskaitant jautri\u0105, reaktyvi\u0105 ir nusilpusi\u0105 od\u0105, ypa\u010d rekomenduojamas odos atstatymui po profesionali\u0173 estetini\u0173 proced\u016br\u0173.<\/p>\n<p data-start=\"3670\" data-end=\"3687\"><strong data-start=\"3670\" data-end=\"3680\">T\u016bris:<\/strong> 20 ml \/ 100 ml<\/p>\n","protected":false},"excerpt":{"rendered":"<p data-start=\"3890\" data-end=\"3932\">Atkuriamasis kremas po invazini\u0173 proced\u016br\u0173<\/p>\n<h2 data-start=\"3934\" data-end=\"3981\"><strong data-start=\"3934\" data-end=\"3981\">Genosys &#8211; Soothing Repair PostCream Savyb\u0117s<\/strong><\/h2>\n<p data-start=\"3983\" data-end=\"4199\">\u2714\ufe0f Pagreitina odos atsistatym\u0105 po proced\u016br\u0173<br data-start=\"4026\" data-end=\"4029\" \/>\u2714\ufe0f Ma\u017eina paraudim\u0105 ir odos reaktyvum\u0105<br data-start=\"4067\" data-end=\"4070\" \/>\u2714\ufe0f Palaiko prie\u0161u\u017edegimin\u0119 odos pusiausvyr\u0105<br data-start=\"4113\" data-end=\"4116\" \/>\u2714\ufe0f Ramina ir mink\u0161tina jautri\u0105 od\u0105<br data-start=\"4150\" data-end=\"4153\" \/>\u2714\ufe0f Palaiko odos apsauginio barjero funkcijas<\/p>\n","protected":false},"featured_media":61542,"template":"","meta":[],"pwb-brand":[1242],"product_brand":[],"product_cat":[738,746,740,754],"product_tag":[],"giftcard-category":[],"class_list":{"0":"post-71425","1":"product","2":"type-product","3":"status-publish","4":"has-post-thumbnail","6":"pwb-brand-genosys","7":"product_cat-drekinimas","8":"product_cat-jautriai-odai","9":"product_cat-sausai-odai","10":"product_cat-travel-size-lt","11":"pa_suurus-100ml-lt","12":"pa_suurus-20ml-lt","14":"first","15":"instock","16":"taxable","17":"shipping-taxable","18":"purchasable","19":"product-type-variable"},"acf":[],"brands":[{"id":1242,"name":"Genosys","slug":"genosys"}],"_links":{"self":[{"href":"https:\/\/skinstudio.ee\/lt\/wp-json\/wp\/v2\/product\/71425","targetHints":{"allow":["GET"]}}],"collection":[{"href":"https:\/\/skinstudio.ee\/lt\/wp-json\/wp\/v2\/product"}],"about":[{"href":"https:\/\/skinstudio.ee\/lt\/wp-json\/wp\/v2\/types\/product"}],"version-history":[{"count":2,"href":"https:\/\/skinstudio.ee\/lt\/wp-json\/wp\/v2\/product\/71425\/revisions"}],"predecessor-version":[{"id":83674,"href":"https:\/\/skinstudio.ee\/lt\/wp-json\/wp\/v2\/product\/71425\/revisions\/83674"}],"wp:featuredmedia":[{"embeddable":true,"href":"https:\/\/skinstudio.ee\/lt\/wp-json\/wp\/v2\/media\/61542"}],"wp:attachment":[{"href":"https:\/\/skinstudio.ee\/lt\/wp-json\/wp\/v2\/media?parent=71425"}],"wp:term":[{"taxonomy":"pwb-brand","embeddable":true,"href":"https:\/\/skinstudio.ee\/lt\/wp-json\/wp\/v2\/pwb-brand?post=71425"},{"taxonomy":"product_brand","embeddable":true,"href":"https:\/\/skinstudio.ee\/lt\/wp-json\/wp\/v2\/product_brand?post=71425"},{"taxonomy":"product_cat","embeddable":true,"href":"https:\/\/skinstudio.ee\/lt\/wp-json\/wp\/v2\/product_cat?post=71425"},{"taxonomy":"product_tag","embeddable":true,"href":"https:\/\/skinstudio.ee\/lt\/wp-json\/wp\/v2\/product_tag?post=71425"},{"taxonomy":"giftcard-category","embeddable":true,"href":"https:\/\/skinstudio.ee\/lt\/wp-json\/wp\/v2\/giftcard-category?post=71425"}],"curies":[{"name":"wp","href":"https:\/\/api.w.org\/{rel}","templated":true}]}}