{"id":71440,"date":"2025-08-07T10:08:39","date_gmt":"2025-08-07T10:08:39","guid":{"rendered":"https:\/\/skinstudio.ee\/?post_type=product&#038;p=71440"},"modified":"2026-01-19T15:20:24","modified_gmt":"2026-01-19T15:20:24","slug":"eye-contour-serum","status":"publish","type":"product","link":"https:\/\/skinstudio.ee\/lt\/catalog\/genosys\/eye-contour-serum\/","title":{"rendered":"Eye Contour Serum"},"content":{"rendered":"<p data-start=\"1554\" data-end=\"1804\"><strong data-start=\"1554\" data-end=\"1587\">Eye Contour Serum nuo Genosys<\/strong> \u2013 specializuotas serumas jautriai paaki\u0173 sri\u010diai, padedantis suma\u017einti rauk\u0161li\u0173, tamsi\u0173 ratil\u0173 ir paburkim\u0173 matomum\u0105. Priemon\u0117 suteikia gaivesn\u0119, pails\u0117jusi\u0105 i\u0161vaizd\u0105 ir gerina bendr\u0105 periokulin\u0117s srities odos b\u016bkl\u0119.<\/p>\n<p data-start=\"1806\" data-end=\"1909\">Serumo formul\u0117 sujungia tikslingas aktyvi\u0105sias med\u017eiagas, orientuotas \u012f sen\u0117jimo ir nuovargio po\u017eymius:<\/p>\n<ul data-start=\"1910\" data-end=\"2221\">\n<li data-start=\"1910\" data-end=\"2006\">\n<p data-start=\"1912\" data-end=\"2006\"><strong data-start=\"1912\" data-end=\"1934\">Peptid\u0173 kompleksas<\/strong> \u2013 padeda glotninti rauk\u0161les ir gerinti odos stangrum\u0105 paaki\u0173 srityje.<\/p>\n<\/li>\n<li data-start=\"2007\" data-end=\"2129\">\n<p data-start=\"2009\" data-end=\"2129\"><strong data-start=\"2009\" data-end=\"2053\">Augalini\u0173 kamienini\u0173 l\u0105steli\u0173 ekstraktai<\/strong> \u2013 palaiko odos atsinaujinim\u0105 ir padeda l\u0117tinti matomus sen\u0117jimo procesus.<\/p>\n<\/li>\n<li data-start=\"2130\" data-end=\"2221\">\n<p data-start=\"2132\" data-end=\"2221\"><strong data-start=\"2132\" data-end=\"2159\">Dr\u0117kinamosios med\u017eiagos<\/strong> \u2013 padeda palaikyti dr\u0117gm\u0119 ir komfort\u0105 jautrioje aki\u0173 srityje.<\/p>\n<\/li>\n<\/ul>\n<p data-start=\"2223\" data-end=\"2370\">Serumas padeda i\u0161lyginti odos pavir\u0161i\u0173, suma\u017einti tamsius ratilus ir paburkimus bei palaiko odos tank\u012f, ma\u017eindamas nuovargio po\u017eymius vok\u0173 srityje.<\/p>\n<p data-start=\"2372\" data-end=\"2505\">Tinka vis\u0173 tip\u0173 odai, \u012fskaitant jautri\u0105, ir rekomenduojamas esant rauk\u0161l\u0117ms, tamsiems ratilams, paburkimui ir pavargusiam \u017evilgsniui.<\/p>\n<p data-start=\"2507\" data-end=\"2523\"><strong data-start=\"2507\" data-end=\"2517\">T\u016bris:<\/strong> 10 ml<\/p>\n","protected":false},"excerpt":{"rendered":"<p data-start=\"2637\" data-end=\"2667\">Intensyvus paaki\u0173 koncentratas<\/p>\n<h2 data-start=\"2669\" data-end=\"2708\"><strong data-start=\"2669\" data-end=\"2708\">Genosys &#8211; Eye Contour Serum Savyb\u0117s<\/strong><\/h2>\n<p data-start=\"2710\" data-end=\"2918\">\u2714\ufe0f Ma\u017eina paburkim\u0105 ir tamsius ratilus<br data-start=\"2748\" data-end=\"2751\" \/>\u2714\ufe0f Glotnina rauk\u0161les ir didina stangrum\u0105<br data-start=\"2791\" data-end=\"2794\" \/>\u2714\ufe0f Palaiko liftingo efekt\u0105 paaki\u0173 srityje<br data-start=\"2835\" data-end=\"2838\" \/>\u2714\ufe0f Intensyviai dr\u0117kina jautri\u0105 paaki\u0173 od\u0105<br data-start=\"2879\" data-end=\"2882\" \/>\u2714\ufe0f Atgaivina ir pary\u0161kina \u017evilgsn\u012f<\/p>\n","protected":false},"featured_media":40063,"template":"","meta":[],"pwb-brand":[1242],"product_brand":[],"product_cat":[738,734,750,724],"product_tag":[],"giftcard-category":[],"class_list":{"0":"post-71440","1":"product","2":"type-product","3":"status-publish","4":"has-post-thumbnail","6":"pwb-brand-genosys","7":"product_cat-drekinimas","8":"product_cat-oda-aplink-akis","9":"product_cat-senstanti-oda","10":"product_cat-serumai","12":"first","13":"instock","14":"taxable","15":"shipping-taxable","16":"purchasable","17":"product-type-simple"},"acf":[],"brands":[{"id":1242,"name":"Genosys","slug":"genosys"}],"_links":{"self":[{"href":"https:\/\/skinstudio.ee\/lt\/wp-json\/wp\/v2\/product\/71440","targetHints":{"allow":["GET"]}}],"collection":[{"href":"https:\/\/skinstudio.ee\/lt\/wp-json\/wp\/v2\/product"}],"about":[{"href":"https:\/\/skinstudio.ee\/lt\/wp-json\/wp\/v2\/types\/product"}],"version-history":[{"count":1,"href":"https:\/\/skinstudio.ee\/lt\/wp-json\/wp\/v2\/product\/71440\/revisions"}],"predecessor-version":[{"id":71441,"href":"https:\/\/skinstudio.ee\/lt\/wp-json\/wp\/v2\/product\/71440\/revisions\/71441"}],"wp:featuredmedia":[{"embeddable":true,"href":"https:\/\/skinstudio.ee\/lt\/wp-json\/wp\/v2\/media\/40063"}],"wp:attachment":[{"href":"https:\/\/skinstudio.ee\/lt\/wp-json\/wp\/v2\/media?parent=71440"}],"wp:term":[{"taxonomy":"pwb-brand","embeddable":true,"href":"https:\/\/skinstudio.ee\/lt\/wp-json\/wp\/v2\/pwb-brand?post=71440"},{"taxonomy":"product_brand","embeddable":true,"href":"https:\/\/skinstudio.ee\/lt\/wp-json\/wp\/v2\/product_brand?post=71440"},{"taxonomy":"product_cat","embeddable":true,"href":"https:\/\/skinstudio.ee\/lt\/wp-json\/wp\/v2\/product_cat?post=71440"},{"taxonomy":"product_tag","embeddable":true,"href":"https:\/\/skinstudio.ee\/lt\/wp-json\/wp\/v2\/product_tag?post=71440"},{"taxonomy":"giftcard-category","embeddable":true,"href":"https:\/\/skinstudio.ee\/lt\/wp-json\/wp\/v2\/giftcard-category?post=71440"}],"curies":[{"name":"wp","href":"https:\/\/api.w.org\/{rel}","templated":true}]}}